{"id":557,"date":"2021-01-08T14:04:06","date_gmt":"2021-01-08T14:04:06","guid":{"rendered":"https:\/\/www.cliniqueveterinairegrosbois.fr\/?page_id=557"},"modified":"2021-06-14T12:41:20","modified_gmt":"2021-06-14T12:41:20","slug":"arthroscopie","status":"publish","type":"page","link":"https:\/\/www.cliniqueveterinairegrosbois.fr\/fr\/departements\/chirurgie\/arthroscopie\/","title":{"rendered":"Arthroscopie"},"content":{"rendered":"<section class=\"block-grid-wrapper block-grid-for-core-paragraph\">\n      <div class=\"default-editor-content grid-for-core-paragraph grid-container\">\n        <div class=\"grid-x grid-padding-x align-center\">\n          <div class=\"cell\">\n            \n<p><\/p>\n          <\/div>\n        <\/div>\n      <\/div>\n\n      <\/section>\n\n\n<section class=\"page-banner-section no-banner-page-section\" itemprop=\"hasPart\" itemscope itemtype=\"https:\/\/schema.org\/WebPageElement\">\n  \n    <section class=\"block-grid-wrapper block-grid-for-core-heading banner-heading banner-heading-\">\n      \n      <div class=\"default-editor-content grid-for-core-heading grid-container\">\n        <div class=\"grid-x grid-padding-x align-center\">\n          <div class=\"cell\">\n                        <h1>Arthroscopie<\/h1>\n                      <\/div>\n        <\/div>\n      <\/div>\n    <\/section>\n\n  <\/section>\n\n\n<section class=\"block-grid-wrapper block-grid-for-core-paragraph\">\n      <div class=\"default-editor-content grid-for-core-paragraph grid-container\">\n        <div class=\"grid-x grid-padding-x align-center\">\n          <div class=\"cell\">\n            \n<p>L\u2019arthroscopie consiste \u00e0 placer une cam\u00e9ra et divers instruments par des petites incisions au travers de la peau et de la capsule articulaire.<\/p>\n          <\/div>\n        <\/div>\n      <\/div>\n\n      <\/section>\n\n<section class=\"block-grid-wrapper block-grid-for-core-paragraph\">\n      <div class=\"default-editor-content grid-for-core-paragraph grid-container\">\n        <div class=\"grid-x grid-padding-x align-center\">\n          <div class=\"cell\">\n            \n<p>Cette technique permet d\u2019explorer les articulations. Elle s\u2019applique \u00e9galement dans les gaines tendineuses, on parle alors de t\u00e9noscopie.<\/p>\n          <\/div>\n        <\/div>\n      <\/div>\n\n      <\/section>\n\n<section class=\"block-grid-wrapper block-grid-for-core-paragraph\">\n      <div class=\"default-editor-content grid-for-core-paragraph grid-container\">\n        <div class=\"grid-x grid-padding-x align-center\">\n          <div class=\"cell\">\n            \n<p>Les arthroscopies sont g\u00e9n\u00e9ralement r\u00e9alis\u00e9es sous anesth\u00e9sie g\u00e9n\u00e9rale et doivent imp\u00e9rativement \u00eatre r\u00e9alis\u00e9es st\u00e9rilement.<\/p>\n          <\/div>\n        <\/div>\n      <\/div>\n\n      <\/section>\n\n<section class=\"block-grid-wrapper block-grid-for-core-image\">\n      <div class=\"default-editor-content grid-for-core-image grid-container\">\n        <div class=\"grid-x grid-padding-x align-center\">\n          <div class=\"cell\">\n            \n<figure class=\"wp-block-image size-large\"><img loading=\"lazy\" decoding=\"async\" width=\"683\" height=\"220\" src=\"https:\/\/www.cliniqueveterinairegrosbois.fr\/wp-content\/uploads\/2021\/05\/Arthroscopie.png\" alt=\"Arthroscopie\" class=\"wp-image-3010\" srcset=\"https:\/\/www.cliniqueveterinairegrosbois.fr\/wp-content\/uploads\/2021\/05\/Arthroscopie.png 683w, https:\/\/www.cliniqueveterinairegrosbois.fr\/wp-content\/uploads\/2021\/05\/Arthroscopie-300x97.png 300w, https:\/\/www.cliniqueveterinairegrosbois.fr\/wp-content\/uploads\/2021\/05\/Arthroscopie-100x32.png 100w\" sizes=\"(max-width: 683px) 100vw, 683px\" \/><\/figure>\n          <\/div>\n        <\/div>\n      <\/div>\n\n      <\/section>\n\n<section class=\"block-grid-wrapper block-grid-for-core-paragraph\">\n      <div class=\"default-editor-content grid-for-core-paragraph grid-container\">\n        <div class=\"grid-x grid-padding-x align-center\">\n          <div class=\"cell\">\n            \n<p>L\u2019arthroscopie permet principalement:<\/p>\n          <\/div>\n        <\/div>\n      <\/div>\n\n      <\/section>\n\n<section class=\"block-grid-wrapper block-grid-for-core-list\">\n      <div class=\"default-editor-content grid-for-core-list grid-container\">\n        <div class=\"grid-x grid-padding-x align-center\">\n          <div class=\"cell\">\n            \n<ul><li>de retirer des fragments ost\u00e9ochondraux<\/li><\/ul>\n          <\/div>\n        <\/div>\n      <\/div>\n\n      <\/section>\n\n<section class=\"block-grid-wrapper block-grid-for-core-image\">\n      <div class=\"default-editor-content grid-for-core-image grid-container\">\n        <div class=\"grid-x grid-padding-x align-center\">\n          <div class=\"cell\">\n            \n<figure class=\"wp-block-image size-large\"><img loading=\"lazy\" decoding=\"async\" width=\"680\" height=\"211\" src=\"https:\/\/www.cliniqueveterinairegrosbois.fr\/wp-content\/uploads\/2021\/05\/Arthroscope.png\" alt=\"Arthroscopie\" class=\"wp-image-3018\" srcset=\"https:\/\/www.cliniqueveterinairegrosbois.fr\/wp-content\/uploads\/2021\/05\/Arthroscope.png 680w, https:\/\/www.cliniqueveterinairegrosbois.fr\/wp-content\/uploads\/2021\/05\/Arthroscope-300x93.png 300w, https:\/\/www.cliniqueveterinairegrosbois.fr\/wp-content\/uploads\/2021\/05\/Arthroscope-100x31.png 100w\" sizes=\"(max-width: 680px) 100vw, 680px\" \/><\/figure>\n          <\/div>\n        <\/div>\n      <\/div>\n\n      <\/section>\n\n<section class=\"block-grid-wrapper block-grid-for-core-list\">\n      <div class=\"default-editor-content grid-for-core-list grid-container\">\n        <div class=\"grid-x grid-padding-x align-center\">\n          <div class=\"cell\">\n            \n<ul><li>d\u2019explorer les articulations et d\u2019affiner le pronostic<\/li><\/ul>\n          <\/div>\n        <\/div>\n      <\/div>\n\n      <\/section>\n\n<section class=\"block-grid-wrapper block-grid-for-core-image\">\n      <div class=\"default-editor-content grid-for-core-image grid-container\">\n        <div class=\"grid-x grid-padding-x align-center\">\n          <div class=\"cell\">\n            \n<figure class=\"wp-block-image size-large\"><img loading=\"lazy\" decoding=\"async\" width=\"700\" height=\"215\" src=\"https:\/\/www.cliniqueveterinairegrosbois.fr\/wp-content\/uploads\/2021\/05\/Arthroscopie-OCD.png\" alt=\"Arthroscopie\" class=\"wp-image-3012\" srcset=\"https:\/\/www.cliniqueveterinairegrosbois.fr\/wp-content\/uploads\/2021\/05\/Arthroscopie-OCD.png 700w, https:\/\/www.cliniqueveterinairegrosbois.fr\/wp-content\/uploads\/2021\/05\/Arthroscopie-OCD-300x92.png 300w, https:\/\/www.cliniqueveterinairegrosbois.fr\/wp-content\/uploads\/2021\/05\/Arthroscopie-OCD-100x31.png 100w\" sizes=\"(max-width: 700px) 100vw, 700px\" \/><\/figure>\n          <\/div>\n        <\/div>\n      <\/div>\n\n      <\/section>\n\n<section class=\"block-grid-wrapper block-grid-for-core-list\">\n      <div class=\"default-editor-content grid-for-core-list grid-container\">\n        <div class=\"grid-x grid-padding-x align-center\">\n          <div class=\"cell\">\n            \n<ul><li>d\u2019effectuer des parages \u00e0 l\u2019aide de curette, de synoviectome motoris\u00e9 (shaver), d\u2019\u00e9lectrocaut\u00e8re (coblation)\u2026<\/li><\/ul>\n          <\/div>\n        <\/div>\n      <\/div>\n\n      <\/section>\n\n<section class=\"block-grid-wrapper block-grid-for-core-image\">\n      <div class=\"default-editor-content grid-for-core-image grid-container\">\n        <div class=\"grid-x grid-padding-x align-center\">\n          <div class=\"cell\">\n            \n<figure class=\"wp-block-image size-large\"><img loading=\"lazy\" decoding=\"async\" width=\"687\" height=\"214\" src=\"https:\/\/www.cliniqueveterinairegrosbois.fr\/wp-content\/uploads\/2021\/05\/Arthrscopie-coblation.png\" alt=\"Arthoscopie\" class=\"wp-image-3016\" srcset=\"https:\/\/www.cliniqueveterinairegrosbois.fr\/wp-content\/uploads\/2021\/05\/Arthrscopie-coblation.png 687w, https:\/\/www.cliniqueveterinairegrosbois.fr\/wp-content\/uploads\/2021\/05\/Arthrscopie-coblation-300x93.png 300w, https:\/\/www.cliniqueveterinairegrosbois.fr\/wp-content\/uploads\/2021\/05\/Arthrscopie-coblation-100x31.png 100w\" sizes=\"(max-width: 687px) 100vw, 687px\" \/><\/figure>\n          <\/div>\n        <\/div>\n      <\/div>\n\n      <\/section>\n\n<section class=\"block-grid-wrapper block-grid-for-core-list\">\n      <div class=\"default-editor-content grid-for-core-list grid-container\">\n        <div class=\"grid-x grid-padding-x align-center\">\n          <div class=\"cell\">\n            \n<ul><li>d\u2019effectuer des lavages articulaires notamment en cas d\u2019arthrite septique. L\u2019arthroscopie, contrairement au lavage \u00ab simple \u00bb \u00e0 la canule, permet alors de r\u00e9aliser un d\u00e9bridement en visuel des amas de fibrine qui peuvent \u00eatre pr\u00e9sents.<\/li><\/ul>\n          <\/div>\n        <\/div>\n      <\/div>\n\n      <\/section>\n\n<section class=\"block-grid-wrapper block-grid-for-core-image\">\n      <div class=\"default-editor-content grid-for-core-image grid-container\">\n        <div class=\"grid-x grid-padding-x align-center\">\n          <div class=\"cell\">\n            \n<figure class=\"wp-block-image size-large\"><img loading=\"lazy\" decoding=\"async\" width=\"685\" height=\"215\" src=\"https:\/\/www.cliniqueveterinairegrosbois.fr\/wp-content\/uploads\/2021\/05\/Arthoscopie-shaver.png\" alt=\"Arthroscopie\" class=\"wp-image-3007\" srcset=\"https:\/\/www.cliniqueveterinairegrosbois.fr\/wp-content\/uploads\/2021\/05\/Arthoscopie-shaver.png 685w, https:\/\/www.cliniqueveterinairegrosbois.fr\/wp-content\/uploads\/2021\/05\/Arthoscopie-shaver-300x94.png 300w, https:\/\/www.cliniqueveterinairegrosbois.fr\/wp-content\/uploads\/2021\/05\/Arthoscopie-shaver-100x31.png 100w\" sizes=\"(max-width: 685px) 100vw, 685px\" \/><\/figure>\n          <\/div>\n        <\/div>\n      <\/div>\n\n      <\/section>\n\n<section class=\"block-grid-wrapper block-grid-for-core-list\">\n      <div class=\"default-editor-content grid-for-core-list grid-container\">\n        <div class=\"grid-x grid-padding-x align-center\">\n          <div class=\"cell\">\n            \n<ul><li>L\u2019arthrite septique est une urgence, l\u2019arthroscopie permet d\u2019\u00e9valuer l\u2019avancement des l\u00e9sions.<\/li><\/ul>\n          <\/div>\n        <\/div>\n      <\/div>\n\n      <\/section>\n\n<section class=\"block-grid-wrapper block-grid-for-core-image\">\n      <div class=\"default-editor-content grid-for-core-image grid-container\">\n        <div class=\"grid-x grid-padding-x align-center\">\n          <div class=\"cell\">\n            \n<figure class=\"wp-block-image size-large\"><img loading=\"lazy\" decoding=\"async\" width=\"689\" height=\"217\" src=\"https:\/\/www.cliniqueveterinairegrosbois.fr\/wp-content\/uploads\/2021\/05\/Arthrscopie-sepsis.png\" alt=\"Arthroscopie\" class=\"wp-image-3014\" srcset=\"https:\/\/www.cliniqueveterinairegrosbois.fr\/wp-content\/uploads\/2021\/05\/Arthrscopie-sepsis.png 689w, https:\/\/www.cliniqueveterinairegrosbois.fr\/wp-content\/uploads\/2021\/05\/Arthrscopie-sepsis-300x94.png 300w, https:\/\/www.cliniqueveterinairegrosbois.fr\/wp-content\/uploads\/2021\/05\/Arthrscopie-sepsis-100x31.png 100w\" sizes=\"(max-width: 689px) 100vw, 689px\" \/><\/figure>\n          <\/div>\n        <\/div>\n      <\/div>\n\n      <\/section>","protected":false},"excerpt":{"rendered":"<p>L\u2019arthroscopie consiste \u00e0 placer une cam\u00e9ra et divers instruments par des petites incisions au travers de la peau et de la capsule articulaire. Cette technique permet d\u2019explorer les articulations. Elle s\u2019applique \u00e9galement dans les gaines tendineuses, on parle alors de t\u00e9noscopie. Les arthroscopies sont g\u00e9n\u00e9ralement r\u00e9alis\u00e9es sous anesth\u00e9sie g\u00e9n\u00e9rale et doivent imp\u00e9rativement \u00eatre r\u00e9alis\u00e9es st\u00e9rilement. [&hellip;]<\/p>\n","protected":false},"author":1,"featured_media":3040,"parent":531,"menu_order":5,"comment_status":"closed","ping_status":"closed","template":"","meta":{"_acf_changed":false,"footnotes":""},"acf":[],"yoast_head":"<!-- This site is optimized with the Yoast SEO plugin v23.3 - https:\/\/yoast.com\/wordpress\/plugins\/seo\/ -->\n<title>Arthroscopie - Clinique v\u00e9t\u00e9rinaire de Grosbois<\/title>\n<meta name=\"description\" content=\"L&#039;arthroscopie est une technique pratiqu\u00e9e \u00e0 la Clinique v\u00e9t\u00e9rinaire de Grosbois qui permet d&#039;explorer les articulations de votre cheval.\" \/>\n<meta name=\"robots\" content=\"index, follow, max-snippet:-1, max-image-preview:large, max-video-preview:-1\" \/>\n<link rel=\"canonical\" href=\"https:\/\/www.cliniqueveterinairegrosbois.fr\/fr\/departements\/chirurgie\/arthroscopie\/\" \/>\n<meta property=\"og:locale\" content=\"fr_FR\" \/>\n<meta property=\"og:type\" content=\"article\" \/>\n<meta property=\"og:title\" content=\"Arthroscopie - Clinique v\u00e9t\u00e9rinaire de Grosbois\" \/>\n<meta property=\"og:description\" content=\"L&#039;arthroscopie est une technique pratiqu\u00e9e \u00e0 la Clinique v\u00e9t\u00e9rinaire de Grosbois qui permet d&#039;explorer les articulations de votre cheval.\" \/>\n<meta property=\"og:url\" content=\"https:\/\/www.cliniqueveterinairegrosbois.fr\/fr\/departements\/chirurgie\/arthroscopie\/\" \/>\n<meta property=\"og:site_name\" content=\"Clinique v\u00e9t\u00e9rinaire de Grosbois\" \/>\n<meta property=\"article:publisher\" content=\"https:\/\/www.facebook.com\/cliniquegrosbois\" \/>\n<meta property=\"article:modified_time\" content=\"2021-06-14T12:41:20+00:00\" \/>\n<meta property=\"og:image\" content=\"https:\/\/www.cliniqueveterinairegrosbois.fr\/wp-content\/uploads\/2021\/05\/Capture-de\u0301cran-2021-05-24-a\u0300-23.08.51.png\" \/>\n\t<meta property=\"og:image:width\" content=\"360\" \/>\n\t<meta property=\"og:image:height\" content=\"329\" \/>\n\t<meta property=\"og:image:type\" content=\"image\/png\" \/>\n<meta name=\"twitter:card\" content=\"summary_large_image\" \/>\n<meta name=\"twitter:label1\" content=\"Dur\u00e9e de lecture estim\u00e9e\" \/>\n\t<meta name=\"twitter:data1\" content=\"2 minutes\" \/>\n<script type=\"application\/ld+json\" class=\"yoast-schema-graph\">{\"@context\":\"https:\/\/schema.org\",\"@graph\":[{\"@type\":\"WebPage\",\"@id\":\"https:\/\/www.cliniqueveterinairegrosbois.fr\/fr\/departements\/chirurgie\/arthroscopie\/\",\"url\":\"https:\/\/www.cliniqueveterinairegrosbois.fr\/fr\/departements\/chirurgie\/arthroscopie\/\",\"name\":\"Arthroscopie - Clinique v\u00e9t\u00e9rinaire de Grosbois\",\"isPartOf\":{\"@id\":\"https:\/\/www.cliniqueveterinairegrosbois.fr\/fr\/#website\"},\"primaryImageOfPage\":{\"@id\":\"https:\/\/www.cliniqueveterinairegrosbois.fr\/fr\/departements\/chirurgie\/arthroscopie\/#primaryimage\"},\"image\":{\"@id\":\"https:\/\/www.cliniqueveterinairegrosbois.fr\/fr\/departements\/chirurgie\/arthroscopie\/#primaryimage\"},\"thumbnailUrl\":\"https:\/\/www.cliniqueveterinairegrosbois.fr\/wp-content\/uploads\/2021\/05\/Capture-de\u0301cran-2021-05-24-a\u0300-23.08.51.png\",\"datePublished\":\"2021-01-08T14:04:06+00:00\",\"dateModified\":\"2021-06-14T12:41:20+00:00\",\"description\":\"L'arthroscopie est une technique pratiqu\u00e9e \u00e0 la Clinique v\u00e9t\u00e9rinaire de Grosbois qui permet d'explorer les articulations de votre cheval.\",\"breadcrumb\":{\"@id\":\"https:\/\/www.cliniqueveterinairegrosbois.fr\/fr\/departements\/chirurgie\/arthroscopie\/#breadcrumb\"},\"inLanguage\":\"fr-FR\",\"potentialAction\":[{\"@type\":\"ReadAction\",\"target\":[\"https:\/\/www.cliniqueveterinairegrosbois.fr\/fr\/departements\/chirurgie\/arthroscopie\/\"]}]},{\"@type\":\"ImageObject\",\"inLanguage\":\"fr-FR\",\"@id\":\"https:\/\/www.cliniqueveterinairegrosbois.fr\/fr\/departements\/chirurgie\/arthroscopie\/#primaryimage\",\"url\":\"https:\/\/www.cliniqueveterinairegrosbois.fr\/wp-content\/uploads\/2021\/05\/Capture-de\u0301cran-2021-05-24-a\u0300-23.08.51.png\",\"contentUrl\":\"https:\/\/www.cliniqueveterinairegrosbois.fr\/wp-content\/uploads\/2021\/05\/Capture-de\u0301cran-2021-05-24-a\u0300-23.08.51.png\",\"width\":360,\"height\":329,\"caption\":\"Arthrscopie\"},{\"@type\":\"BreadcrumbList\",\"@id\":\"https:\/\/www.cliniqueveterinairegrosbois.fr\/fr\/departements\/chirurgie\/arthroscopie\/#breadcrumb\",\"itemListElement\":[{\"@type\":\"ListItem\",\"position\":1,\"name\":\"Accueil\",\"item\":\"https:\/\/www.cliniqueveterinairegrosbois.fr\/fr\/\"},{\"@type\":\"ListItem\",\"position\":2,\"name\":\"D\u00e9partements\",\"item\":\"https:\/\/www.cliniqueveterinairegrosbois.fr\/fr\/departements\/\"},{\"@type\":\"ListItem\",\"position\":3,\"name\":\"Chirurgie\",\"item\":\"https:\/\/www.cliniqueveterinairegrosbois.fr\/fr\/departements\/chirurgie\/\"},{\"@type\":\"ListItem\",\"position\":4,\"name\":\"Arthroscopie\"}]},{\"@type\":\"WebSite\",\"@id\":\"https:\/\/www.cliniqueveterinairegrosbois.fr\/fr\/#website\",\"url\":\"https:\/\/www.cliniqueveterinairegrosbois.fr\/fr\/\",\"name\":\"Clinique v\u00e9t\u00e9rinaire de Grosbois\",\"description\":\"\",\"publisher\":{\"@id\":\"https:\/\/www.cliniqueveterinairegrosbois.fr\/fr\/#organization\"},\"potentialAction\":[{\"@type\":\"SearchAction\",\"target\":{\"@type\":\"EntryPoint\",\"urlTemplate\":\"https:\/\/www.cliniqueveterinairegrosbois.fr\/fr\/?s={search_term_string}\"},\"query-input\":\"required name=search_term_string\"}],\"inLanguage\":\"fr-FR\"},{\"@type\":\"Organization\",\"@id\":\"https:\/\/www.cliniqueveterinairegrosbois.fr\/fr\/#organization\",\"name\":\"Clinique v\u00e9t\u00e9rinaire de Grosbois\",\"url\":\"https:\/\/www.cliniqueveterinairegrosbois.fr\/fr\/\",\"logo\":{\"@type\":\"ImageObject\",\"inLanguage\":\"fr-FR\",\"@id\":\"https:\/\/www.cliniqueveterinairegrosbois.fr\/fr\/#\/schema\/logo\/image\/\",\"url\":\"https:\/\/www.cliniqueveterinairegrosbois.fr\/wp-content\/uploads\/2021\/06\/Logo-ai.jpg\",\"contentUrl\":\"https:\/\/www.cliniqueveterinairegrosbois.fr\/wp-content\/uploads\/2021\/06\/Logo-ai.jpg\",\"width\":1600,\"height\":1200,\"caption\":\"Clinique v\u00e9t\u00e9rinaire de Grosbois\"},\"image\":{\"@id\":\"https:\/\/www.cliniqueveterinairegrosbois.fr\/fr\/#\/schema\/logo\/image\/\"},\"sameAs\":[\"https:\/\/www.facebook.com\/cliniquegrosbois\",\"https:\/\/www.instagram.com\/clinique.de.grosbois\/\",\"https:\/\/fr.linkedin.com\/company\/clinique-veterinaire-de-grosbois\"]}]}<\/script>\n<!-- \/ Yoast SEO plugin. -->","yoast_head_json":{"title":"Arthroscopie - Clinique v\u00e9t\u00e9rinaire de Grosbois","description":"L'arthroscopie est une technique pratiqu\u00e9e \u00e0 la Clinique v\u00e9t\u00e9rinaire de Grosbois qui permet d'explorer les articulations de votre cheval.","robots":{"index":"index","follow":"follow","max-snippet":"max-snippet:-1","max-image-preview":"max-image-preview:large","max-video-preview":"max-video-preview:-1"},"canonical":"https:\/\/www.cliniqueveterinairegrosbois.fr\/fr\/departements\/chirurgie\/arthroscopie\/","og_locale":"fr_FR","og_type":"article","og_title":"Arthroscopie - Clinique v\u00e9t\u00e9rinaire de Grosbois","og_description":"L'arthroscopie est une technique pratiqu\u00e9e \u00e0 la Clinique v\u00e9t\u00e9rinaire de Grosbois qui permet d'explorer les articulations de votre cheval.","og_url":"https:\/\/www.cliniqueveterinairegrosbois.fr\/fr\/departements\/chirurgie\/arthroscopie\/","og_site_name":"Clinique v\u00e9t\u00e9rinaire de Grosbois","article_publisher":"https:\/\/www.facebook.com\/cliniquegrosbois","article_modified_time":"2021-06-14T12:41:20+00:00","og_image":[{"width":360,"height":329,"url":"https:\/\/www.cliniqueveterinairegrosbois.fr\/wp-content\/uploads\/2021\/05\/Capture-de\u0301cran-2021-05-24-a\u0300-23.08.51.png","type":"image\/png"}],"twitter_card":"summary_large_image","twitter_misc":{"Dur\u00e9e de lecture estim\u00e9e":"2 minutes"},"schema":{"@context":"https:\/\/schema.org","@graph":[{"@type":"WebPage","@id":"https:\/\/www.cliniqueveterinairegrosbois.fr\/fr\/departements\/chirurgie\/arthroscopie\/","url":"https:\/\/www.cliniqueveterinairegrosbois.fr\/fr\/departements\/chirurgie\/arthroscopie\/","name":"Arthroscopie - Clinique v\u00e9t\u00e9rinaire de Grosbois","isPartOf":{"@id":"https:\/\/www.cliniqueveterinairegrosbois.fr\/fr\/#website"},"primaryImageOfPage":{"@id":"https:\/\/www.cliniqueveterinairegrosbois.fr\/fr\/departements\/chirurgie\/arthroscopie\/#primaryimage"},"image":{"@id":"https:\/\/www.cliniqueveterinairegrosbois.fr\/fr\/departements\/chirurgie\/arthroscopie\/#primaryimage"},"thumbnailUrl":"https:\/\/www.cliniqueveterinairegrosbois.fr\/wp-content\/uploads\/2021\/05\/Capture-de\u0301cran-2021-05-24-a\u0300-23.08.51.png","datePublished":"2021-01-08T14:04:06+00:00","dateModified":"2021-06-14T12:41:20+00:00","description":"L'arthroscopie est une technique pratiqu\u00e9e \u00e0 la Clinique v\u00e9t\u00e9rinaire de Grosbois qui permet d'explorer les articulations de votre cheval.","breadcrumb":{"@id":"https:\/\/www.cliniqueveterinairegrosbois.fr\/fr\/departements\/chirurgie\/arthroscopie\/#breadcrumb"},"inLanguage":"fr-FR","potentialAction":[{"@type":"ReadAction","target":["https:\/\/www.cliniqueveterinairegrosbois.fr\/fr\/departements\/chirurgie\/arthroscopie\/"]}]},{"@type":"ImageObject","inLanguage":"fr-FR","@id":"https:\/\/www.cliniqueveterinairegrosbois.fr\/fr\/departements\/chirurgie\/arthroscopie\/#primaryimage","url":"https:\/\/www.cliniqueveterinairegrosbois.fr\/wp-content\/uploads\/2021\/05\/Capture-de\u0301cran-2021-05-24-a\u0300-23.08.51.png","contentUrl":"https:\/\/www.cliniqueveterinairegrosbois.fr\/wp-content\/uploads\/2021\/05\/Capture-de\u0301cran-2021-05-24-a\u0300-23.08.51.png","width":360,"height":329,"caption":"Arthrscopie"},{"@type":"BreadcrumbList","@id":"https:\/\/www.cliniqueveterinairegrosbois.fr\/fr\/departements\/chirurgie\/arthroscopie\/#breadcrumb","itemListElement":[{"@type":"ListItem","position":1,"name":"Accueil","item":"https:\/\/www.cliniqueveterinairegrosbois.fr\/fr\/"},{"@type":"ListItem","position":2,"name":"D\u00e9partements","item":"https:\/\/www.cliniqueveterinairegrosbois.fr\/fr\/departements\/"},{"@type":"ListItem","position":3,"name":"Chirurgie","item":"https:\/\/www.cliniqueveterinairegrosbois.fr\/fr\/departements\/chirurgie\/"},{"@type":"ListItem","position":4,"name":"Arthroscopie"}]},{"@type":"WebSite","@id":"https:\/\/www.cliniqueveterinairegrosbois.fr\/fr\/#website","url":"https:\/\/www.cliniqueveterinairegrosbois.fr\/fr\/","name":"Clinique v\u00e9t\u00e9rinaire de Grosbois","description":"","publisher":{"@id":"https:\/\/www.cliniqueveterinairegrosbois.fr\/fr\/#organization"},"potentialAction":[{"@type":"SearchAction","target":{"@type":"EntryPoint","urlTemplate":"https:\/\/www.cliniqueveterinairegrosbois.fr\/fr\/?s={search_term_string}"},"query-input":"required name=search_term_string"}],"inLanguage":"fr-FR"},{"@type":"Organization","@id":"https:\/\/www.cliniqueveterinairegrosbois.fr\/fr\/#organization","name":"Clinique v\u00e9t\u00e9rinaire de Grosbois","url":"https:\/\/www.cliniqueveterinairegrosbois.fr\/fr\/","logo":{"@type":"ImageObject","inLanguage":"fr-FR","@id":"https:\/\/www.cliniqueveterinairegrosbois.fr\/fr\/#\/schema\/logo\/image\/","url":"https:\/\/www.cliniqueveterinairegrosbois.fr\/wp-content\/uploads\/2021\/06\/Logo-ai.jpg","contentUrl":"https:\/\/www.cliniqueveterinairegrosbois.fr\/wp-content\/uploads\/2021\/06\/Logo-ai.jpg","width":1600,"height":1200,"caption":"Clinique v\u00e9t\u00e9rinaire de Grosbois"},"image":{"@id":"https:\/\/www.cliniqueveterinairegrosbois.fr\/fr\/#\/schema\/logo\/image\/"},"sameAs":["https:\/\/www.facebook.com\/cliniquegrosbois","https:\/\/www.instagram.com\/clinique.de.grosbois\/","https:\/\/fr.linkedin.com\/company\/clinique-veterinaire-de-grosbois"]}]}},"_links":{"self":[{"href":"https:\/\/www.cliniqueveterinairegrosbois.fr\/fr\/wp-json\/wp\/v2\/pages\/557"}],"collection":[{"href":"https:\/\/www.cliniqueveterinairegrosbois.fr\/fr\/wp-json\/wp\/v2\/pages"}],"about":[{"href":"https:\/\/www.cliniqueveterinairegrosbois.fr\/fr\/wp-json\/wp\/v2\/types\/page"}],"author":[{"embeddable":true,"href":"https:\/\/www.cliniqueveterinairegrosbois.fr\/fr\/wp-json\/wp\/v2\/users\/1"}],"replies":[{"embeddable":true,"href":"https:\/\/www.cliniqueveterinairegrosbois.fr\/fr\/wp-json\/wp\/v2\/comments?post=557"}],"version-history":[{"count":3,"href":"https:\/\/www.cliniqueveterinairegrosbois.fr\/fr\/wp-json\/wp\/v2\/pages\/557\/revisions"}],"predecessor-version":[{"id":558,"href":"https:\/\/www.cliniqueveterinairegrosbois.fr\/fr\/wp-json\/wp\/v2\/pages\/557\/revisions\/558"}],"up":[{"embeddable":true,"href":"https:\/\/www.cliniqueveterinairegrosbois.fr\/fr\/wp-json\/wp\/v2\/pages\/531"}],"wp:featuredmedia":[{"embeddable":true,"href":"https:\/\/www.cliniqueveterinairegrosbois.fr\/fr\/wp-json\/wp\/v2\/media\/3040"}],"wp:attachment":[{"href":"https:\/\/www.cliniqueveterinairegrosbois.fr\/fr\/wp-json\/wp\/v2\/media?parent=557"}],"curies":[{"name":"wp","href":"https:\/\/api.w.org\/{rel}","templated":true}]}}