{"id":537,"date":"2021-01-08T13:57:25","date_gmt":"2021-01-08T13:57:25","guid":{"rendered":"https:\/\/www.cliniqueveterinairegrosbois.fr\/?page_id=537"},"modified":"2022-09-06T16:50:34","modified_gmt":"2022-09-06T14:50:34","slug":"service-durgence","status":"publish","type":"page","link":"https:\/\/www.cliniqueveterinairegrosbois.fr\/fr\/departements\/medecine-generale-et-urgences\/service-durgence\/","title":{"rendered":"Service d\u2019urgence"},"content":{"rendered":"\n<section class=\"page-banner-section \" itemprop=\"hasPart\" itemscope itemtype=\"https:\/\/schema.org\/WebPageElement\">\n      \n    <div class=\"header-banner img-align-center\"  data-interchange=\"[https:\/\/www.cliniqueveterinairegrosbois.fr\/wp-content\/uploads\/2021\/03\/27-scaled-375x250.jpg, small], [https:\/\/www.cliniqueveterinairegrosbois.fr\/wp-content\/uploads\/2021\/03\/27-scaled-768x513.jpg, medium], [https:\/\/www.cliniqueveterinairegrosbois.fr\/wp-content\/uploads\/2021\/03\/27-scaled-1183x790.jpg, large], [https:\/\/www.cliniqueveterinairegrosbois.fr\/wp-content\/uploads\/2021\/03\/27-scaled-1900x1269.jpg, xlarge], [https:\/\/www.cliniqueveterinairegrosbois.fr\/wp-content\/uploads\/2021\/03\/27-scaled-750x501.jpg, retina], [https:\/\/www.cliniqueveterinairegrosbois.fr\/wp-content\/uploads\/2021\/03\/27-scaled-1536x1026.jpg, medium_retina], [https:\/\/www.cliniqueveterinairegrosbois.fr\/wp-content\/uploads\/2021\/03\/27-scaled-2366x1580.jpg, large_retina], [https:\/\/www.cliniqueveterinairegrosbois.fr\/wp-content\/uploads\/2021\/03\/27-scaled.jpg, xlarge_retina]\" data-interchange-sizes=\"{&quot;small&quot;:{&quot;w&quot;:375,&quot;h&quot;:250},&quot;medium&quot;:{&quot;w&quot;:768,&quot;h&quot;:513},&quot;large&quot;:{&quot;w&quot;:1183,&quot;h&quot;:790},&quot;xlarge&quot;:{&quot;w&quot;:1900,&quot;h&quot;:1269},&quot;retina&quot;:{&quot;w&quot;:750,&quot;h&quot;:501},&quot;medium_retina&quot;:{&quot;w&quot;:1536,&quot;h&quot;:1026},&quot;large_retina&quot;:{&quot;w&quot;:2366,&quot;h&quot;:1580},&quot;xlarge_retina&quot;:{&quot;w&quot;:2560,&quot;h&quot;:1710}}\"  >\n      <meta itemprop=\"image\" content=\"https:\/\/www.cliniqueveterinairegrosbois.fr\/wp-content\/uploads\/2021\/03\/27-scaled.jpg\" \/>\n          <\/div>\n\n    <section class=\"block-grid-wrapper block-grid-for-core-heading banner-heading banner-heading-\">\n            <div class=\"default-editor-content grid-for-core-heading grid-container\">\n        <div class=\"grid-x grid-padding-x align-center\">\n          <div class=\"cell\">\n                        <h1>Service d\u2019urgence<\/h1>\n                      <\/div>\n        <\/div>\n      <\/div>\n    <\/section>\n\n  <\/section>\n\n\n<section class=\"block-grid-wrapper block-grid-for-core-paragraph\">\n      <div class=\"default-editor-content grid-for-core-paragraph grid-container\">\n        <div class=\"grid-x grid-padding-x align-center\">\n          <div class=\"cell\">\n            \n<p>La clinique prend en charge toutes les urgences m\u00e9dicales et chirurgicales 24H\/24 et 365 jours par an. Les chevaux souffrant de colique, de plaie ou de fracture peuvent \u00eatre accueillis et soign\u00e9s dans les meilleures conditions en dehors des jours ouvr\u00e9s. Les v\u00e9t\u00e9rinaires se d\u00e9placent \u00e9galement \u00e0 l\u2019\u00e9curie dans notre rayon d\u2019activit\u00e9 autour de la clinique.<\/p>\n          <\/div>\n        <\/div>\n      <\/div>\n\n      <\/section>\n\n<section class=\"block-grid-wrapper block-grid-for-core-paragraph\">\n      <div class=\"default-editor-content grid-for-core-paragraph grid-container\">\n        <div class=\"grid-x grid-padding-x align-center\">\n          <div class=\"cell\">\n            \n<p>En cas d\u2018urgence, pendant les horaires d\u2019ouverture de la clinique (du lundi au vendredi de 9h00 \u00e0 18h30 et le samedi matin de 9h00 \u00e0 12h00) contactez le secr\u00e9tariat au&nbsp;<a href=\"tel: +0145696539\" target=\"_blank\" rel=\"noreferrer noopener\">01 45 69 65 39<\/a>.<\/p>\n          <\/div>\n        <\/div>\n      <\/div>\n\n      <\/section>\n\n<section class=\"block-grid-wrapper block-grid-for-core-paragraph\">\n      <div class=\"default-editor-content grid-for-core-paragraph grid-container\">\n        <div class=\"grid-x grid-padding-x align-center\">\n          <div class=\"cell\">\n            \n<p>En dehors des horaires d\u2019ouverture le num\u00e9ro des urgences est le\u00a0<a href=\"tel: +0621655664\" target=\"_blank\" rel=\"noreferrer noopener\">06 21 65 56 64<\/a>. Il est indispensable de nous contacter avant d&rsquo;arriver \u00e0 la clinique afin que nous puissions vous recevoir dans les meilleures conditions possibles.<\/p>\n          <\/div>\n        <\/div>\n      <\/div>\n\n      <\/section>\n\n\n  <section class=\"linked-page-section\" itemprop=\"hasPart\" itemscope itemtype=\"https:\/\/schema.org\/WebPageElement\">\n    <div class=\"grid-container\">\n      <div class=\"grid-x grid-padding-x align-center\">\n        <div class=\"cell text-center\">\n          <div class=\"bkg-wrapper\">\n            <a href=\"https:\/\/www.cliniqueveterinairegrosbois.fr\/fr\/la-clinique\/informations-pratiques\/\" target=\"_self\">\n                              <figure class=\"page-image-1\">\n                  <img decoding=\"async\"  data-fade-in loading=\"lazy\" src=\"data:image\/png;base64,R0lGODlhAQABAAD\/ACwAAAAAAQABAAACADs=\" data-lazy-interchange=\"[https:\/\/www.cliniqueveterinairegrosbois.fr\/wp-content\/uploads\/2021\/01\/Map@2x-335x250.jpg, small], [https:\/\/www.cliniqueveterinairegrosbois.fr\/wp-content\/uploads\/2021\/01\/Map@2x-720x250.jpg, large], [https:\/\/www.cliniqueveterinairegrosbois.fr\/wp-content\/uploads\/2021\/01\/Map@2x-670x500.jpg, retina], [https:\/\/www.cliniqueveterinairegrosbois.fr\/wp-content\/uploads\/2021\/01\/Map@2x-1366x474.jpg, large_retina]\" data-interchange-sizes=\"{&quot;small&quot;:{&quot;w&quot;:335,&quot;h&quot;:250},&quot;medium&quot;:{&quot;w&quot;:335,&quot;h&quot;:250},&quot;large&quot;:{&quot;w&quot;:720,&quot;h&quot;:250},&quot;xlarge&quot;:{&quot;w&quot;:720,&quot;h&quot;:250},&quot;retina&quot;:{&quot;w&quot;:670,&quot;h&quot;:500},&quot;medium_retina&quot;:{&quot;w&quot;:670,&quot;h&quot;:500},&quot;large_retina&quot;:{&quot;w&quot;:1366,&quot;h&quot;:474},&quot;xlarge_retina&quot;:{&quot;w&quot;:1366,&quot;h&quot;:474}}\"  alt=\"Service d\u2019urgence\" itemprop=\"image\" data-fade-in \/>\n                <\/figure>\n              \n              <h2 itemprop=\"name\">Informations pratiques<\/h2>\n            <\/a>\n          <\/div>\n        <\/div>\n      <\/div>\n    <\/div>\n  <\/section>\n","protected":false},"excerpt":{"rendered":"<p>La clinique prend en charge toutes les urgences m\u00e9dicales et chirurgicales 24H\/24 et 365 jours par an. Les chevaux souffrant de colique, de plaie ou de fracture peuvent \u00eatre accueillis et soign\u00e9s dans les meilleures conditions en dehors des jours ouvr\u00e9s. Les v\u00e9t\u00e9rinaires se d\u00e9placent \u00e9galement \u00e0 l\u2019\u00e9curie dans notre rayon d\u2019activit\u00e9 autour de la [&hellip;]<\/p>\n","protected":false},"author":1,"featured_media":2229,"parent":527,"menu_order":1,"comment_status":"closed","ping_status":"closed","template":"","meta":{"_acf_changed":false,"footnotes":""},"acf":[],"yoast_head":"<!-- This site is optimized with the Yoast SEO plugin v23.3 - https:\/\/yoast.com\/wordpress\/plugins\/seo\/ -->\n<title>Service d\u2019urgence - Clinique v\u00e9t\u00e9rinaire de Grosbois<\/title>\n<meta name=\"description\" content=\"La Clinique v\u00e9t\u00e9rinaire de Grosbois prend en charge toutes les urgences m\u00e9dicales et chirurgicales 24H\/24 et 365 jours par an.\" \/>\n<meta name=\"robots\" content=\"index, follow, max-snippet:-1, max-image-preview:large, max-video-preview:-1\" \/>\n<link rel=\"canonical\" href=\"http:\/\/www.cliniqueveterinairegrosbois.fr\/fr\/departements\/medecine-generale-et-urgences\/service-durgence\/\" \/>\n<meta property=\"og:locale\" content=\"fr_FR\" \/>\n<meta property=\"og:type\" content=\"article\" \/>\n<meta property=\"og:title\" content=\"Service d\u2019urgence - Clinique v\u00e9t\u00e9rinaire de Grosbois\" \/>\n<meta property=\"og:description\" content=\"La Clinique v\u00e9t\u00e9rinaire de Grosbois prend en charge toutes les urgences m\u00e9dicales et chirurgicales 24H\/24 et 365 jours par an.\" \/>\n<meta property=\"og:url\" content=\"http:\/\/www.cliniqueveterinairegrosbois.fr\/fr\/departements\/medecine-generale-et-urgences\/service-durgence\/\" \/>\n<meta property=\"og:site_name\" content=\"Clinique v\u00e9t\u00e9rinaire de Grosbois\" \/>\n<meta property=\"article:publisher\" content=\"https:\/\/www.facebook.com\/cliniquegrosbois\" \/>\n<meta property=\"article:modified_time\" content=\"2022-09-06T14:50:34+00:00\" \/>\n<meta property=\"og:image\" content=\"https:\/\/www.cliniqueveterinairegrosbois.fr\/wp-content\/uploads\/2021\/03\/27-scaled.jpg\" \/>\n\t<meta property=\"og:image:width\" content=\"2560\" \/>\n\t<meta property=\"og:image:height\" content=\"1710\" \/>\n\t<meta property=\"og:image:type\" content=\"image\/jpeg\" \/>\n<meta name=\"twitter:card\" content=\"summary_large_image\" \/>\n<meta name=\"twitter:label1\" content=\"Dur\u00e9e de lecture estim\u00e9e\" \/>\n\t<meta name=\"twitter:data1\" content=\"1 minute\" \/>\n<script type=\"application\/ld+json\" class=\"yoast-schema-graph\">{\"@context\":\"https:\/\/schema.org\",\"@graph\":[{\"@type\":\"WebPage\",\"@id\":\"http:\/\/www.cliniqueveterinairegrosbois.fr\/fr\/departements\/medecine-generale-et-urgences\/service-durgence\/\",\"url\":\"http:\/\/www.cliniqueveterinairegrosbois.fr\/fr\/departements\/medecine-generale-et-urgences\/service-durgence\/\",\"name\":\"Service d\u2019urgence - Clinique v\u00e9t\u00e9rinaire de Grosbois\",\"isPartOf\":{\"@id\":\"https:\/\/www.cliniqueveterinairegrosbois.fr\/fr\/#website\"},\"primaryImageOfPage\":{\"@id\":\"http:\/\/www.cliniqueveterinairegrosbois.fr\/fr\/departements\/medecine-generale-et-urgences\/service-durgence\/#primaryimage\"},\"image\":{\"@id\":\"http:\/\/www.cliniqueveterinairegrosbois.fr\/fr\/departements\/medecine-generale-et-urgences\/service-durgence\/#primaryimage\"},\"thumbnailUrl\":\"https:\/\/www.cliniqueveterinairegrosbois.fr\/wp-content\/uploads\/2021\/03\/27-scaled.jpg\",\"datePublished\":\"2021-01-08T13:57:25+00:00\",\"dateModified\":\"2022-09-06T14:50:34+00:00\",\"description\":\"La Clinique v\u00e9t\u00e9rinaire de Grosbois prend en charge toutes les urgences m\u00e9dicales et chirurgicales 24H\/24 et 365 jours par an.\",\"breadcrumb\":{\"@id\":\"http:\/\/www.cliniqueveterinairegrosbois.fr\/fr\/departements\/medecine-generale-et-urgences\/service-durgence\/#breadcrumb\"},\"inLanguage\":\"fr-FR\",\"potentialAction\":[{\"@type\":\"ReadAction\",\"target\":[\"http:\/\/www.cliniqueveterinairegrosbois.fr\/fr\/departements\/medecine-generale-et-urgences\/service-durgence\/\"]}]},{\"@type\":\"ImageObject\",\"inLanguage\":\"fr-FR\",\"@id\":\"http:\/\/www.cliniqueveterinairegrosbois.fr\/fr\/departements\/medecine-generale-et-urgences\/service-durgence\/#primaryimage\",\"url\":\"https:\/\/www.cliniqueveterinairegrosbois.fr\/wp-content\/uploads\/2021\/03\/27-scaled.jpg\",\"contentUrl\":\"https:\/\/www.cliniqueveterinairegrosbois.fr\/wp-content\/uploads\/2021\/03\/27-scaled.jpg\",\"width\":2560,\"height\":1710,\"caption\":\"\u00a9AFP\/Martin Bureau\"},{\"@type\":\"BreadcrumbList\",\"@id\":\"http:\/\/www.cliniqueveterinairegrosbois.fr\/fr\/departements\/medecine-generale-et-urgences\/service-durgence\/#breadcrumb\",\"itemListElement\":[{\"@type\":\"ListItem\",\"position\":1,\"name\":\"Accueil\",\"item\":\"https:\/\/www.cliniqueveterinairegrosbois.fr\/fr\/\"},{\"@type\":\"ListItem\",\"position\":2,\"name\":\"D\u00e9partements\",\"item\":\"http:\/\/www.cliniqueveterinairegrosbois.fr\/fr\/departements\/\"},{\"@type\":\"ListItem\",\"position\":3,\"name\":\"M\u00e9decine g\u00e9n\u00e9rale et urgences\",\"item\":\"http:\/\/www.cliniqueveterinairegrosbois.fr\/fr\/departements\/medecine-generale-et-urgences\/\"},{\"@type\":\"ListItem\",\"position\":4,\"name\":\"Service d\u2019urgence\"}]},{\"@type\":\"WebSite\",\"@id\":\"https:\/\/www.cliniqueveterinairegrosbois.fr\/fr\/#website\",\"url\":\"https:\/\/www.cliniqueveterinairegrosbois.fr\/fr\/\",\"name\":\"Clinique v\u00e9t\u00e9rinaire de Grosbois\",\"description\":\"\",\"publisher\":{\"@id\":\"https:\/\/www.cliniqueveterinairegrosbois.fr\/fr\/#organization\"},\"potentialAction\":[{\"@type\":\"SearchAction\",\"target\":{\"@type\":\"EntryPoint\",\"urlTemplate\":\"https:\/\/www.cliniqueveterinairegrosbois.fr\/fr\/?s={search_term_string}\"},\"query-input\":\"required name=search_term_string\"}],\"inLanguage\":\"fr-FR\"},{\"@type\":\"Organization\",\"@id\":\"https:\/\/www.cliniqueveterinairegrosbois.fr\/fr\/#organization\",\"name\":\"Clinique v\u00e9t\u00e9rinaire de Grosbois\",\"url\":\"https:\/\/www.cliniqueveterinairegrosbois.fr\/fr\/\",\"logo\":{\"@type\":\"ImageObject\",\"inLanguage\":\"fr-FR\",\"@id\":\"https:\/\/www.cliniqueveterinairegrosbois.fr\/fr\/#\/schema\/logo\/image\/\",\"url\":\"https:\/\/www.cliniqueveterinairegrosbois.fr\/wp-content\/uploads\/2021\/06\/Logo-ai.jpg\",\"contentUrl\":\"https:\/\/www.cliniqueveterinairegrosbois.fr\/wp-content\/uploads\/2021\/06\/Logo-ai.jpg\",\"width\":1600,\"height\":1200,\"caption\":\"Clinique v\u00e9t\u00e9rinaire de Grosbois\"},\"image\":{\"@id\":\"https:\/\/www.cliniqueveterinairegrosbois.fr\/fr\/#\/schema\/logo\/image\/\"},\"sameAs\":[\"https:\/\/www.facebook.com\/cliniquegrosbois\",\"https:\/\/www.instagram.com\/clinique.de.grosbois\/\",\"https:\/\/fr.linkedin.com\/company\/clinique-veterinaire-de-grosbois\"]}]}<\/script>\n<!-- \/ Yoast SEO plugin. -->","yoast_head_json":{"title":"Service d\u2019urgence - Clinique v\u00e9t\u00e9rinaire de Grosbois","description":"La Clinique v\u00e9t\u00e9rinaire de Grosbois prend en charge toutes les urgences m\u00e9dicales et chirurgicales 24H\/24 et 365 jours par an.","robots":{"index":"index","follow":"follow","max-snippet":"max-snippet:-1","max-image-preview":"max-image-preview:large","max-video-preview":"max-video-preview:-1"},"canonical":"http:\/\/www.cliniqueveterinairegrosbois.fr\/fr\/departements\/medecine-generale-et-urgences\/service-durgence\/","og_locale":"fr_FR","og_type":"article","og_title":"Service d\u2019urgence - Clinique v\u00e9t\u00e9rinaire de Grosbois","og_description":"La Clinique v\u00e9t\u00e9rinaire de Grosbois prend en charge toutes les urgences m\u00e9dicales et chirurgicales 24H\/24 et 365 jours par an.","og_url":"http:\/\/www.cliniqueveterinairegrosbois.fr\/fr\/departements\/medecine-generale-et-urgences\/service-durgence\/","og_site_name":"Clinique v\u00e9t\u00e9rinaire de Grosbois","article_publisher":"https:\/\/www.facebook.com\/cliniquegrosbois","article_modified_time":"2022-09-06T14:50:34+00:00","og_image":[{"width":2560,"height":1710,"url":"https:\/\/www.cliniqueveterinairegrosbois.fr\/wp-content\/uploads\/2021\/03\/27-scaled.jpg","type":"image\/jpeg"}],"twitter_card":"summary_large_image","twitter_misc":{"Dur\u00e9e de lecture estim\u00e9e":"1 minute"},"schema":{"@context":"https:\/\/schema.org","@graph":[{"@type":"WebPage","@id":"http:\/\/www.cliniqueveterinairegrosbois.fr\/fr\/departements\/medecine-generale-et-urgences\/service-durgence\/","url":"http:\/\/www.cliniqueveterinairegrosbois.fr\/fr\/departements\/medecine-generale-et-urgences\/service-durgence\/","name":"Service d\u2019urgence - Clinique v\u00e9t\u00e9rinaire de Grosbois","isPartOf":{"@id":"https:\/\/www.cliniqueveterinairegrosbois.fr\/fr\/#website"},"primaryImageOfPage":{"@id":"http:\/\/www.cliniqueveterinairegrosbois.fr\/fr\/departements\/medecine-generale-et-urgences\/service-durgence\/#primaryimage"},"image":{"@id":"http:\/\/www.cliniqueveterinairegrosbois.fr\/fr\/departements\/medecine-generale-et-urgences\/service-durgence\/#primaryimage"},"thumbnailUrl":"https:\/\/www.cliniqueveterinairegrosbois.fr\/wp-content\/uploads\/2021\/03\/27-scaled.jpg","datePublished":"2021-01-08T13:57:25+00:00","dateModified":"2022-09-06T14:50:34+00:00","description":"La Clinique v\u00e9t\u00e9rinaire de Grosbois prend en charge toutes les urgences m\u00e9dicales et chirurgicales 24H\/24 et 365 jours par an.","breadcrumb":{"@id":"http:\/\/www.cliniqueveterinairegrosbois.fr\/fr\/departements\/medecine-generale-et-urgences\/service-durgence\/#breadcrumb"},"inLanguage":"fr-FR","potentialAction":[{"@type":"ReadAction","target":["http:\/\/www.cliniqueveterinairegrosbois.fr\/fr\/departements\/medecine-generale-et-urgences\/service-durgence\/"]}]},{"@type":"ImageObject","inLanguage":"fr-FR","@id":"http:\/\/www.cliniqueveterinairegrosbois.fr\/fr\/departements\/medecine-generale-et-urgences\/service-durgence\/#primaryimage","url":"https:\/\/www.cliniqueveterinairegrosbois.fr\/wp-content\/uploads\/2021\/03\/27-scaled.jpg","contentUrl":"https:\/\/www.cliniqueveterinairegrosbois.fr\/wp-content\/uploads\/2021\/03\/27-scaled.jpg","width":2560,"height":1710,"caption":"\u00a9AFP\/Martin Bureau"},{"@type":"BreadcrumbList","@id":"http:\/\/www.cliniqueveterinairegrosbois.fr\/fr\/departements\/medecine-generale-et-urgences\/service-durgence\/#breadcrumb","itemListElement":[{"@type":"ListItem","position":1,"name":"Accueil","item":"https:\/\/www.cliniqueveterinairegrosbois.fr\/fr\/"},{"@type":"ListItem","position":2,"name":"D\u00e9partements","item":"http:\/\/www.cliniqueveterinairegrosbois.fr\/fr\/departements\/"},{"@type":"ListItem","position":3,"name":"M\u00e9decine g\u00e9n\u00e9rale et urgences","item":"http:\/\/www.cliniqueveterinairegrosbois.fr\/fr\/departements\/medecine-generale-et-urgences\/"},{"@type":"ListItem","position":4,"name":"Service d\u2019urgence"}]},{"@type":"WebSite","@id":"https:\/\/www.cliniqueveterinairegrosbois.fr\/fr\/#website","url":"https:\/\/www.cliniqueveterinairegrosbois.fr\/fr\/","name":"Clinique v\u00e9t\u00e9rinaire de Grosbois","description":"","publisher":{"@id":"https:\/\/www.cliniqueveterinairegrosbois.fr\/fr\/#organization"},"potentialAction":[{"@type":"SearchAction","target":{"@type":"EntryPoint","urlTemplate":"https:\/\/www.cliniqueveterinairegrosbois.fr\/fr\/?s={search_term_string}"},"query-input":"required name=search_term_string"}],"inLanguage":"fr-FR"},{"@type":"Organization","@id":"https:\/\/www.cliniqueveterinairegrosbois.fr\/fr\/#organization","name":"Clinique v\u00e9t\u00e9rinaire de Grosbois","url":"https:\/\/www.cliniqueveterinairegrosbois.fr\/fr\/","logo":{"@type":"ImageObject","inLanguage":"fr-FR","@id":"https:\/\/www.cliniqueveterinairegrosbois.fr\/fr\/#\/schema\/logo\/image\/","url":"https:\/\/www.cliniqueveterinairegrosbois.fr\/wp-content\/uploads\/2021\/06\/Logo-ai.jpg","contentUrl":"https:\/\/www.cliniqueveterinairegrosbois.fr\/wp-content\/uploads\/2021\/06\/Logo-ai.jpg","width":1600,"height":1200,"caption":"Clinique v\u00e9t\u00e9rinaire de Grosbois"},"image":{"@id":"https:\/\/www.cliniqueveterinairegrosbois.fr\/fr\/#\/schema\/logo\/image\/"},"sameAs":["https:\/\/www.facebook.com\/cliniquegrosbois","https:\/\/www.instagram.com\/clinique.de.grosbois\/","https:\/\/fr.linkedin.com\/company\/clinique-veterinaire-de-grosbois"]}]}},"_links":{"self":[{"href":"https:\/\/www.cliniqueveterinairegrosbois.fr\/fr\/wp-json\/wp\/v2\/pages\/537"}],"collection":[{"href":"https:\/\/www.cliniqueveterinairegrosbois.fr\/fr\/wp-json\/wp\/v2\/pages"}],"about":[{"href":"https:\/\/www.cliniqueveterinairegrosbois.fr\/fr\/wp-json\/wp\/v2\/types\/page"}],"author":[{"embeddable":true,"href":"https:\/\/www.cliniqueveterinairegrosbois.fr\/fr\/wp-json\/wp\/v2\/users\/1"}],"replies":[{"embeddable":true,"href":"https:\/\/www.cliniqueveterinairegrosbois.fr\/fr\/wp-json\/wp\/v2\/comments?post=537"}],"version-history":[{"count":38,"href":"https:\/\/www.cliniqueveterinairegrosbois.fr\/fr\/wp-json\/wp\/v2\/pages\/537\/revisions"}],"predecessor-version":[{"id":538,"href":"https:\/\/www.cliniqueveterinairegrosbois.fr\/fr\/wp-json\/wp\/v2\/pages\/537\/revisions\/538"}],"up":[{"embeddable":true,"href":"https:\/\/www.cliniqueveterinairegrosbois.fr\/fr\/wp-json\/wp\/v2\/pages\/527"}],"wp:featuredmedia":[{"embeddable":true,"href":"https:\/\/www.cliniqueveterinairegrosbois.fr\/fr\/wp-json\/wp\/v2\/media\/2229"}],"wp:attachment":[{"href":"https:\/\/www.cliniqueveterinairegrosbois.fr\/fr\/wp-json\/wp\/v2\/media?parent=537"}],"curies":[{"name":"wp","href":"https:\/\/api.w.org\/{rel}","templated":true}]}}