{"id":525,"date":"2021-01-08T13:54:00","date_gmt":"2021-01-08T13:54:00","guid":{"rendered":"https:\/\/www.cliniqueveterinairegrosbois.fr\/?page_id=525"},"modified":"2021-06-15T16:14:50","modified_gmt":"2021-06-15T14:14:50","slug":"departements","status":"publish","type":"page","link":"https:\/\/www.cliniqueveterinairegrosbois.fr\/fr\/departements\/","title":{"rendered":"D\u00e9partements"},"content":{"rendered":"\n<section class=\"page-banner-section no-banner-page-section\" itemprop=\"hasPart\" itemscope itemtype=\"https:\/\/schema.org\/WebPageElement\">\n  \n    <section class=\"block-grid-wrapper block-grid-for-core-heading banner-heading banner-heading-\">\n      \n      <div class=\"default-editor-content grid-for-core-heading grid-container\">\n        <div class=\"grid-x grid-padding-x align-center\">\n          <div class=\"cell\">\n                        <h1>D\u00e9partements<\/h1>\n                      <\/div>\n        <\/div>\n      <\/div>\n    <\/section>\n\n  <\/section>\n\n\n\n\t<section class=\"page-list-section\" itemprop=\"hasPart\" itemscope itemtype=\"https:\/\/schema.org\/WebPageElement\">\n\t\t<div class=\"grid-container\">\n\t\t\t<div class=\"grid-x grid-padding-x mobile-team-slider\">\n\n\t\t\t\t          \n  \t\t\t  <article class=\"cell medium-6 large-3 article-team-box flex-container flex-dir-column post-525 page type-page status-publish hentry\" >\n              <meta itemprop=\"author\" content=\"Clinique v\u00e9t\u00e9rinaire de Grosbois\" \/>\n    <meta itemprop=\"image\" content=\"\" \/>\n    <meta itemprop=\"datePublished\" content=\"2021-01-08T13:54:00+02:00\" \/>\n    <meta itemprop=\"dateModified\" content=\"2021-06-15T16:14:50+02:00\" \/>\n    \n            <div class=\"team-content-wrapper\">\n    \t        \n              <a href=\"https:\/\/www.cliniqueveterinairegrosbois.fr\/fr\/departements\/medecine-generale-et-urgences\/\" itemprop=\"url mainEntityOfPage\">                                  <figure>\n                    <img decoding=\"async\"  data-fade-in loading=\"lazy\" src=\"data:image\/png;base64,R0lGODlhAQABAAD\/ACwAAAAAAQABAAACADs=\" data-lazy-interchange=\"[https:\/\/www.cliniqueveterinairegrosbois.fr\/wp-content\/uploads\/2021\/05\/iStock-838081922-scaled-260x260.jpg, small], [https:\/\/www.cliniqueveterinairegrosbois.fr\/wp-content\/uploads\/2021\/05\/iStock-838081922-scaled-520x520.jpg, retina]\" data-interchange-sizes=\"{&quot;small&quot;:{&quot;w&quot;:260,&quot;h&quot;:260},&quot;retina&quot;:{&quot;w&quot;:520,&quot;h&quot;:520}}\"  alt=\"M\u00e9decine g\u00e9n\u00e9rale et urgences\" itemprop=\"image\" data-fade-in \/>\n                  <\/figure>\n\n                                <i class=\"plus\"><svg xmlns=\"http:\/\/www.w3.org\/2000\/svg\" width=\"36\" height=\"36\"><defs><style>.b{fill:none;stroke:#fff;stroke-linecap:round;stroke-width:2px}<\/style><\/defs><path fill=\"#3a3a4e\" d=\"M0 0h36v36H0z\"\/><path class=\"b\" d=\"M18 10v16M26 18H10\"\/><\/svg><\/i>              <\/a>            <\/div>\n\n            <div class=\"article-box-content flex-child-grow flex-container flex-dir-column page-box-content\">\n              <header class=\"entry-header flex-child-grow flex-container flex-dir-column text-center\">\n                <h3 class=\"team-member-name flex-child-grow seo-title\" itemprop=\"name headline\">\n                                      M\u00e9decine g\u00e9n\u00e9rale et urgences                                  <\/h3>\n\n                              <\/header>\n            <\/div>\n\n          <\/article>\n\t\t\t\t          \n  \t\t\t  <article class=\"cell medium-6 large-3 article-team-box flex-container flex-dir-column post-525 page type-page status-publish hentry\" >\n              <meta itemprop=\"author\" content=\"Clinique v\u00e9t\u00e9rinaire de Grosbois\" \/>\n    <meta itemprop=\"image\" content=\"\" \/>\n    <meta itemprop=\"datePublished\" content=\"2021-01-08T13:54:00+02:00\" \/>\n    <meta itemprop=\"dateModified\" content=\"2021-06-15T16:14:50+02:00\" \/>\n    \n            <div class=\"team-content-wrapper\">\n    \t        \n              <a href=\"https:\/\/www.cliniqueveterinairegrosbois.fr\/fr\/departements\/medecine-interne-et-sportive\/\" itemprop=\"url mainEntityOfPage\">                                  <figure>\n                    <img decoding=\"async\"  data-fade-in loading=\"lazy\" src=\"data:image\/png;base64,R0lGODlhAQABAAD\/ACwAAAAAAQABAAACADs=\" data-lazy-interchange=\"[https:\/\/www.cliniqueveterinairegrosbois.fr\/wp-content\/uploads\/2021\/03\/67-scaled-260x260.jpg, small], [https:\/\/www.cliniqueveterinairegrosbois.fr\/wp-content\/uploads\/2021\/03\/67-scaled-520x520.jpg, retina]\" data-interchange-sizes=\"{&quot;small&quot;:{&quot;w&quot;:260,&quot;h&quot;:260},&quot;retina&quot;:{&quot;w&quot;:520,&quot;h&quot;:520}}\"  alt=\"M\u00e9decine interne et sportive\" itemprop=\"image\" data-fade-in \/>\n                  <\/figure>\n\n                                <i class=\"plus\"><svg xmlns=\"http:\/\/www.w3.org\/2000\/svg\" width=\"36\" height=\"36\"><defs><style>.b{fill:none;stroke:#fff;stroke-linecap:round;stroke-width:2px}<\/style><\/defs><path fill=\"#3a3a4e\" d=\"M0 0h36v36H0z\"\/><path class=\"b\" d=\"M18 10v16M26 18H10\"\/><\/svg><\/i>              <\/a>            <\/div>\n\n            <div class=\"article-box-content flex-child-grow flex-container flex-dir-column page-box-content\">\n              <header class=\"entry-header flex-child-grow flex-container flex-dir-column text-center\">\n                <h3 class=\"team-member-name flex-child-grow seo-title\" itemprop=\"name headline\">\n                                      M\u00e9decine interne et sportive                                  <\/h3>\n\n                              <\/header>\n            <\/div>\n\n          <\/article>\n\t\t\t\t          \n  \t\t\t  <article class=\"cell medium-6 large-3 article-team-box flex-container flex-dir-column post-525 page type-page status-publish hentry\" >\n              <meta itemprop=\"author\" content=\"Clinique v\u00e9t\u00e9rinaire de Grosbois\" \/>\n    <meta itemprop=\"image\" content=\"\" \/>\n    <meta itemprop=\"datePublished\" content=\"2021-01-08T13:54:00+02:00\" \/>\n    <meta itemprop=\"dateModified\" content=\"2021-06-15T16:14:50+02:00\" \/>\n    \n            <div class=\"team-content-wrapper\">\n    \t        \n              <a href=\"https:\/\/www.cliniqueveterinairegrosbois.fr\/fr\/departements\/chirurgie\/\" itemprop=\"url mainEntityOfPage\">                                  <figure>\n                    <img decoding=\"async\"  data-fade-in loading=\"lazy\" src=\"data:image\/png;base64,R0lGODlhAQABAAD\/ACwAAAAAAQABAAACADs=\" data-lazy-interchange=\"[https:\/\/www.cliniqueveterinairegrosbois.fr\/wp-content\/uploads\/2021\/03\/8-scaled-260x260.jpg, small], [https:\/\/www.cliniqueveterinairegrosbois.fr\/wp-content\/uploads\/2021\/03\/8-scaled-520x520.jpg, retina]\" data-interchange-sizes=\"{&quot;small&quot;:{&quot;w&quot;:260,&quot;h&quot;:260},&quot;retina&quot;:{&quot;w&quot;:520,&quot;h&quot;:520}}\"  alt=\"Chirurgie\" itemprop=\"image\" data-fade-in \/>\n                  <\/figure>\n\n                                <i class=\"plus\"><svg xmlns=\"http:\/\/www.w3.org\/2000\/svg\" width=\"36\" height=\"36\"><defs><style>.b{fill:none;stroke:#fff;stroke-linecap:round;stroke-width:2px}<\/style><\/defs><path fill=\"#3a3a4e\" d=\"M0 0h36v36H0z\"\/><path class=\"b\" d=\"M18 10v16M26 18H10\"\/><\/svg><\/i>              <\/a>            <\/div>\n\n            <div class=\"article-box-content flex-child-grow flex-container flex-dir-column page-box-content\">\n              <header class=\"entry-header flex-child-grow flex-container flex-dir-column text-center\">\n                <h3 class=\"team-member-name flex-child-grow seo-title\" itemprop=\"name headline\">\n                                      Chirurgie                                  <\/h3>\n\n                              <\/header>\n            <\/div>\n\n          <\/article>\n\t\t\t\t          \n  \t\t\t  <article class=\"cell medium-6 large-3 article-team-box flex-container flex-dir-column post-525 page type-page status-publish hentry\" >\n              <meta itemprop=\"author\" content=\"Clinique v\u00e9t\u00e9rinaire de Grosbois\" \/>\n    <meta itemprop=\"image\" content=\"\" \/>\n    <meta itemprop=\"datePublished\" content=\"2021-01-08T13:54:00+02:00\" \/>\n    <meta itemprop=\"dateModified\" content=\"2021-06-15T16:14:50+02:00\" \/>\n    \n            <div class=\"team-content-wrapper\">\n    \t        \n              <a href=\"https:\/\/www.cliniqueveterinairegrosbois.fr\/fr\/departements\/pathologie-locomotrice-et-imagerie\/\" itemprop=\"url mainEntityOfPage\">                                  <figure>\n                    <img decoding=\"async\"  data-fade-in loading=\"lazy\" src=\"data:image\/png;base64,R0lGODlhAQABAAD\/ACwAAAAAAQABAAACADs=\" data-lazy-interchange=\"[https:\/\/www.cliniqueveterinairegrosbois.fr\/wp-content\/uploads\/2021\/03\/48-scaled-260x260.jpg, small], [https:\/\/www.cliniqueveterinairegrosbois.fr\/wp-content\/uploads\/2021\/03\/48-scaled-520x520.jpg, retina]\" data-interchange-sizes=\"{&quot;small&quot;:{&quot;w&quot;:260,&quot;h&quot;:260},&quot;retina&quot;:{&quot;w&quot;:520,&quot;h&quot;:520}}\"  alt=\"Pathologie locomotrice et imagerie\" itemprop=\"image\" data-fade-in \/>\n                  <\/figure>\n\n                                <i class=\"plus\"><svg xmlns=\"http:\/\/www.w3.org\/2000\/svg\" width=\"36\" height=\"36\"><defs><style>.b{fill:none;stroke:#fff;stroke-linecap:round;stroke-width:2px}<\/style><\/defs><path fill=\"#3a3a4e\" d=\"M0 0h36v36H0z\"\/><path class=\"b\" d=\"M18 10v16M26 18H10\"\/><\/svg><\/i>              <\/a>            <\/div>\n\n            <div class=\"article-box-content flex-child-grow flex-container flex-dir-column page-box-content\">\n              <header class=\"entry-header flex-child-grow flex-container flex-dir-column text-center\">\n                <h3 class=\"team-member-name flex-child-grow seo-title\" itemprop=\"name headline\">\n                                      Pathologie locomotrice et imagerie                                  <\/h3>\n\n                              <\/header>\n            <\/div>\n\n          <\/article>\n\t\t\t\t          \n  \t\t\t  <article class=\"cell medium-6 large-3 article-team-box flex-container flex-dir-column post-525 page type-page status-publish hentry\" >\n              <meta itemprop=\"author\" content=\"Clinique v\u00e9t\u00e9rinaire de Grosbois\" \/>\n    <meta itemprop=\"image\" content=\"\" \/>\n    <meta itemprop=\"datePublished\" content=\"2021-01-08T13:54:00+02:00\" \/>\n    <meta itemprop=\"dateModified\" content=\"2021-06-15T16:14:50+02:00\" \/>\n    \n            <div class=\"team-content-wrapper\">\n    \t        \n              <a href=\"https:\/\/www.cliniqueveterinairegrosbois.fr\/fr\/departements\/ophtalmologie\/\" itemprop=\"url mainEntityOfPage\">                                  <figure>\n                    <img decoding=\"async\"  data-fade-in loading=\"lazy\" src=\"data:image\/png;base64,R0lGODlhAQABAAD\/ACwAAAAAAQABAAACADs=\" data-lazy-interchange=\"[https:\/\/www.cliniqueveterinairegrosbois.fr\/wp-content\/uploads\/2021\/03\/2016-12-6-11-24-14-15407-scaled-260x260.jpg, small], [https:\/\/www.cliniqueveterinairegrosbois.fr\/wp-content\/uploads\/2021\/03\/2016-12-6-11-24-14-15407-scaled-520x520.jpg, retina]\" data-interchange-sizes=\"{&quot;small&quot;:{&quot;w&quot;:260,&quot;h&quot;:260},&quot;retina&quot;:{&quot;w&quot;:520,&quot;h&quot;:520}}\"  alt=\"Ophtalmologie \u00e9quine\" itemprop=\"image\" data-fade-in \/>\n                  <\/figure>\n\n                                <i class=\"plus\"><svg xmlns=\"http:\/\/www.w3.org\/2000\/svg\" width=\"36\" height=\"36\"><defs><style>.b{fill:none;stroke:#fff;stroke-linecap:round;stroke-width:2px}<\/style><\/defs><path fill=\"#3a3a4e\" d=\"M0 0h36v36H0z\"\/><path class=\"b\" d=\"M18 10v16M26 18H10\"\/><\/svg><\/i>              <\/a>            <\/div>\n\n            <div class=\"article-box-content flex-child-grow flex-container flex-dir-column page-box-content\">\n              <header class=\"entry-header flex-child-grow flex-container flex-dir-column text-center\">\n                <h3 class=\"team-member-name flex-child-grow seo-title\" itemprop=\"name headline\">\n                                      Ophtalmologie \u00e9quine                                  <\/h3>\n\n                              <\/header>\n            <\/div>\n\n          <\/article>\n\t\t\t\t          \n  \t\t\t  <article class=\"cell medium-6 large-3 article-team-box flex-container flex-dir-column post-525 page type-page status-publish hentry\" >\n              <meta itemprop=\"author\" content=\"Clinique v\u00e9t\u00e9rinaire de Grosbois\" \/>\n    <meta itemprop=\"image\" content=\"\" \/>\n    <meta itemprop=\"datePublished\" content=\"2021-01-08T13:54:00+02:00\" \/>\n    <meta itemprop=\"dateModified\" content=\"2021-06-15T16:14:50+02:00\" \/>\n    \n            <div class=\"team-content-wrapper\">\n    \t        \n              <a href=\"https:\/\/www.cliniqueveterinairegrosbois.fr\/fr\/departements\/dentisterie\/\" itemprop=\"url mainEntityOfPage\">                                  <figure>\n                    <img decoding=\"async\"  data-fade-in loading=\"lazy\" src=\"data:image\/png;base64,R0lGODlhAQABAAD\/ACwAAAAAAQABAAACADs=\" data-lazy-interchange=\"[https:\/\/www.cliniqueveterinairegrosbois.fr\/wp-content\/uploads\/2021\/05\/Dentisterie-e1621854045364-260x260.jpg, small], [https:\/\/www.cliniqueveterinairegrosbois.fr\/wp-content\/uploads\/2021\/05\/Dentisterie-e1621854045364-520x520.jpg, retina]\" data-interchange-sizes=\"{&quot;small&quot;:{&quot;w&quot;:260,&quot;h&quot;:260},&quot;retina&quot;:{&quot;w&quot;:520,&quot;h&quot;:520}}\"  alt=\"Dentisterie \u00e9quine\" itemprop=\"image\" data-fade-in \/>\n                  <\/figure>\n\n                                <i class=\"plus\"><svg xmlns=\"http:\/\/www.w3.org\/2000\/svg\" width=\"36\" height=\"36\"><defs><style>.b{fill:none;stroke:#fff;stroke-linecap:round;stroke-width:2px}<\/style><\/defs><path fill=\"#3a3a4e\" d=\"M0 0h36v36H0z\"\/><path class=\"b\" d=\"M18 10v16M26 18H10\"\/><\/svg><\/i>              <\/a>            <\/div>\n\n            <div class=\"article-box-content flex-child-grow flex-container flex-dir-column page-box-content\">\n              <header class=\"entry-header flex-child-grow flex-container flex-dir-column text-center\">\n                <h3 class=\"team-member-name flex-child-grow seo-title\" itemprop=\"name headline\">\n                                      Dentisterie \u00e9quine                                  <\/h3>\n\n                              <\/header>\n            <\/div>\n\n          <\/article>\n\t\t\t\t\n\t\t\t<\/div>\n\t\t<\/div>\n\t<\/section>\n\n","protected":false},"excerpt":{"rendered":"","protected":false},"author":1,"featured_media":0,"parent":0,"menu_order":7,"comment_status":"closed","ping_status":"closed","template":"","meta":{"_acf_changed":false,"footnotes":""},"acf":[],"yoast_head":"<!-- This site is optimized with the Yoast SEO plugin v23.3 - https:\/\/yoast.com\/wordpress\/plugins\/seo\/ -->\n<title>D\u00e9partements - Clinique v\u00e9t\u00e9rinaire de Grosbois<\/title>\n<meta name=\"description\" content=\"La clinique v\u00e9t\u00e9rinaire \u00e9quine de Grosbois est multidisciplinaire et dispose de nombreux savoir faire dans le soin du cheval.\" \/>\n<meta name=\"robots\" content=\"index, follow, max-snippet:-1, max-image-preview:large, max-video-preview:-1\" \/>\n<link rel=\"canonical\" href=\"https:\/\/www.cliniqueveterinairegrosbois.fr\/fr\/departements\/\" \/>\n<meta property=\"og:locale\" content=\"fr_FR\" \/>\n<meta property=\"og:type\" content=\"article\" \/>\n<meta property=\"og:title\" content=\"D\u00e9partements - Clinique v\u00e9t\u00e9rinaire de Grosbois\" \/>\n<meta property=\"og:description\" content=\"La clinique v\u00e9t\u00e9rinaire \u00e9quine de Grosbois est multidisciplinaire et dispose de nombreux savoir faire dans le soin du cheval.\" \/>\n<meta property=\"og:url\" content=\"https:\/\/www.cliniqueveterinairegrosbois.fr\/fr\/departements\/\" \/>\n<meta property=\"og:site_name\" content=\"Clinique v\u00e9t\u00e9rinaire de Grosbois\" \/>\n<meta property=\"article:publisher\" content=\"https:\/\/www.facebook.com\/cliniquegrosbois\" \/>\n<meta property=\"article:modified_time\" content=\"2021-06-15T14:14:50+00:00\" \/>\n<meta property=\"og:image\" content=\"https:\/\/www.cliniqueveterinairegrosbois.fr\/wp-content\/uploads\/2021\/06\/Logo-ai.jpg\" \/>\n\t<meta property=\"og:image:width\" content=\"1600\" \/>\n\t<meta property=\"og:image:height\" content=\"1200\" \/>\n\t<meta property=\"og:image:type\" content=\"image\/jpeg\" \/>\n<meta name=\"twitter:card\" content=\"summary_large_image\" \/>\n<script type=\"application\/ld+json\" class=\"yoast-schema-graph\">{\"@context\":\"https:\/\/schema.org\",\"@graph\":[{\"@type\":\"WebPage\",\"@id\":\"https:\/\/www.cliniqueveterinairegrosbois.fr\/fr\/departements\/\",\"url\":\"https:\/\/www.cliniqueveterinairegrosbois.fr\/fr\/departements\/\",\"name\":\"D\u00e9partements - Clinique v\u00e9t\u00e9rinaire de Grosbois\",\"isPartOf\":{\"@id\":\"https:\/\/www.cliniqueveterinairegrosbois.fr\/fr\/#website\"},\"datePublished\":\"2021-01-08T13:54:00+00:00\",\"dateModified\":\"2021-06-15T14:14:50+00:00\",\"description\":\"La clinique v\u00e9t\u00e9rinaire \u00e9quine de Grosbois est multidisciplinaire et dispose de nombreux savoir faire dans le soin du cheval.\",\"breadcrumb\":{\"@id\":\"https:\/\/www.cliniqueveterinairegrosbois.fr\/fr\/departements\/#breadcrumb\"},\"inLanguage\":\"fr-FR\",\"potentialAction\":[{\"@type\":\"ReadAction\",\"target\":[\"https:\/\/www.cliniqueveterinairegrosbois.fr\/fr\/departements\/\"]}]},{\"@type\":\"BreadcrumbList\",\"@id\":\"https:\/\/www.cliniqueveterinairegrosbois.fr\/fr\/departements\/#breadcrumb\",\"itemListElement\":[{\"@type\":\"ListItem\",\"position\":1,\"name\":\"Accueil\",\"item\":\"https:\/\/www.cliniqueveterinairegrosbois.fr\/fr\/\"},{\"@type\":\"ListItem\",\"position\":2,\"name\":\"D\u00e9partements\"}]},{\"@type\":\"WebSite\",\"@id\":\"https:\/\/www.cliniqueveterinairegrosbois.fr\/fr\/#website\",\"url\":\"https:\/\/www.cliniqueveterinairegrosbois.fr\/fr\/\",\"name\":\"Clinique v\u00e9t\u00e9rinaire de Grosbois\",\"description\":\"\",\"publisher\":{\"@id\":\"https:\/\/www.cliniqueveterinairegrosbois.fr\/fr\/#organization\"},\"potentialAction\":[{\"@type\":\"SearchAction\",\"target\":{\"@type\":\"EntryPoint\",\"urlTemplate\":\"https:\/\/www.cliniqueveterinairegrosbois.fr\/fr\/?s={search_term_string}\"},\"query-input\":\"required name=search_term_string\"}],\"inLanguage\":\"fr-FR\"},{\"@type\":\"Organization\",\"@id\":\"https:\/\/www.cliniqueveterinairegrosbois.fr\/fr\/#organization\",\"name\":\"Clinique v\u00e9t\u00e9rinaire de Grosbois\",\"url\":\"https:\/\/www.cliniqueveterinairegrosbois.fr\/fr\/\",\"logo\":{\"@type\":\"ImageObject\",\"inLanguage\":\"fr-FR\",\"@id\":\"https:\/\/www.cliniqueveterinairegrosbois.fr\/fr\/#\/schema\/logo\/image\/\",\"url\":\"https:\/\/www.cliniqueveterinairegrosbois.fr\/wp-content\/uploads\/2021\/06\/Logo-ai.jpg\",\"contentUrl\":\"https:\/\/www.cliniqueveterinairegrosbois.fr\/wp-content\/uploads\/2021\/06\/Logo-ai.jpg\",\"width\":1600,\"height\":1200,\"caption\":\"Clinique v\u00e9t\u00e9rinaire de Grosbois\"},\"image\":{\"@id\":\"https:\/\/www.cliniqueveterinairegrosbois.fr\/fr\/#\/schema\/logo\/image\/\"},\"sameAs\":[\"https:\/\/www.facebook.com\/cliniquegrosbois\",\"https:\/\/www.instagram.com\/clinique.de.grosbois\/\",\"https:\/\/fr.linkedin.com\/company\/clinique-veterinaire-de-grosbois\"]}]}<\/script>\n<!-- \/ Yoast SEO plugin. -->","yoast_head_json":{"title":"D\u00e9partements - Clinique v\u00e9t\u00e9rinaire de Grosbois","description":"La clinique v\u00e9t\u00e9rinaire \u00e9quine de Grosbois est multidisciplinaire et dispose de nombreux savoir faire dans le soin du cheval.","robots":{"index":"index","follow":"follow","max-snippet":"max-snippet:-1","max-image-preview":"max-image-preview:large","max-video-preview":"max-video-preview:-1"},"canonical":"https:\/\/www.cliniqueveterinairegrosbois.fr\/fr\/departements\/","og_locale":"fr_FR","og_type":"article","og_title":"D\u00e9partements - Clinique v\u00e9t\u00e9rinaire de Grosbois","og_description":"La clinique v\u00e9t\u00e9rinaire \u00e9quine de Grosbois est multidisciplinaire et dispose de nombreux savoir faire dans le soin du cheval.","og_url":"https:\/\/www.cliniqueveterinairegrosbois.fr\/fr\/departements\/","og_site_name":"Clinique v\u00e9t\u00e9rinaire de Grosbois","article_publisher":"https:\/\/www.facebook.com\/cliniquegrosbois","article_modified_time":"2021-06-15T14:14:50+00:00","og_image":[{"width":1600,"height":1200,"url":"https:\/\/www.cliniqueveterinairegrosbois.fr\/wp-content\/uploads\/2021\/06\/Logo-ai.jpg","type":"image\/jpeg"}],"twitter_card":"summary_large_image","schema":{"@context":"https:\/\/schema.org","@graph":[{"@type":"WebPage","@id":"https:\/\/www.cliniqueveterinairegrosbois.fr\/fr\/departements\/","url":"https:\/\/www.cliniqueveterinairegrosbois.fr\/fr\/departements\/","name":"D\u00e9partements - Clinique v\u00e9t\u00e9rinaire de Grosbois","isPartOf":{"@id":"https:\/\/www.cliniqueveterinairegrosbois.fr\/fr\/#website"},"datePublished":"2021-01-08T13:54:00+00:00","dateModified":"2021-06-15T14:14:50+00:00","description":"La clinique v\u00e9t\u00e9rinaire \u00e9quine de Grosbois est multidisciplinaire et dispose de nombreux savoir faire dans le soin du cheval.","breadcrumb":{"@id":"https:\/\/www.cliniqueveterinairegrosbois.fr\/fr\/departements\/#breadcrumb"},"inLanguage":"fr-FR","potentialAction":[{"@type":"ReadAction","target":["https:\/\/www.cliniqueveterinairegrosbois.fr\/fr\/departements\/"]}]},{"@type":"BreadcrumbList","@id":"https:\/\/www.cliniqueveterinairegrosbois.fr\/fr\/departements\/#breadcrumb","itemListElement":[{"@type":"ListItem","position":1,"name":"Accueil","item":"https:\/\/www.cliniqueveterinairegrosbois.fr\/fr\/"},{"@type":"ListItem","position":2,"name":"D\u00e9partements"}]},{"@type":"WebSite","@id":"https:\/\/www.cliniqueveterinairegrosbois.fr\/fr\/#website","url":"https:\/\/www.cliniqueveterinairegrosbois.fr\/fr\/","name":"Clinique v\u00e9t\u00e9rinaire de Grosbois","description":"","publisher":{"@id":"https:\/\/www.cliniqueveterinairegrosbois.fr\/fr\/#organization"},"potentialAction":[{"@type":"SearchAction","target":{"@type":"EntryPoint","urlTemplate":"https:\/\/www.cliniqueveterinairegrosbois.fr\/fr\/?s={search_term_string}"},"query-input":"required name=search_term_string"}],"inLanguage":"fr-FR"},{"@type":"Organization","@id":"https:\/\/www.cliniqueveterinairegrosbois.fr\/fr\/#organization","name":"Clinique v\u00e9t\u00e9rinaire de Grosbois","url":"https:\/\/www.cliniqueveterinairegrosbois.fr\/fr\/","logo":{"@type":"ImageObject","inLanguage":"fr-FR","@id":"https:\/\/www.cliniqueveterinairegrosbois.fr\/fr\/#\/schema\/logo\/image\/","url":"https:\/\/www.cliniqueveterinairegrosbois.fr\/wp-content\/uploads\/2021\/06\/Logo-ai.jpg","contentUrl":"https:\/\/www.cliniqueveterinairegrosbois.fr\/wp-content\/uploads\/2021\/06\/Logo-ai.jpg","width":1600,"height":1200,"caption":"Clinique v\u00e9t\u00e9rinaire de Grosbois"},"image":{"@id":"https:\/\/www.cliniqueveterinairegrosbois.fr\/fr\/#\/schema\/logo\/image\/"},"sameAs":["https:\/\/www.facebook.com\/cliniquegrosbois","https:\/\/www.instagram.com\/clinique.de.grosbois\/","https:\/\/fr.linkedin.com\/company\/clinique-veterinaire-de-grosbois"]}]}},"_links":{"self":[{"href":"https:\/\/www.cliniqueveterinairegrosbois.fr\/fr\/wp-json\/wp\/v2\/pages\/525"}],"collection":[{"href":"https:\/\/www.cliniqueveterinairegrosbois.fr\/fr\/wp-json\/wp\/v2\/pages"}],"about":[{"href":"https:\/\/www.cliniqueveterinairegrosbois.fr\/fr\/wp-json\/wp\/v2\/types\/page"}],"author":[{"embeddable":true,"href":"https:\/\/www.cliniqueveterinairegrosbois.fr\/fr\/wp-json\/wp\/v2\/users\/1"}],"replies":[{"embeddable":true,"href":"https:\/\/www.cliniqueveterinairegrosbois.fr\/fr\/wp-json\/wp\/v2\/comments?post=525"}],"version-history":[{"count":6,"href":"https:\/\/www.cliniqueveterinairegrosbois.fr\/fr\/wp-json\/wp\/v2\/pages\/525\/revisions"}],"predecessor-version":[{"id":526,"href":"https:\/\/www.cliniqueveterinairegrosbois.fr\/fr\/wp-json\/wp\/v2\/pages\/525\/revisions\/526"}],"wp:attachment":[{"href":"https:\/\/www.cliniqueveterinairegrosbois.fr\/fr\/wp-json\/wp\/v2\/media?parent=525"}],"curies":[{"name":"wp","href":"https:\/\/api.w.org\/{rel}","templated":true}]}}