{"id":4621,"date":"2021-05-24T11:02:46","date_gmt":"2021-05-24T09:02:46","guid":{"rendered":"https:\/\/www.cliniqueveterinairegrosbois.fr\/?page_id=4621"},"modified":"2024-09-09T13:47:27","modified_gmt":"2024-09-09T11:47:27","slug":"imagerie-medicale","status":"publish","type":"page","link":"https:\/\/www.cliniqueveterinairegrosbois.fr\/fr\/departements\/imagerie-medicale\/","title":{"rendered":"Imagerie M\u00e9dicale"},"content":{"rendered":"\n<section class=\"page-banner-section no-banner-page-section\" itemprop=\"hasPart\" itemscope itemtype=\"https:\/\/schema.org\/WebPageElement\">\n  \n    <section class=\"block-grid-wrapper block-grid-for-core-heading banner-heading banner-heading-\">\n      \n      <div class=\"default-editor-content grid-for-core-heading grid-container\">\n        <div class=\"grid-x grid-padding-x align-center\">\n          <div class=\"cell\">\n                        <h1>Imagerie M\u00e9dicale<\/h1>\n                      <\/div>\n        <\/div>\n      <\/div>\n    <\/section>\n\n  <\/section>\n\n\n<section class=\"block-grid-wrapper block-grid-for-core-paragraph\">\n      <div class=\"default-editor-content grid-for-core-paragraph grid-container\">\n        <div class=\"grid-x grid-padding-x align-center\">\n          <div class=\"cell\">\n            \n<p><\/p>\n          <\/div>\n        <\/div>\n      <\/div>\n\n      <\/section>\n\n<section class=\"block-grid-wrapper block-grid-for-core-heading\">\n      <div class=\"default-editor-content grid-for-core-heading grid-container\">\n        <div class=\"grid-x grid-padding-x align-center\">\n          <div class=\"cell\">\n            \n<h2 class=\"wp-block-heading\">Quelles sont les techniques d&rsquo;imagerie m\u00e9dicale que nous utilisons dans la clinique ?<\/h2>\n          <\/div>\n        <\/div>\n      <\/div>\n\n      <\/section>\n\n<section class=\"block-grid-wrapper block-grid-for-core-paragraph\">\n      <div class=\"default-editor-content grid-for-core-paragraph grid-container\">\n        <div class=\"grid-x grid-padding-x align-center\">\n          <div class=\"cell\">\n            \n<p><strong>Radiographie \u00c9quine<\/strong><br>La radiographie utilise les rayons X pour produire des images d\u00e9taill\u00e9es des structures internes des chevaux. Ces images sont des projections en deux dimensions qui permettent de diagnostiquer une grande vari\u00e9t\u00e9 de pathologies, notamment osseuses et articulaires. La radiographie reste aujourd&rsquo;hui un outil fondamental en m\u00e9decine v\u00e9t\u00e9rinaire moderne. Gr\u00e2ce \u00e0 notre syst\u00e8me de radiographie num\u00e9rique, nous obtenons des images de haute d\u00e9finition rapidement et de mani\u00e8re \u00e9cologique, directement visibles sur \u00e9cran. Toutes les radiographies r\u00e9alis\u00e9es au sein de notre clinique sont archiv\u00e9es num\u00e9riquement, et nous pouvons les envoyer par voie \u00e9lectronique sur demande<\/p>\n          <\/div>\n        <\/div>\n      <\/div>\n\n      <\/section>\n\n<section class=\"block-grid-wrapper block-grid-for-core-image\">\n      <div class=\"default-editor-content grid-for-core-image grid-container\">\n        <div class=\"grid-x grid-padding-x align-center\">\n          <div class=\"cell\">\n            \n<figure class=\"wp-block-image size-large is-resized\"><img loading=\"lazy\" decoding=\"async\" width=\"1024\" height=\"1024\" src=\"https:\/\/www.cliniqueveterinairegrosbois.fr\/wp-content\/uploads\/2024\/09\/Saki-1-1024x1024.jpg\" alt=\"\" class=\"wp-image-4630\" style=\"width:434px;height:auto\" srcset=\"https:\/\/www.cliniqueveterinairegrosbois.fr\/wp-content\/uploads\/2024\/09\/Saki-1-1024x1024.jpg 1024w, https:\/\/www.cliniqueveterinairegrosbois.fr\/wp-content\/uploads\/2024\/09\/Saki-1-300x300.jpg 300w, https:\/\/www.cliniqueveterinairegrosbois.fr\/wp-content\/uploads\/2024\/09\/Saki-1-150x150.jpg 150w, https:\/\/www.cliniqueveterinairegrosbois.fr\/wp-content\/uploads\/2024\/09\/Saki-1-768x768.jpg 768w, https:\/\/www.cliniqueveterinairegrosbois.fr\/wp-content\/uploads\/2024\/09\/Saki-1-100x100.jpg 100w, https:\/\/www.cliniqueveterinairegrosbois.fr\/wp-content\/uploads\/2024\/09\/Saki-1.jpg 1080w\" sizes=\"(max-width: 1024px) 100vw, 1024px\" \/><\/figure>\n          <\/div>\n        <\/div>\n      <\/div>\n\n      <\/section>\n\n<section class=\"block-grid-wrapper block-grid-for-core-paragraph\">\n      <div class=\"default-editor-content grid-for-core-paragraph grid-container\">\n        <div class=\"grid-x grid-padding-x align-center\">\n          <div class=\"cell\">\n            \n<p><strong>\u00c9chographie \u00c9quine<\/strong><br>L&rsquo;\u00e9chographie est une technique d&rsquo;imagerie dynamique qui utilise les ultrasons pour visualiser les organes internes en temps r\u00e9el. C\u2019est une m\u00e9thode privil\u00e9gi\u00e9e pour l&rsquo;\u00e9valuation des affections abdominales, ainsi que pour l\u2019examen des tendons et des ligaments des chevaux. Cet examen peut inclure un Doppler pour analyser la circulation sanguine. L&rsquo;\u00e9chographie est g\u00e9n\u00e9ralement r\u00e9alis\u00e9e sur un animal conscient, bien qu&rsquo;une s\u00e9dation l\u00e9g\u00e8re puisse \u00eatre n\u00e9cessaire pour minimiser le stress et assurer la qualit\u00e9 des images. Il est \u00e9galement n\u00e9cessaire de raser la zone \u00e0 examiner pour permettre une transmission optimale des ultrasons.<\/p>\n          <\/div>\n        <\/div>\n      <\/div>\n\n      <\/section>\n\n<section class=\"block-grid-wrapper block-grid-for-core-image\">\n      <div class=\"default-editor-content grid-for-core-image grid-container\">\n        <div class=\"grid-x grid-padding-x align-center\">\n          <div class=\"cell\">\n            \n<figure class=\"wp-block-image size-large is-resized\"><img loading=\"lazy\" decoding=\"async\" width=\"1024\" height=\"1024\" src=\"https:\/\/www.cliniqueveterinairegrosbois.fr\/wp-content\/uploads\/2024\/09\/ECHOGRAPHIE-TRAITEMETNT--1024x1024.jpg\" alt=\"\" class=\"wp-image-4628\" style=\"width:431px;height:auto\" srcset=\"https:\/\/www.cliniqueveterinairegrosbois.fr\/wp-content\/uploads\/2024\/09\/ECHOGRAPHIE-TRAITEMETNT--1024x1024.jpg 1024w, https:\/\/www.cliniqueveterinairegrosbois.fr\/wp-content\/uploads\/2024\/09\/ECHOGRAPHIE-TRAITEMETNT--300x300.jpg 300w, https:\/\/www.cliniqueveterinairegrosbois.fr\/wp-content\/uploads\/2024\/09\/ECHOGRAPHIE-TRAITEMETNT--150x150.jpg 150w, https:\/\/www.cliniqueveterinairegrosbois.fr\/wp-content\/uploads\/2024\/09\/ECHOGRAPHIE-TRAITEMETNT--768x768.jpg 768w, https:\/\/www.cliniqueveterinairegrosbois.fr\/wp-content\/uploads\/2024\/09\/ECHOGRAPHIE-TRAITEMETNT--100x100.jpg 100w, https:\/\/www.cliniqueveterinairegrosbois.fr\/wp-content\/uploads\/2024\/09\/ECHOGRAPHIE-TRAITEMETNT-.jpg 1080w\" sizes=\"(max-width: 1024px) 100vw, 1024px\" \/><\/figure>\n          <\/div>\n        <\/div>\n      <\/div>\n\n      <\/section>\n\n<section class=\"block-grid-wrapper block-grid-for-core-paragraph\">\n      <div class=\"default-editor-content grid-for-core-paragraph grid-container\">\n        <div class=\"grid-x grid-padding-x align-center\">\n          <div class=\"cell\">\n            \n<p><strong>IRM (Imagerie par R\u00e9sonance Magn\u00e9tique)<\/strong><br>L\u2019IRM est une technique d\u2019imagerie qui, \u00e0 travers un gros aimant, permet d\u2019obtenir des images en 3D et de haute r\u00e9solution des membres, jusqu\u2019\u00e0 la partie distale du carpe et du jarret. Il est particuli\u00e8rement indiqu\u00e9 pour le diagnostique et le suivi des traumatismes osseux, mais \u00e9galement pour l\u2019\u00e9tude des structures du pied \u00e9tant \u00e0 l\u2019int\u00e9rieur de la bo\u00eete corn\u00e9e. L\u2019examen se d\u00e9roule enti\u00e8rement sur cheval debout sous s\u00e9dation.<\/p>\n          <\/div>\n        <\/div>\n      <\/div>\n\n      <\/section>\n\n<section class=\"block-grid-wrapper block-grid-for-core-image\">\n      <div class=\"default-editor-content grid-for-core-image grid-container\">\n        <div class=\"grid-x grid-padding-x align-center\">\n          <div class=\"cell\">\n            \n<figure data-wp-context=\"{&quot;uploadedSrc&quot;:&quot;https:\\\/\\\/www.cliniqueveterinairegrosbois.fr\\\/wp-content\\\/uploads\\\/2024\\\/09\\\/IRM.png&quot;,&quot;figureClassNames&quot;:&quot;wp-block-image aligncenter size-full is-style-default&quot;,&quot;figureStyles&quot;:null,&quot;imgClassNames&quot;:&quot;wp-image-4669&quot;,&quot;imgStyles&quot;:null,&quot;targetWidth&quot;:1920,&quot;targetHeight&quot;:1080,&quot;scaleAttr&quot;:false,&quot;ariaLabel&quot;:&quot;Agrandir l\\u2018image&quot;,&quot;alt&quot;:&quot;&quot;}\" data-wp-interactive=\"core\/image\" class=\"wp-block-image aligncenter size-full is-style-default wp-lightbox-container\"><img loading=\"lazy\" decoding=\"async\" width=\"1920\" height=\"1080\" data-wp-init=\"callbacks.setButtonStyles\" data-wp-on--click=\"actions.showLightbox\" data-wp-on--load=\"callbacks.setButtonStyles\" data-wp-on-window--resize=\"callbacks.setButtonStyles\" src=\"https:\/\/www.cliniqueveterinairegrosbois.fr\/wp-content\/uploads\/2024\/09\/IRM.png\" alt=\"\" class=\"wp-image-4669\" srcset=\"https:\/\/www.cliniqueveterinairegrosbois.fr\/wp-content\/uploads\/2024\/09\/IRM.png 1920w, https:\/\/www.cliniqueveterinairegrosbois.fr\/wp-content\/uploads\/2024\/09\/IRM-300x169.png 300w, https:\/\/www.cliniqueveterinairegrosbois.fr\/wp-content\/uploads\/2024\/09\/IRM-1024x576.png 1024w, https:\/\/www.cliniqueveterinairegrosbois.fr\/wp-content\/uploads\/2024\/09\/IRM-768x432.png 768w, https:\/\/www.cliniqueveterinairegrosbois.fr\/wp-content\/uploads\/2024\/09\/IRM-1536x864.png 1536w, https:\/\/www.cliniqueveterinairegrosbois.fr\/wp-content\/uploads\/2024\/09\/IRM-100x56.png 100w, https:\/\/www.cliniqueveterinairegrosbois.fr\/wp-content\/uploads\/2024\/09\/IRM-375x211.png 375w, https:\/\/www.cliniqueveterinairegrosbois.fr\/wp-content\/uploads\/2024\/09\/IRM-1183x665.png 1183w, https:\/\/www.cliniqueveterinairegrosbois.fr\/wp-content\/uploads\/2024\/09\/IRM-1900x1069.png 1900w, https:\/\/www.cliniqueveterinairegrosbois.fr\/wp-content\/uploads\/2024\/09\/IRM-750x422.png 750w\" sizes=\"(max-width: 1920px) 100vw, 1920px\" \/><button\n\t\t\tclass=\"lightbox-trigger\"\n\t\t\ttype=\"button\"\n\t\t\taria-haspopup=\"dialog\"\n\t\t\taria-label=\"Agrandir l\u2018image\"\n\t\t\tdata-wp-init=\"callbacks.initTriggerButton\"\n\t\t\tdata-wp-on--click=\"actions.showLightbox\"\n\t\t\tdata-wp-style--right=\"context.imageButtonRight\"\n\t\t\tdata-wp-style--top=\"context.imageButtonTop\"\n\t\t>\n\t\t\t<svg xmlns=\"http:\/\/www.w3.org\/2000\/svg\" width=\"12\" height=\"12\" fill=\"none\" viewBox=\"0 0 12 12\">\n\t\t\t\t<path fill=\"#fff\" d=\"M2 0a2 2 0 0 0-2 2v2h1.5V2a.5.5 0 0 1 .5-.5h2V0H2Zm2 10.5H2a.5.5 0 0 1-.5-.5V8H0v2a2 2 0 0 0 2 2h2v-1.5ZM8 12v-1.5h2a.5.5 0 0 0 .5-.5V8H12v2a2 2 0 0 1-2 2H8Zm2-12a2 2 0 0 1 2 2v2h-1.5V2a.5.5 0 0 0-.5-.5H8V0h2Z\" \/>\n\t\t\t<\/svg>\n\t\t<\/button><\/figure>\n          <\/div>\n        <\/div>\n      <\/div>\n\n      <\/section>\n\n<section class=\"block-grid-wrapper block-grid-for-core-paragraph\">\n      <div class=\"default-editor-content grid-for-core-paragraph grid-container\">\n        <div class=\"grid-x grid-padding-x align-center\">\n          <div class=\"cell\">\n            \n<p><strong>DRS (Endoscopie Embarqu\u00e9e)<\/strong><br>Le DRS, ou endoscopie embarqu\u00e9e, est une technique d&rsquo;examen interne r\u00e9alis\u00e9e \u00e0 l&rsquo;aide d&rsquo;une cam\u00e9ra miniature plac\u00e9e directement sur le cheval en mouvement. Cette m\u00e9thode est id\u00e9ale pour \u00e9valuer en temps r\u00e9el les voies respiratoires sup\u00e9rieures lors de l&rsquo;exercice. Elle permet de diagnostiquer efficacement des troubles respiratoires dynamiques, tels que l&rsquo;affaissement du larynx ou d&rsquo;autres obstructions des voies respiratoires qui ne se manifestent que pendant l&rsquo;effort. L&rsquo;endoscopie embarqu\u00e9e est un outil pr\u00e9cieux pour optimiser les performances des chevaux de sport ou de course en d\u00e9tectant des anomalies respiratoires qui peuvent affecter leur performance.<\/p>\n          <\/div>\n        <\/div>\n      <\/div>\n\n      <\/section>\n\n<section class=\"block-grid-wrapper block-grid-for-core-paragraph\">\n      <div class=\"default-editor-content grid-for-core-paragraph grid-container\">\n        <div class=\"grid-x grid-padding-x align-center\">\n          <div class=\"cell\">\n            \n<p><strong>Endoscopie Digestive<\/strong><br>L&rsquo;endoscopie digestive est une technique d&rsquo;exploration interne qui utilise une cam\u00e9ra flexible pour examiner l&rsquo;\u0153sophage, l&rsquo;estomac et le d\u00e9but de l&rsquo;intestin gr\u00eale. Cet examen est particuli\u00e8rement utile pour diagnostiquer des affections telles que les ulc\u00e8res gastriques, les st\u00e9noses, ou les obstructions digestives. R\u00e9alis\u00e9e sous s\u00e9dation l\u00e9g\u00e8re pour le confort du cheval, l&rsquo;endoscopie digestive permet une visualisation pr\u00e9cise des muqueuses et, si n\u00e9cessaire, la r\u00e9alisation de pr\u00e9l\u00e8vements pour une analyse histologique. Cet examen est essentiel pour identifier les causes de troubles digestifs et \u00e9laborer des traitements appropri\u00e9s.<\/p>\n          <\/div>\n        <\/div>\n      <\/div>\n\n      <\/section>\n\n<section class=\"block-grid-wrapper block-grid-for-core-paragraph\">\n      <div class=\"default-editor-content grid-for-core-paragraph grid-container\">\n        <div class=\"grid-x grid-padding-x align-center\">\n          <div class=\"cell\">\n            \n<p><strong>C\u0153lioscopie<\/strong><br>La c\u0153lioscopie, ou laparoscopie, est une proc\u00e9dure mini-invasive qui permet d&rsquo;examiner la cavit\u00e9 abdominale \u00e0 l&rsquo;aide d&rsquo;une petite cam\u00e9ra introduite \u00e0 travers de petites incisions sur le flanc du cheval. Ce proc\u00e9d\u00e9 est particuli\u00e8rement indiqu\u00e9 pour l&rsquo;exploration et la gestion de certaines affections abdominales, telles que les coliques r\u00e9currentes, les masses abdominales, ou les interventions chirurgicales cibl\u00e9es (comme la castration cryptorchide). Gr\u00e2ce \u00e0 sa pr\u00e9cision, la c\u0153lioscopie permet des diagnostics et des interventions chirurgicales avec un risque minimal et une r\u00e9cup\u00e9ration plus rapide par rapport aux techniques chirurgicales traditionnelles.<\/p>\n          <\/div>\n        <\/div>\n      <\/div>\n\n      <\/section>\n\n<section class=\"block-grid-wrapper block-grid-for-core-list\">\n      <div class=\"default-editor-content grid-for-core-list grid-container\">\n        <div class=\"grid-x grid-padding-x align-center\">\n          <div class=\"cell\">\n            \n<ul>\n<li><\/li>\n<\/ul>\n          <\/div>\n        <\/div>\n      <\/div>\n\n      <\/section>\n\n<section class=\"block-grid-wrapper block-grid-for-core-gallery\">\n      <div class=\"default-editor-content grid-for-core-gallery grid-container\">\n        <div class=\"grid-x grid-padding-x align-center\">\n          <div class=\"cell\">\n            \n<figure class=\"wp-block-gallery has-nested-images columns-default is-cropped wp-block-gallery-1 is-layout-flex wp-block-gallery-is-layout-flex\"><figcaption class=\"blocks-gallery-caption wp-element-caption\">Soin d&rsquo;une carie<\/figcaption><\/figure>\n          <\/div>\n        <\/div>\n      <\/div>\n\n      <\/section>\n\n","protected":false},"excerpt":{"rendered":"<p>Quelles sont les techniques d&rsquo;imagerie m\u00e9dicale que nous utilisons dans la clinique ? Radiographie \u00c9quineLa radiographie utilise les rayons X pour produire des images d\u00e9taill\u00e9es des structures internes des chevaux. Ces images sont des projections en deux dimensions qui permettent de diagnostiquer une grande vari\u00e9t\u00e9 de pathologies, notamment osseuses et articulaires. La radiographie reste aujourd&rsquo;hui [&hellip;]<\/p>\n","protected":false},"author":2,"featured_media":4669,"parent":525,"menu_order":5,"comment_status":"closed","ping_status":"closed","template":"","meta":{"_acf_changed":false,"footnotes":""},"acf":[],"yoast_head":"<!-- This site is optimized with the Yoast SEO plugin v23.3 - https:\/\/yoast.com\/wordpress\/plugins\/seo\/ -->\n<title>Imagerie M\u00e9dicale - Clinique v\u00e9t\u00e9rinaire de Grosbois<\/title>\n<meta name=\"description\" content=\"La Clinique de Grosbois offre un service d&#039;imagerie m\u00e9dicale de pointe.\" \/>\n<meta name=\"robots\" content=\"index, follow, max-snippet:-1, max-image-preview:large, max-video-preview:-1\" \/>\n<link rel=\"canonical\" href=\"http:\/\/www.cliniqueveterinairegrosbois.fr\/fr\/departements\/imagerie-medicale\/\" \/>\n<meta property=\"og:locale\" content=\"fr_FR\" \/>\n<meta property=\"og:type\" content=\"article\" \/>\n<meta property=\"og:title\" content=\"Imagerie M\u00e9dicale - Clinique v\u00e9t\u00e9rinaire de Grosbois\" \/>\n<meta property=\"og:description\" content=\"La Clinique de Grosbois offre un service d&#039;imagerie m\u00e9dicale de pointe.\" \/>\n<meta property=\"og:url\" content=\"http:\/\/www.cliniqueveterinairegrosbois.fr\/fr\/departements\/imagerie-medicale\/\" \/>\n<meta property=\"og:site_name\" content=\"Clinique v\u00e9t\u00e9rinaire de Grosbois\" \/>\n<meta property=\"article:publisher\" content=\"https:\/\/www.facebook.com\/cliniquegrosbois\" \/>\n<meta property=\"article:modified_time\" content=\"2024-09-09T11:47:27+00:00\" \/>\n<meta property=\"og:image\" content=\"https:\/\/www.cliniqueveterinairegrosbois.fr\/wp-content\/uploads\/2024\/09\/IRM.png\" \/>\n\t<meta property=\"og:image:width\" content=\"1920\" \/>\n\t<meta property=\"og:image:height\" content=\"1080\" \/>\n\t<meta property=\"og:image:type\" content=\"image\/png\" \/>\n<meta name=\"twitter:card\" content=\"summary_large_image\" \/>\n<meta name=\"twitter:label1\" content=\"Dur\u00e9e de lecture estim\u00e9e\" \/>\n\t<meta name=\"twitter:data1\" content=\"4 minutes\" \/>\n<script type=\"application\/ld+json\" class=\"yoast-schema-graph\">{\"@context\":\"https:\/\/schema.org\",\"@graph\":[{\"@type\":\"WebPage\",\"@id\":\"http:\/\/www.cliniqueveterinairegrosbois.fr\/fr\/departements\/imagerie-medicale\/\",\"url\":\"http:\/\/www.cliniqueveterinairegrosbois.fr\/fr\/departements\/imagerie-medicale\/\",\"name\":\"Imagerie M\u00e9dicale - Clinique v\u00e9t\u00e9rinaire de Grosbois\",\"isPartOf\":{\"@id\":\"https:\/\/www.cliniqueveterinairegrosbois.fr\/fr\/#website\"},\"primaryImageOfPage\":{\"@id\":\"http:\/\/www.cliniqueveterinairegrosbois.fr\/fr\/departements\/imagerie-medicale\/#primaryimage\"},\"image\":{\"@id\":\"http:\/\/www.cliniqueveterinairegrosbois.fr\/fr\/departements\/imagerie-medicale\/#primaryimage\"},\"thumbnailUrl\":\"https:\/\/www.cliniqueveterinairegrosbois.fr\/wp-content\/uploads\/2024\/09\/IRM.png\",\"datePublished\":\"2021-05-24T09:02:46+00:00\",\"dateModified\":\"2024-09-09T11:47:27+00:00\",\"description\":\"La Clinique de Grosbois offre un service d'imagerie m\u00e9dicale de pointe.\",\"breadcrumb\":{\"@id\":\"http:\/\/www.cliniqueveterinairegrosbois.fr\/fr\/departements\/imagerie-medicale\/#breadcrumb\"},\"inLanguage\":\"fr-FR\",\"potentialAction\":[{\"@type\":\"ReadAction\",\"target\":[\"http:\/\/www.cliniqueveterinairegrosbois.fr\/fr\/departements\/imagerie-medicale\/\"]}]},{\"@type\":\"ImageObject\",\"inLanguage\":\"fr-FR\",\"@id\":\"http:\/\/www.cliniqueveterinairegrosbois.fr\/fr\/departements\/imagerie-medicale\/#primaryimage\",\"url\":\"https:\/\/www.cliniqueveterinairegrosbois.fr\/wp-content\/uploads\/2024\/09\/IRM.png\",\"contentUrl\":\"https:\/\/www.cliniqueveterinairegrosbois.fr\/wp-content\/uploads\/2024\/09\/IRM.png\",\"width\":1920,\"height\":1080},{\"@type\":\"BreadcrumbList\",\"@id\":\"http:\/\/www.cliniqueveterinairegrosbois.fr\/fr\/departements\/imagerie-medicale\/#breadcrumb\",\"itemListElement\":[{\"@type\":\"ListItem\",\"position\":1,\"name\":\"Accueil\",\"item\":\"https:\/\/www.cliniqueveterinairegrosbois.fr\/fr\/\"},{\"@type\":\"ListItem\",\"position\":2,\"name\":\"D\u00e9partements\",\"item\":\"https:\/\/www.cliniqueveterinairegrosbois.fr\/fr\/departements\/\"},{\"@type\":\"ListItem\",\"position\":3,\"name\":\"Imagerie M\u00e9dicale\"}]},{\"@type\":\"WebSite\",\"@id\":\"https:\/\/www.cliniqueveterinairegrosbois.fr\/fr\/#website\",\"url\":\"https:\/\/www.cliniqueveterinairegrosbois.fr\/fr\/\",\"name\":\"Clinique v\u00e9t\u00e9rinaire de Grosbois\",\"description\":\"\",\"publisher\":{\"@id\":\"https:\/\/www.cliniqueveterinairegrosbois.fr\/fr\/#organization\"},\"potentialAction\":[{\"@type\":\"SearchAction\",\"target\":{\"@type\":\"EntryPoint\",\"urlTemplate\":\"https:\/\/www.cliniqueveterinairegrosbois.fr\/fr\/?s={search_term_string}\"},\"query-input\":\"required name=search_term_string\"}],\"inLanguage\":\"fr-FR\"},{\"@type\":\"Organization\",\"@id\":\"https:\/\/www.cliniqueveterinairegrosbois.fr\/fr\/#organization\",\"name\":\"Clinique v\u00e9t\u00e9rinaire de Grosbois\",\"url\":\"https:\/\/www.cliniqueveterinairegrosbois.fr\/fr\/\",\"logo\":{\"@type\":\"ImageObject\",\"inLanguage\":\"fr-FR\",\"@id\":\"https:\/\/www.cliniqueveterinairegrosbois.fr\/fr\/#\/schema\/logo\/image\/\",\"url\":\"https:\/\/www.cliniqueveterinairegrosbois.fr\/wp-content\/uploads\/2021\/06\/Logo-ai.jpg\",\"contentUrl\":\"https:\/\/www.cliniqueveterinairegrosbois.fr\/wp-content\/uploads\/2021\/06\/Logo-ai.jpg\",\"width\":1600,\"height\":1200,\"caption\":\"Clinique v\u00e9t\u00e9rinaire de Grosbois\"},\"image\":{\"@id\":\"https:\/\/www.cliniqueveterinairegrosbois.fr\/fr\/#\/schema\/logo\/image\/\"},\"sameAs\":[\"https:\/\/www.facebook.com\/cliniquegrosbois\",\"https:\/\/www.instagram.com\/clinique.de.grosbois\/\",\"https:\/\/fr.linkedin.com\/company\/clinique-veterinaire-de-grosbois\"]}]}<\/script>\n<!-- \/ Yoast SEO plugin. -->","yoast_head_json":{"title":"Imagerie M\u00e9dicale - Clinique v\u00e9t\u00e9rinaire de Grosbois","description":"La Clinique de Grosbois offre un service d'imagerie m\u00e9dicale de pointe.","robots":{"index":"index","follow":"follow","max-snippet":"max-snippet:-1","max-image-preview":"max-image-preview:large","max-video-preview":"max-video-preview:-1"},"canonical":"http:\/\/www.cliniqueveterinairegrosbois.fr\/fr\/departements\/imagerie-medicale\/","og_locale":"fr_FR","og_type":"article","og_title":"Imagerie M\u00e9dicale - Clinique v\u00e9t\u00e9rinaire de Grosbois","og_description":"La Clinique de Grosbois offre un service d'imagerie m\u00e9dicale de pointe.","og_url":"http:\/\/www.cliniqueveterinairegrosbois.fr\/fr\/departements\/imagerie-medicale\/","og_site_name":"Clinique v\u00e9t\u00e9rinaire de Grosbois","article_publisher":"https:\/\/www.facebook.com\/cliniquegrosbois","article_modified_time":"2024-09-09T11:47:27+00:00","og_image":[{"width":1920,"height":1080,"url":"https:\/\/www.cliniqueveterinairegrosbois.fr\/wp-content\/uploads\/2024\/09\/IRM.png","type":"image\/png"}],"twitter_card":"summary_large_image","twitter_misc":{"Dur\u00e9e de lecture estim\u00e9e":"4 minutes"},"schema":{"@context":"https:\/\/schema.org","@graph":[{"@type":"WebPage","@id":"http:\/\/www.cliniqueveterinairegrosbois.fr\/fr\/departements\/imagerie-medicale\/","url":"http:\/\/www.cliniqueveterinairegrosbois.fr\/fr\/departements\/imagerie-medicale\/","name":"Imagerie M\u00e9dicale - Clinique v\u00e9t\u00e9rinaire de Grosbois","isPartOf":{"@id":"https:\/\/www.cliniqueveterinairegrosbois.fr\/fr\/#website"},"primaryImageOfPage":{"@id":"http:\/\/www.cliniqueveterinairegrosbois.fr\/fr\/departements\/imagerie-medicale\/#primaryimage"},"image":{"@id":"http:\/\/www.cliniqueveterinairegrosbois.fr\/fr\/departements\/imagerie-medicale\/#primaryimage"},"thumbnailUrl":"https:\/\/www.cliniqueveterinairegrosbois.fr\/wp-content\/uploads\/2024\/09\/IRM.png","datePublished":"2021-05-24T09:02:46+00:00","dateModified":"2024-09-09T11:47:27+00:00","description":"La Clinique de Grosbois offre un service d'imagerie m\u00e9dicale de pointe.","breadcrumb":{"@id":"http:\/\/www.cliniqueveterinairegrosbois.fr\/fr\/departements\/imagerie-medicale\/#breadcrumb"},"inLanguage":"fr-FR","potentialAction":[{"@type":"ReadAction","target":["http:\/\/www.cliniqueveterinairegrosbois.fr\/fr\/departements\/imagerie-medicale\/"]}]},{"@type":"ImageObject","inLanguage":"fr-FR","@id":"http:\/\/www.cliniqueveterinairegrosbois.fr\/fr\/departements\/imagerie-medicale\/#primaryimage","url":"https:\/\/www.cliniqueveterinairegrosbois.fr\/wp-content\/uploads\/2024\/09\/IRM.png","contentUrl":"https:\/\/www.cliniqueveterinairegrosbois.fr\/wp-content\/uploads\/2024\/09\/IRM.png","width":1920,"height":1080},{"@type":"BreadcrumbList","@id":"http:\/\/www.cliniqueveterinairegrosbois.fr\/fr\/departements\/imagerie-medicale\/#breadcrumb","itemListElement":[{"@type":"ListItem","position":1,"name":"Accueil","item":"https:\/\/www.cliniqueveterinairegrosbois.fr\/fr\/"},{"@type":"ListItem","position":2,"name":"D\u00e9partements","item":"https:\/\/www.cliniqueveterinairegrosbois.fr\/fr\/departements\/"},{"@type":"ListItem","position":3,"name":"Imagerie M\u00e9dicale"}]},{"@type":"WebSite","@id":"https:\/\/www.cliniqueveterinairegrosbois.fr\/fr\/#website","url":"https:\/\/www.cliniqueveterinairegrosbois.fr\/fr\/","name":"Clinique v\u00e9t\u00e9rinaire de Grosbois","description":"","publisher":{"@id":"https:\/\/www.cliniqueveterinairegrosbois.fr\/fr\/#organization"},"potentialAction":[{"@type":"SearchAction","target":{"@type":"EntryPoint","urlTemplate":"https:\/\/www.cliniqueveterinairegrosbois.fr\/fr\/?s={search_term_string}"},"query-input":"required name=search_term_string"}],"inLanguage":"fr-FR"},{"@type":"Organization","@id":"https:\/\/www.cliniqueveterinairegrosbois.fr\/fr\/#organization","name":"Clinique v\u00e9t\u00e9rinaire de Grosbois","url":"https:\/\/www.cliniqueveterinairegrosbois.fr\/fr\/","logo":{"@type":"ImageObject","inLanguage":"fr-FR","@id":"https:\/\/www.cliniqueveterinairegrosbois.fr\/fr\/#\/schema\/logo\/image\/","url":"https:\/\/www.cliniqueveterinairegrosbois.fr\/wp-content\/uploads\/2021\/06\/Logo-ai.jpg","contentUrl":"https:\/\/www.cliniqueveterinairegrosbois.fr\/wp-content\/uploads\/2021\/06\/Logo-ai.jpg","width":1600,"height":1200,"caption":"Clinique v\u00e9t\u00e9rinaire de Grosbois"},"image":{"@id":"https:\/\/www.cliniqueveterinairegrosbois.fr\/fr\/#\/schema\/logo\/image\/"},"sameAs":["https:\/\/www.facebook.com\/cliniquegrosbois","https:\/\/www.instagram.com\/clinique.de.grosbois\/","https:\/\/fr.linkedin.com\/company\/clinique-veterinaire-de-grosbois"]}]}},"_links":{"self":[{"href":"https:\/\/www.cliniqueveterinairegrosbois.fr\/fr\/wp-json\/wp\/v2\/pages\/4621"}],"collection":[{"href":"https:\/\/www.cliniqueveterinairegrosbois.fr\/fr\/wp-json\/wp\/v2\/pages"}],"about":[{"href":"https:\/\/www.cliniqueveterinairegrosbois.fr\/fr\/wp-json\/wp\/v2\/types\/page"}],"author":[{"embeddable":true,"href":"https:\/\/www.cliniqueveterinairegrosbois.fr\/fr\/wp-json\/wp\/v2\/users\/2"}],"replies":[{"embeddable":true,"href":"https:\/\/www.cliniqueveterinairegrosbois.fr\/fr\/wp-json\/wp\/v2\/comments?post=4621"}],"version-history":[{"count":9,"href":"https:\/\/www.cliniqueveterinairegrosbois.fr\/fr\/wp-json\/wp\/v2\/pages\/4621\/revisions"}],"predecessor-version":[{"id":4622,"href":"https:\/\/www.cliniqueveterinairegrosbois.fr\/fr\/wp-json\/wp\/v2\/pages\/4621\/revisions\/4622"}],"up":[{"embeddable":true,"href":"https:\/\/www.cliniqueveterinairegrosbois.fr\/fr\/wp-json\/wp\/v2\/pages\/525"}],"wp:featuredmedia":[{"embeddable":true,"href":"https:\/\/www.cliniqueveterinairegrosbois.fr\/fr\/wp-json\/wp\/v2\/media\/4669"}],"wp:attachment":[{"href":"https:\/\/www.cliniqueveterinairegrosbois.fr\/fr\/wp-json\/wp\/v2\/media?parent=4621"}],"curies":[{"name":"wp","href":"https:\/\/api.w.org\/{rel}","templated":true}]}}