{"id":33,"date":"2020-12-23T17:10:09","date_gmt":"2020-12-23T17:10:09","guid":{"rendered":"https:\/\/www.cliniqueveterinairegrosbois.fr\/?page_id=33"},"modified":"2023-12-05T12:21:13","modified_gmt":"2023-12-05T10:21:13","slug":"informations-pratiques","status":"publish","type":"page","link":"https:\/\/www.cliniqueveterinairegrosbois.fr\/fr\/la-clinique\/informations-pratiques\/","title":{"rendered":"Informations pratiques"},"content":{"rendered":"\n<section class=\"page-banner-section no-banner-page-section\" itemprop=\"hasPart\" itemscope itemtype=\"https:\/\/schema.org\/WebPageElement\">\n  \n    <section class=\"block-grid-wrapper block-grid-for-core-heading banner-heading banner-heading-\">\n      \n      <div class=\"default-editor-content grid-for-core-heading grid-container\">\n        <div class=\"grid-x grid-padding-x align-center\">\n          <div class=\"cell\">\n                        <h1>Informations pratiques<\/h1>\n                      <\/div>\n        <\/div>\n      <\/div>\n    <\/section>\n\n  <\/section>\n\n\n<section class=\"block-grid-wrapper block-grid-for-core-heading\">\n      <div class=\"default-editor-content grid-for-core-heading grid-container\">\n        <div class=\"grid-x grid-padding-x align-center\">\n          <div class=\"cell\">\n            \n<h2 class=\"wp-block-heading\">Pr\u00e9parer votre rendez-vous<\/h2>\n          <\/div>\n        <\/div>\n      <\/div>\n\n      <\/section>\n\n<section class=\"block-grid-wrapper block-grid-for-core-paragraph\">\n      <div class=\"default-editor-content grid-for-core-paragraph grid-container\">\n        <div class=\"grid-x grid-padding-x align-center\">\n          <div class=\"cell\">\n            \n<p>Les consultations se font uniquement sur rendez-vous.<\/p>\n          <\/div>\n        <\/div>\n      <\/div>\n\n      <\/section>\n\n<section class=\"block-grid-wrapper block-grid-for-core-paragraph\">\n      <div class=\"default-editor-content grid-for-core-paragraph grid-container\">\n        <div class=\"grid-x grid-padding-x align-center\">\n          <div class=\"cell\">\n            \n<p><span style=\"color:#657bbd\" class=\"has-inline-color\"><strong>Lors de votre venue ou de la venue de votre v\u00e9t\u00e9rinaire \u00e0 l&rsquo;\u00e9curie vous devez absolument pr\u00e9senter le carnet de votre cheval! Nous en avons besoin pour identifier les examens d&rsquo;imagerie, v\u00e9rifier les vaccins etc&#8230;<\/strong><\/span><\/p>\n          <\/div>\n        <\/div>\n      <\/div>\n\n      <\/section>\n\n<section class=\"block-grid-wrapper block-grid-for-core-paragraph\">\n      <div class=\"default-editor-content grid-for-core-paragraph grid-container\">\n        <div class=\"grid-x grid-padding-x align-center\">\n          <div class=\"cell\">\n            \n<p>Afin de faciliter le recueil des informations, il est pr\u00e9f\u00e9rable que vous puissiez nous pr\u00e9senter les ant\u00e9c\u00e9dents des examens de votre cheval, class\u00e9s par date.<\/p>\n          <\/div>\n        <\/div>\n      <\/div>\n\n      <\/section>\n\n<section class=\"block-grid-wrapper block-grid-for-core-heading\">\n      <div class=\"default-editor-content grid-for-core-heading grid-container\">\n        <div class=\"grid-x grid-padding-x align-center\">\n          <div class=\"cell\">\n            \n<h2 class=\"wp-block-heading\">Se rendre \u00e0 la Clinique<\/h2>\n          <\/div>\n        <\/div>\n      <\/div>\n\n      <\/section>\n\n<section class=\"block-grid-wrapper block-grid-for-core-paragraph\">\n      <div class=\"default-editor-content grid-for-core-paragraph grid-container\">\n        <div class=\"grid-x grid-padding-x align-center\">\n          <div class=\"cell\">\n            \n<p>Il n&rsquo;est pas recommand\u00e9 de renseigner l&rsquo;adresse postale dans votre GPS afin de vous rendre \u00e0 la Clinique.<\/p>\n          <\/div>\n        <\/div>\n      <\/div>\n\n      <\/section>\n\n<section class=\"block-grid-wrapper block-grid-for-core-image\">\n      <div class=\"default-editor-content grid-for-core-image grid-container-wide\">\n        <div class=\"grid-x grid-padding-x align-center\">\n          <div class=\"cell\">\n            \n<figure class=\"wp-block-image alignwide size-large\"><img loading=\"lazy\" decoding=\"async\" width=\"1024\" height=\"521\" src=\"https:\/\/www.cliniqueveterinairegrosbois.fr\/wp-content\/uploads\/2021\/05\/Itine\u0301raire-dans-le-domaine-1024x521.png\" alt=\"Plan du Domaine\" class=\"wp-image-2802\" srcset=\"https:\/\/www.cliniqueveterinairegrosbois.fr\/wp-content\/uploads\/2021\/05\/Itine\u0301raire-dans-le-domaine-1024x521.png 1024w, https:\/\/www.cliniqueveterinairegrosbois.fr\/wp-content\/uploads\/2021\/05\/Itine\u0301raire-dans-le-domaine-300x153.png 300w, https:\/\/www.cliniqueveterinairegrosbois.fr\/wp-content\/uploads\/2021\/05\/Itine\u0301raire-dans-le-domaine-768x391.png 768w, https:\/\/www.cliniqueveterinairegrosbois.fr\/wp-content\/uploads\/2021\/05\/Itine\u0301raire-dans-le-domaine-100x51.png 100w, https:\/\/www.cliniqueveterinairegrosbois.fr\/wp-content\/uploads\/2021\/05\/Itine\u0301raire-dans-le-domaine-375x191.png 375w, https:\/\/www.cliniqueveterinairegrosbois.fr\/wp-content\/uploads\/2021\/05\/Itine\u0301raire-dans-le-domaine-750x381.png 750w, https:\/\/www.cliniqueveterinairegrosbois.fr\/wp-content\/uploads\/2021\/05\/Itine\u0301raire-dans-le-domaine.png 1040w\" sizes=\"(max-width: 1024px) 100vw, 1024px\" \/><\/figure>\n          <\/div>\n        <\/div>\n      <\/div>\n\n      <\/section>\n\n<section class=\"block-grid-wrapper block-grid-for-core-paragraph\">\n      <div class=\"default-editor-content grid-for-core-paragraph grid-container\">\n        <div class=\"grid-x grid-padding-x align-center\">\n          <div class=\"cell\">\n            \n<p><strong>Adresse GPS:<\/strong> 46 avenue de Grosbois &#8211; 94440 Marolles en Brie<\/p>\n          <\/div>\n        <\/div>\n      <\/div>\n\n      <\/section>\n\n<section class=\"block-grid-wrapper block-grid-for-core-paragraph\">\n      <div class=\"default-editor-content grid-for-core-paragraph grid-container\">\n        <div class=\"grid-x grid-padding-x align-center\">\n          <div class=\"cell\">\n            \n<p><em><strong>Attention :<\/strong>&nbsp;il faut bien indiquer Marolles-En-Brie dans le 94 (Val de Marne) car il existe aussi un Marolles-En-Brie dans le 77 (Seine et Marne).<\/em><\/p>\n          <\/div>\n        <\/div>\n      <\/div>\n\n      <\/section>\n\n<section class=\"wp-block-accordion-section\" itemprop=\"hasPart\" itemscope itemtype=\"https:\/\/schema.org\/WebPageElement\">\n  <div class=\"grid-container\">\n    <div class=\"grid-x grid-padding-x align-center\">\n      <div class=\"cell\">\n\n        <ul class=\"accordion\" data-accordion data-allow-all-closed=\"true\">\n                        <li class=\"accordion-item\" data-accordion-item id=\"post-33\">\n                <a href=\"#\" class=\"accordion-title\">\n                  <span>Venir en voiture<\/span>\n                                  <\/a>\n\n                <div class=\"accordion-content\" data-tab-content>\n                  <p><strong>De Paris<\/strong><\/p>\n<ol>\n<li>Prendre l\u2019A86<\/li>\n<li>Prendre la sortie n\u00b0 23 <em>(direction de PROVINS, TROYES, N406)<\/em><\/li>\n<li>Sur la N406, suivre direction BOISSY ST LEGER<\/li>\n<li>Rester sur la N19 jusqu\u2019\u00e0 VILLECRESNES<\/li>\n<li>Au feu, sortie de VILLECRESNES, prendre la D33 <em>(direction MAROLLES EN BRIE, Centre Hippique d\u2019Entra\u00eenement de GROSBOIS)<\/em><\/li>\n<li>Au rond-point, \u00e0 9 h, entrer dans le centre d\u2019entra\u00eenement, prendre \u00e0 gauche apr\u00e8s la barri\u00e8re automatique<\/li>\n<\/ol>\n<p>\n<strong>De Province<\/strong><\/p>\n<ol>\n<li>Rejoindre la N104 (Francilienne)<\/li>\n<li>Prendre la sortie n\u00b0 21 <em>(direction CRETEIL, PARIS, N19)<\/em><\/li>\n<li>Rester sur la N19 jusqu\u2019\u00e0 VILLECRESNES<\/li>\n<li>Au feu \u00e0 l\u2019entr\u00e9e de VILLECRESNES, prendre la D33 <em>(direction MAROLLES EN BRIE, le centre d\u2019entra\u00eenement n\u2019est pas indiqu\u00e9)<\/em><\/li>\n<li>Au rond-point, \u00e0 9 h, entrer dans le centre d\u2019entra\u00eenement, prendre \u00e0 gauche apr\u00e8s la barri\u00e8re automatique<\/li>\n<\/ol>\n                <\/div>\n              <\/li>\n                          <li class=\"accordion-item\" data-accordion-item id=\"post-33\">\n                <a href=\"#\" class=\"accordion-title\">\n                  <span>Venir par les transports en commun<\/span>\n                                  <\/a>\n\n                <div class=\"accordion-content\" data-tab-content>\n                  <div id=\"panel-3\" class=\"content active\">\n<div class=\"content-wrapper row\">\n<p>RER A sortie \u00ab\u00a0Boissy Saint L\u00e9ger\u00a0\u00bb<\/p>\n<p>Prendre le bus 40-<strong>12<\/strong>, 40-<strong>21<\/strong> ou 40-<strong>23<\/strong> jusque l\u2019arr\u00eat \u00ab Gros Ch\u00e8ne \u00bb (rentrer par le portail en face du ch\u00e2teau, un interphone est pr\u00e9sent pour demander l&rsquo;ouverture de la porte) ou jusqu\u2019\u00e0 l\u2019arr\u00eat \u00ab Rue Foreau \u00bb (1800 m\u00e8tre de marche jusqu&rsquo;a la clinique).<\/p>\n<p>Nous vous recommandons de t\u00e9l\u00e9charger l&rsquo;application IDF mobilit\u00e9s pour trouver le meilleur trajet.<\/p>\n<p>Entrez les coordonn\u00e9es d\u2019arriv\u00e9e: \u00abDomaine de Grosbois, Boissy Saint Leger\u00bb.<\/p>\n<\/div>\n<\/div>\n                <\/div>\n              <\/li>\n                          <li class=\"accordion-item\" data-accordion-item id=\"post-33\">\n                <a href=\"#\" class=\"accordion-title\">\n                  <span>Venir en avion<\/span>\n                                  <\/a>\n\n                <div class=\"accordion-content\" data-tab-content>\n                  <p>La Clinique se situe \u00e0 25 km de l&rsquo;a\u00e9roport de Paris Orly et 40 km de l&rsquo;a\u00e9roport de Roissy Charles de Gaule.<\/p>\n                <\/div>\n              <\/li>\n                    <\/ul>\n\n      <\/div>\n    <\/div>\n  <\/div>\n<\/section>\n\n\n<section class=\"block-grid-wrapper block-grid-for-core-heading\">\n      <div class=\"default-editor-content grid-for-core-heading grid-container\">\n        <div class=\"grid-x grid-padding-x align-center\">\n          <div class=\"cell\">\n            \n<h2 class=\"wp-block-heading\">Se loger proche de la clinique<\/h2>\n          <\/div>\n        <\/div>\n      <\/div>\n\n      <\/section>\n\n<section class=\"block-grid-wrapper block-grid-for-core-paragraph\">\n      <div class=\"default-editor-content grid-for-core-paragraph grid-container\">\n        <div class=\"grid-x grid-padding-x align-center\">\n          <div class=\"cell\">\n            \n<p>Vous pouvez vous loger dans le domaine. <a href=\"https:\/\/www.cliniqueveterinairegrosbois.fr\/wp-content\/uploads\/2023\/12\/Chambres-a\u0300-louer-dans-le-domaine-de-Grosbois-tarifs-2024.pdf\">T\u00e9l\u00e9chargez les informations<\/a>.<\/p>\n          <\/div>\n        <\/div>\n      <\/div>\n\n      <\/section>\n\n\n  <section class=\"linked-page-section\" itemprop=\"hasPart\" itemscope itemtype=\"https:\/\/schema.org\/WebPageElement\">\n    <div class=\"grid-container\">\n      <div class=\"grid-x grid-padding-x align-center\">\n        <div class=\"cell text-center\">\n          <div class=\"bkg-wrapper\">\n            <a href=\"https:\/\/www.cliniqueveterinairegrosbois.fr\/fr\/departements\/medecine-generale-et-urgences\/service-durgence\/\" target=\"_self\">\n                              <figure class=\"page-image-1\">\n                  <img decoding=\"async\"  data-fade-in loading=\"lazy\" src=\"data:image\/png;base64,R0lGODlhAQABAAD\/ACwAAAAAAQABAAACADs=\" data-lazy-interchange=\"[https:\/\/www.cliniqueveterinairegrosbois.fr\/wp-content\/uploads\/2021\/03\/27-scaled-335x250.jpg, small], [https:\/\/www.cliniqueveterinairegrosbois.fr\/wp-content\/uploads\/2021\/03\/27-720x250.jpg, large], [https:\/\/www.cliniqueveterinairegrosbois.fr\/wp-content\/uploads\/2021\/03\/27-scaled-720x250.jpg, xlarge], [https:\/\/www.cliniqueveterinairegrosbois.fr\/wp-content\/uploads\/2021\/03\/27-scaled-670x500.jpg, retina], [https:\/\/www.cliniqueveterinairegrosbois.fr\/wp-content\/uploads\/2021\/03\/27-scaled-1440x500.jpg, large_retina]\" data-interchange-sizes=\"{&quot;small&quot;:{&quot;w&quot;:335,&quot;h&quot;:250},&quot;medium&quot;:{&quot;w&quot;:335,&quot;h&quot;:250},&quot;large&quot;:{&quot;w&quot;:720,&quot;h&quot;:250},&quot;xlarge&quot;:{&quot;w&quot;:720,&quot;h&quot;:250},&quot;retina&quot;:{&quot;w&quot;:670,&quot;h&quot;:500},&quot;medium_retina&quot;:{&quot;w&quot;:670,&quot;h&quot;:500},&quot;large_retina&quot;:{&quot;w&quot;:1440,&quot;h&quot;:500},&quot;xlarge_retina&quot;:{&quot;w&quot;:1440,&quot;h&quot;:500}}\"  alt=\"Informations pratiques\" itemprop=\"image\" data-fade-in \/>\n                <\/figure>\n              \n              <h2 itemprop=\"name\">Service d\u2019urgence<\/h2>\n            <\/a>\n          <\/div>\n        <\/div>\n      <\/div>\n    <\/div>\n  <\/section>\n\n\n\n<section class=\"home-contact-section\" itemprop=\"hasPart\" itemscope itemtype=\"https:\/\/schema.org\/WebPageElement\">\n  <div class=\"grid-container\">\n    <div class=\"grid-x grid-padding-x\">\n\n      <div class=\"cell medium-7 map-text\">\n        \n        \n                  <p class=\"map-details\">Centre d\u2019entra\u00eenement de Grosbois <br \/>\r\n94470 Boissy Saint-L\u00e9ger<\/p>\n        \n        <div class=\"info-wrapper\">\n          <div class=\"map-col\">\n            <p class=\"map-title\">Adresse GPS<\/p>\n            <p class=\"map-details\">46 avenue de Grosbois <br \/>\r\n94440 Marolles en Brie<\/p>\n          <\/div>\n\n          <div class=\"map-col\">\n            <p class=\"map-title\">Nous appeler<\/p>\n            <div class=\"wrapper\">\n              <span class=\"phone-title\">Secr\u00e9tariat:<\/span>\n              <a class=\"phone\" href=\"01 45 69 65 39\">01 45 69 65 39<\/a>\n            <\/div>\n\n            <div class=\"wrapper urgences\">\n              <span class=\"custom-phone-title\">Urgences:<\/span>\n              <a class=\"custom-phone\" href=\"06 21 65 56 64\">06 21 65 56 64<\/a>\n            <\/div>\n          <\/div>\n\n\n        <\/div>\n\n        \n      <\/div>\n\n    <\/div>\n  <\/div>\n\n  \n  <a class=\"map-link\" href=\"https:\/\/www.google.com\/maps\/place\/Clinique+V%C3%A9t%C3%A9rinaire+de+Grosbois\/@48.7318455,2.5232747,17z\/data=!3m1!4b1!4m5!3m4!1s0x47e60bd7e2138ad9:0x2dbaa1282c477434!8m2!3d48.7318455!4d2.5254687\" target=\"_blank\">\n    <div class=\"map-image\"  data-lazy-interchange=\"[https:\/\/www.cliniqueveterinairegrosbois.fr\/wp-content\/uploads\/2021\/01\/Map@2x.jpg, small]\" data-fade-in data-interchange-sizes=\"{&quot;small&quot;:{&quot;w&quot;:750,&quot;h&quot;:750}}\"  >\n      <meta itemprop=\"image\" content=\"https:\/\/www.cliniqueveterinairegrosbois.fr\/wp-content\/uploads\/2021\/01\/map.jpg\" \/>\n    <\/div>\n  <\/a>\n<\/section>\n","protected":false},"excerpt":{"rendered":"<p>Pr\u00e9parer votre rendez-vous Les consultations se font uniquement sur rendez-vous. Lors de votre venue ou de la venue de votre v\u00e9t\u00e9rinaire \u00e0 l&rsquo;\u00e9curie vous devez absolument pr\u00e9senter le carnet de votre cheval! Nous en avons besoin pour identifier les examens d&rsquo;imagerie, v\u00e9rifier les vaccins etc&#8230; Afin de faciliter le recueil des informations, il est pr\u00e9f\u00e9rable [&hellip;]<\/p>\n","protected":false},"author":1,"featured_media":0,"parent":1392,"menu_order":4,"comment_status":"closed","ping_status":"closed","template":"","meta":{"_acf_changed":false,"footnotes":""},"acf":[],"yoast_head":"<!-- This site is optimized with the Yoast SEO plugin v23.3 - https:\/\/yoast.com\/wordpress\/plugins\/seo\/ -->\n<title>Informations pratiques - Clinique v\u00e9t\u00e9rinaire de Grosbois<\/title>\n<meta name=\"description\" content=\"Plan d&#039;acc\u00e8s \u00e0 la Clinique v\u00e9t\u00e9rinaire \u00e9quine d\u00e9di\u00e9e \u00e0 la chirurgie, pathologie locomotrice et m\u00e9decine \u00e9quines situ\u00e9e \u00e0 Boissy-Saint-L\u00e9ger.\" \/>\n<meta name=\"robots\" content=\"index, follow, max-snippet:-1, max-image-preview:large, max-video-preview:-1\" \/>\n<link rel=\"canonical\" href=\"https:\/\/www.cliniqueveterinairegrosbois.fr\/fr\/la-clinique\/informations-pratiques\/\" \/>\n<meta property=\"og:locale\" content=\"fr_FR\" \/>\n<meta property=\"og:type\" content=\"article\" \/>\n<meta property=\"og:title\" content=\"Informations pratiques - Clinique v\u00e9t\u00e9rinaire de Grosbois\" \/>\n<meta property=\"og:description\" content=\"Plan d&#039;acc\u00e8s \u00e0 la Clinique v\u00e9t\u00e9rinaire \u00e9quine d\u00e9di\u00e9e \u00e0 la chirurgie, pathologie locomotrice et m\u00e9decine \u00e9quines situ\u00e9e \u00e0 Boissy-Saint-L\u00e9ger.\" \/>\n<meta property=\"og:url\" content=\"https:\/\/www.cliniqueveterinairegrosbois.fr\/fr\/la-clinique\/informations-pratiques\/\" \/>\n<meta property=\"og:site_name\" content=\"Clinique v\u00e9t\u00e9rinaire de Grosbois\" \/>\n<meta property=\"article:publisher\" content=\"https:\/\/www.facebook.com\/cliniquegrosbois\" \/>\n<meta property=\"article:modified_time\" content=\"2023-12-05T10:21:13+00:00\" \/>\n<meta property=\"og:image\" content=\"https:\/\/www.cliniqueveterinairegrosbois.fr\/wp-content\/uploads\/2021\/06\/Logo-ai.jpg\" \/>\n\t<meta property=\"og:image:width\" content=\"1600\" \/>\n\t<meta property=\"og:image:height\" content=\"1200\" \/>\n\t<meta property=\"og:image:type\" content=\"image\/jpeg\" \/>\n<meta name=\"twitter:card\" content=\"summary_large_image\" \/>\n<meta name=\"twitter:label1\" content=\"Dur\u00e9e de lecture estim\u00e9e\" \/>\n\t<meta name=\"twitter:data1\" content=\"1 minute\" \/>\n<script type=\"application\/ld+json\" class=\"yoast-schema-graph\">{\"@context\":\"https:\/\/schema.org\",\"@graph\":[{\"@type\":\"WebPage\",\"@id\":\"https:\/\/www.cliniqueveterinairegrosbois.fr\/fr\/la-clinique\/informations-pratiques\/\",\"url\":\"https:\/\/www.cliniqueveterinairegrosbois.fr\/fr\/la-clinique\/informations-pratiques\/\",\"name\":\"Informations pratiques - Clinique v\u00e9t\u00e9rinaire de Grosbois\",\"isPartOf\":{\"@id\":\"https:\/\/www.cliniqueveterinairegrosbois.fr\/fr\/#website\"},\"datePublished\":\"2020-12-23T17:10:09+00:00\",\"dateModified\":\"2023-12-05T10:21:13+00:00\",\"description\":\"Plan d'acc\u00e8s \u00e0 la Clinique v\u00e9t\u00e9rinaire \u00e9quine d\u00e9di\u00e9e \u00e0 la chirurgie, pathologie locomotrice et m\u00e9decine \u00e9quines situ\u00e9e \u00e0 Boissy-Saint-L\u00e9ger.\",\"breadcrumb\":{\"@id\":\"https:\/\/www.cliniqueveterinairegrosbois.fr\/fr\/la-clinique\/informations-pratiques\/#breadcrumb\"},\"inLanguage\":\"fr-FR\",\"potentialAction\":[{\"@type\":\"ReadAction\",\"target\":[\"https:\/\/www.cliniqueveterinairegrosbois.fr\/fr\/la-clinique\/informations-pratiques\/\"]}]},{\"@type\":\"BreadcrumbList\",\"@id\":\"https:\/\/www.cliniqueveterinairegrosbois.fr\/fr\/la-clinique\/informations-pratiques\/#breadcrumb\",\"itemListElement\":[{\"@type\":\"ListItem\",\"position\":1,\"name\":\"Accueil\",\"item\":\"https:\/\/www.cliniqueveterinairegrosbois.fr\/fr\/\"},{\"@type\":\"ListItem\",\"position\":2,\"name\":\"La clinique\",\"item\":\"http:\/\/www.cliniqueveterinairegrosbois.fr\/fr\/la-clinique\/\"},{\"@type\":\"ListItem\",\"position\":3,\"name\":\"Informations pratiques\"}]},{\"@type\":\"WebSite\",\"@id\":\"https:\/\/www.cliniqueveterinairegrosbois.fr\/fr\/#website\",\"url\":\"https:\/\/www.cliniqueveterinairegrosbois.fr\/fr\/\",\"name\":\"Clinique v\u00e9t\u00e9rinaire de Grosbois\",\"description\":\"\",\"publisher\":{\"@id\":\"https:\/\/www.cliniqueveterinairegrosbois.fr\/fr\/#organization\"},\"potentialAction\":[{\"@type\":\"SearchAction\",\"target\":{\"@type\":\"EntryPoint\",\"urlTemplate\":\"https:\/\/www.cliniqueveterinairegrosbois.fr\/fr\/?s={search_term_string}\"},\"query-input\":\"required name=search_term_string\"}],\"inLanguage\":\"fr-FR\"},{\"@type\":\"Organization\",\"@id\":\"https:\/\/www.cliniqueveterinairegrosbois.fr\/fr\/#organization\",\"name\":\"Clinique v\u00e9t\u00e9rinaire de Grosbois\",\"url\":\"https:\/\/www.cliniqueveterinairegrosbois.fr\/fr\/\",\"logo\":{\"@type\":\"ImageObject\",\"inLanguage\":\"fr-FR\",\"@id\":\"https:\/\/www.cliniqueveterinairegrosbois.fr\/fr\/#\/schema\/logo\/image\/\",\"url\":\"https:\/\/www.cliniqueveterinairegrosbois.fr\/wp-content\/uploads\/2021\/06\/Logo-ai.jpg\",\"contentUrl\":\"https:\/\/www.cliniqueveterinairegrosbois.fr\/wp-content\/uploads\/2021\/06\/Logo-ai.jpg\",\"width\":1600,\"height\":1200,\"caption\":\"Clinique v\u00e9t\u00e9rinaire de Grosbois\"},\"image\":{\"@id\":\"https:\/\/www.cliniqueveterinairegrosbois.fr\/fr\/#\/schema\/logo\/image\/\"},\"sameAs\":[\"https:\/\/www.facebook.com\/cliniquegrosbois\",\"https:\/\/www.instagram.com\/clinique.de.grosbois\/\",\"https:\/\/fr.linkedin.com\/company\/clinique-veterinaire-de-grosbois\"]}]}<\/script>\n<!-- \/ Yoast SEO plugin. -->","yoast_head_json":{"title":"Informations pratiques - Clinique v\u00e9t\u00e9rinaire de Grosbois","description":"Plan d'acc\u00e8s \u00e0 la Clinique v\u00e9t\u00e9rinaire \u00e9quine d\u00e9di\u00e9e \u00e0 la chirurgie, pathologie locomotrice et m\u00e9decine \u00e9quines situ\u00e9e \u00e0 Boissy-Saint-L\u00e9ger.","robots":{"index":"index","follow":"follow","max-snippet":"max-snippet:-1","max-image-preview":"max-image-preview:large","max-video-preview":"max-video-preview:-1"},"canonical":"https:\/\/www.cliniqueveterinairegrosbois.fr\/fr\/la-clinique\/informations-pratiques\/","og_locale":"fr_FR","og_type":"article","og_title":"Informations pratiques - Clinique v\u00e9t\u00e9rinaire de Grosbois","og_description":"Plan d'acc\u00e8s \u00e0 la Clinique v\u00e9t\u00e9rinaire \u00e9quine d\u00e9di\u00e9e \u00e0 la chirurgie, pathologie locomotrice et m\u00e9decine \u00e9quines situ\u00e9e \u00e0 Boissy-Saint-L\u00e9ger.","og_url":"https:\/\/www.cliniqueveterinairegrosbois.fr\/fr\/la-clinique\/informations-pratiques\/","og_site_name":"Clinique v\u00e9t\u00e9rinaire de Grosbois","article_publisher":"https:\/\/www.facebook.com\/cliniquegrosbois","article_modified_time":"2023-12-05T10:21:13+00:00","og_image":[{"width":1600,"height":1200,"url":"https:\/\/www.cliniqueveterinairegrosbois.fr\/wp-content\/uploads\/2021\/06\/Logo-ai.jpg","type":"image\/jpeg"}],"twitter_card":"summary_large_image","twitter_misc":{"Dur\u00e9e de lecture estim\u00e9e":"1 minute"},"schema":{"@context":"https:\/\/schema.org","@graph":[{"@type":"WebPage","@id":"https:\/\/www.cliniqueveterinairegrosbois.fr\/fr\/la-clinique\/informations-pratiques\/","url":"https:\/\/www.cliniqueveterinairegrosbois.fr\/fr\/la-clinique\/informations-pratiques\/","name":"Informations pratiques - Clinique v\u00e9t\u00e9rinaire de Grosbois","isPartOf":{"@id":"https:\/\/www.cliniqueveterinairegrosbois.fr\/fr\/#website"},"datePublished":"2020-12-23T17:10:09+00:00","dateModified":"2023-12-05T10:21:13+00:00","description":"Plan d'acc\u00e8s \u00e0 la Clinique v\u00e9t\u00e9rinaire \u00e9quine d\u00e9di\u00e9e \u00e0 la chirurgie, pathologie locomotrice et m\u00e9decine \u00e9quines situ\u00e9e \u00e0 Boissy-Saint-L\u00e9ger.","breadcrumb":{"@id":"https:\/\/www.cliniqueveterinairegrosbois.fr\/fr\/la-clinique\/informations-pratiques\/#breadcrumb"},"inLanguage":"fr-FR","potentialAction":[{"@type":"ReadAction","target":["https:\/\/www.cliniqueveterinairegrosbois.fr\/fr\/la-clinique\/informations-pratiques\/"]}]},{"@type":"BreadcrumbList","@id":"https:\/\/www.cliniqueveterinairegrosbois.fr\/fr\/la-clinique\/informations-pratiques\/#breadcrumb","itemListElement":[{"@type":"ListItem","position":1,"name":"Accueil","item":"https:\/\/www.cliniqueveterinairegrosbois.fr\/fr\/"},{"@type":"ListItem","position":2,"name":"La clinique","item":"http:\/\/www.cliniqueveterinairegrosbois.fr\/fr\/la-clinique\/"},{"@type":"ListItem","position":3,"name":"Informations pratiques"}]},{"@type":"WebSite","@id":"https:\/\/www.cliniqueveterinairegrosbois.fr\/fr\/#website","url":"https:\/\/www.cliniqueveterinairegrosbois.fr\/fr\/","name":"Clinique v\u00e9t\u00e9rinaire de Grosbois","description":"","publisher":{"@id":"https:\/\/www.cliniqueveterinairegrosbois.fr\/fr\/#organization"},"potentialAction":[{"@type":"SearchAction","target":{"@type":"EntryPoint","urlTemplate":"https:\/\/www.cliniqueveterinairegrosbois.fr\/fr\/?s={search_term_string}"},"query-input":"required name=search_term_string"}],"inLanguage":"fr-FR"},{"@type":"Organization","@id":"https:\/\/www.cliniqueveterinairegrosbois.fr\/fr\/#organization","name":"Clinique v\u00e9t\u00e9rinaire de Grosbois","url":"https:\/\/www.cliniqueveterinairegrosbois.fr\/fr\/","logo":{"@type":"ImageObject","inLanguage":"fr-FR","@id":"https:\/\/www.cliniqueveterinairegrosbois.fr\/fr\/#\/schema\/logo\/image\/","url":"https:\/\/www.cliniqueveterinairegrosbois.fr\/wp-content\/uploads\/2021\/06\/Logo-ai.jpg","contentUrl":"https:\/\/www.cliniqueveterinairegrosbois.fr\/wp-content\/uploads\/2021\/06\/Logo-ai.jpg","width":1600,"height":1200,"caption":"Clinique v\u00e9t\u00e9rinaire de Grosbois"},"image":{"@id":"https:\/\/www.cliniqueveterinairegrosbois.fr\/fr\/#\/schema\/logo\/image\/"},"sameAs":["https:\/\/www.facebook.com\/cliniquegrosbois","https:\/\/www.instagram.com\/clinique.de.grosbois\/","https:\/\/fr.linkedin.com\/company\/clinique-veterinaire-de-grosbois"]}]}},"_links":{"self":[{"href":"https:\/\/www.cliniqueveterinairegrosbois.fr\/fr\/wp-json\/wp\/v2\/pages\/33"}],"collection":[{"href":"https:\/\/www.cliniqueveterinairegrosbois.fr\/fr\/wp-json\/wp\/v2\/pages"}],"about":[{"href":"https:\/\/www.cliniqueveterinairegrosbois.fr\/fr\/wp-json\/wp\/v2\/types\/page"}],"author":[{"embeddable":true,"href":"https:\/\/www.cliniqueveterinairegrosbois.fr\/fr\/wp-json\/wp\/v2\/users\/1"}],"replies":[{"embeddable":true,"href":"https:\/\/www.cliniqueveterinairegrosbois.fr\/fr\/wp-json\/wp\/v2\/comments?post=33"}],"version-history":[{"count":34,"href":"https:\/\/www.cliniqueveterinairegrosbois.fr\/fr\/wp-json\/wp\/v2\/pages\/33\/revisions"}],"predecessor-version":[{"id":34,"href":"https:\/\/www.cliniqueveterinairegrosbois.fr\/fr\/wp-json\/wp\/v2\/pages\/33\/revisions\/34"}],"up":[{"embeddable":true,"href":"https:\/\/www.cliniqueveterinairegrosbois.fr\/fr\/wp-json\/wp\/v2\/pages\/1392"}],"wp:attachment":[{"href":"https:\/\/www.cliniqueveterinairegrosbois.fr\/fr\/wp-json\/wp\/v2\/media?parent=33"}],"curies":[{"name":"wp","href":"https:\/\/api.w.org\/{rel}","templated":true}]}}