{"id":3211,"date":"2021-05-31T08:42:45","date_gmt":"2021-05-31T08:42:45","guid":{"rendered":"https:\/\/www.cliniqueveterinairegrosbois.fr\/?page_id=3211"},"modified":"2022-09-06T16:49:06","modified_gmt":"2022-09-06T14:49:06","slug":"service-ambulatoire","status":"publish","type":"page","link":"https:\/\/www.cliniqueveterinairegrosbois.fr\/fr\/departements\/medecine-generale-et-urgences\/service-ambulatoire\/","title":{"rendered":"Service ambulatoire"},"content":{"rendered":"\n<section class=\"page-banner-section no-banner-page-section\" itemprop=\"hasPart\" itemscope itemtype=\"https:\/\/schema.org\/WebPageElement\">\n  \n    <section class=\"block-grid-wrapper block-grid-for-core-heading banner-heading banner-heading-\">\n      \n      <div class=\"default-editor-content grid-for-core-heading grid-container\">\n        <div class=\"grid-x grid-padding-x align-center\">\n          <div class=\"cell\">\n                        <h1>Service ambulatoire<\/h1>\n                      <\/div>\n        <\/div>\n      <\/div>\n    <\/section>\n\n  <\/section>\n\n\n<section class=\"block-grid-wrapper block-grid-for-core-paragraph\">\n      <div class=\"default-editor-content grid-for-core-paragraph grid-container\">\n        <div class=\"grid-x grid-padding-x align-center\">\n          <div class=\"cell\">\n            \n<p>La clinique v\u00e9t\u00e9rinaire de Grosbois dispose de deux v\u00e9hicules \u00e9quip\u00e9s de divers mat\u00e9riels portables (\u00e9chographe, radiographie num\u00e9rique, endoscopie\u2026) qui permettent de r\u00e9aliser des examens compl\u00e9mentaires de qualit\u00e9. N\u00e9anmoins, certains examens (i.e: radiographie de dos) ne peuvent \u00eatre r\u00e9alis\u00e9s qu\u2019en clinique.<\/p>\n          <\/div>\n        <\/div>\n      <\/div>\n\n      <\/section>\n\n<section class=\"block-grid-wrapper block-grid-for-core-paragraph\">\n      <div class=\"default-editor-content grid-for-core-paragraph grid-container\">\n        <div class=\"grid-x grid-padding-x align-center\">\n          <div class=\"cell\">\n            \n<p>Un premier v\u00e9hicule se d\u00e9place essentiellement en r\u00e9gion parisienne tandis que le second propose des d\u00e9placements dans la r\u00e9gion ouest (Normandie, Sarthe, Mayenne).<\/p>\n          <\/div>\n        <\/div>\n      <\/div>\n\n      <\/section>\n\n<section class=\"block-grid-wrapper block-grid-for-core-paragraph\">\n      <div class=\"default-editor-content grid-for-core-paragraph grid-container\">\n        <div class=\"grid-x grid-padding-x align-center\">\n          <div class=\"cell\">\n            \n<p>Les seules pr\u00e9rogatives \u00e0 un examen sur le terrain de bonne qualit\u00e9 sont un acc\u00e8s facile \u00e0 l\u2019\u00e9lectricit\u00e9 afin de pouvoir brancher tout ce mat\u00e9riel et un acc\u00e8s \u00e0 un endroit propre et abrit\u00e9 o\u00f9 les actes pourront \u00eatre r\u00e9alis\u00e9s avec toute l\u2019hygi\u00e8ne et l\u2019asepsie n\u00e9cessaires aux bons soins v\u00e9t\u00e9rinaires.<\/p>\n          <\/div>\n        <\/div>\n      <\/div>\n\n      <\/section>\n\n<section class=\"block-grid-wrapper block-grid-for-core-paragraph\">\n      <div class=\"default-editor-content grid-for-core-paragraph grid-container\">\n        <div class=\"grid-x grid-padding-x align-center\">\n          <div class=\"cell\">\n            \n<p>Le <a href=\"https:\/\/www.cliniqueveterinairegrosbois.fr\/fr\/la-clinique\/equipe\/dr-aude-gaelle-heitzmann-ziegler\/\" target=\"_blank\" rel=\"noreferrer noopener\">Dr Heitzmann<\/a> se rend r\u00e9guli\u00e8rement en Normandie et dans l\u2019est de la France pour r\u00e9aliser des consultations locomotrices.<\/p>\n          <\/div>\n        <\/div>\n      <\/div>\n\n      <\/section>\n\n<section class=\"block-grid-wrapper block-grid-for-core-paragraph\">\n      <div class=\"default-editor-content grid-for-core-paragraph grid-container\">\n        <div class=\"grid-x grid-padding-x align-center\">\n          <div class=\"cell\">\n            \n<p>Le <a href=\"https:\/\/www.cliniqueveterinairegrosbois.fr\/fr\/la-clinique\/equipe\/dr-valerie-deniau\/\" target=\"_blank\" rel=\"noreferrer noopener\">Dr Deniau<\/a> r\u00e9alise des tests d\u2019effort avec endoscopie dynamique \u00e0 domicile.<\/p>\n          <\/div>\n        <\/div>\n      <\/div>\n\n      <\/section>\n\n<section class=\"block-grid-wrapper block-grid-for-core-paragraph\">\n      <div class=\"default-editor-content grid-for-core-paragraph grid-container\">\n        <div class=\"grid-x grid-padding-x align-center\">\n          <div class=\"cell\">\n            \n<p>Le <a href=\"https:\/\/www.cliniqueveterinairegrosbois.fr\/fr\/la-clinique\/equipe\/dr-anne-sophie-moncelet\/\" target=\"_blank\" rel=\"noreferrer noopener\">Dr Moncelet<\/a> a d\u00e9velopp\u00e9 une activit\u00e9 de suivi de chevaux trotteurs et consulte chez divers entra\u00eeneurs en Normandie, Mayenne, Sarthe et Bretagne.\u00a0Une voiture \u00e9quip\u00e9e d\u2019un appareil portable d\u2019ondes de choc et d\u2019un incubateur pour les pr\u00e9l\u00e8vements IRAP, en plus des \u00e9quipements de base (radiographie, \u00e9chographie, fibroscopie), a \u00e9t\u00e9 mis \u00e0 disposition pour permettre la r\u00e9alisation de soins \u00e9quivalents \u00e0 ceux effectu\u00e9s en clinique.<\/p>\n          <\/div>\n        <\/div>\n      <\/div>\n\n      <\/section>\n\n<section class=\"block-grid-wrapper block-grid-for-core-paragraph\">\n      <div class=\"default-editor-content grid-for-core-paragraph grid-container\">\n        <div class=\"grid-x grid-padding-x align-center\">\n          <div class=\"cell\">\n            \n<p>Le <a href=\"https:\/\/www.cliniqueveterinairegrosbois.fr\/fr\/la-clinique\/equipe\/dr-fabrice-rossignol\/\" target=\"_blank\" rel=\"noreferrer noopener\">Dr Rossignol <\/a>a \u00e9galement une activit\u00e9 ambulatoire et op\u00e8re r\u00e9guli\u00e8rement en Su\u00e8de \u00e0 la clinique de Helsingborg, \u00e0 la clinique du Dr Vila \u00e0 Chantilly, dans le sud de la France \u00e0 la clinique du Dr Martin et ponctuellement dans d\u2019autres cliniques lorsque les conf\u00e8res font appel \u00e0 sa collaboration.<\/p>\n          <\/div>\n        <\/div>\n      <\/div>\n\n      <\/section>\n\n\n  <section class=\"linked-page-section\" itemprop=\"hasPart\" itemscope itemtype=\"https:\/\/schema.org\/WebPageElement\">\n    <div class=\"grid-container\">\n      <div class=\"grid-x grid-padding-x align-center\">\n        <div class=\"cell text-center\">\n          <div class=\"bkg-wrapper\">\n            <a href=\"https:\/\/www.cliniqueveterinairegrosbois.fr\/fr\/la-clinique\/informations-pratiques\/\" target=\"_self\">\n                              <figure class=\"page-image-1\">\n                  <img decoding=\"async\"  data-fade-in loading=\"lazy\" src=\"data:image\/png;base64,R0lGODlhAQABAAD\/ACwAAAAAAQABAAACADs=\" data-lazy-interchange=\"[https:\/\/www.cliniqueveterinairegrosbois.fr\/wp-content\/uploads\/2021\/01\/Map@2x-335x250.jpg, small], [https:\/\/www.cliniqueveterinairegrosbois.fr\/wp-content\/uploads\/2021\/01\/Map@2x-720x250.jpg, large], [https:\/\/www.cliniqueveterinairegrosbois.fr\/wp-content\/uploads\/2021\/01\/Map@2x-670x500.jpg, retina], [https:\/\/www.cliniqueveterinairegrosbois.fr\/wp-content\/uploads\/2021\/01\/Map@2x-1366x474.jpg, large_retina]\" data-interchange-sizes=\"{&quot;small&quot;:{&quot;w&quot;:335,&quot;h&quot;:250},&quot;medium&quot;:{&quot;w&quot;:335,&quot;h&quot;:250},&quot;large&quot;:{&quot;w&quot;:720,&quot;h&quot;:250},&quot;xlarge&quot;:{&quot;w&quot;:720,&quot;h&quot;:250},&quot;retina&quot;:{&quot;w&quot;:670,&quot;h&quot;:500},&quot;medium_retina&quot;:{&quot;w&quot;:670,&quot;h&quot;:500},&quot;large_retina&quot;:{&quot;w&quot;:1366,&quot;h&quot;:474},&quot;xlarge_retina&quot;:{&quot;w&quot;:1366,&quot;h&quot;:474}}\"  alt=\"Service ambulatoire\" itemprop=\"image\" data-fade-in \/>\n                <\/figure>\n              \n              <h2 itemprop=\"name\">Informations pratiques<\/h2>\n            <\/a>\n          <\/div>\n        <\/div>\n      <\/div>\n    <\/div>\n  <\/section>\n","protected":false},"excerpt":{"rendered":"<p>La clinique v\u00e9t\u00e9rinaire de Grosbois dispose de deux v\u00e9hicules \u00e9quip\u00e9s de divers mat\u00e9riels portables (\u00e9chographe, radiographie num\u00e9rique, endoscopie\u2026) qui permettent de r\u00e9aliser des examens compl\u00e9mentaires de qualit\u00e9. N\u00e9anmoins, certains examens (i.e: radiographie de dos) ne peuvent \u00eatre r\u00e9alis\u00e9s qu\u2019en clinique. Un premier v\u00e9hicule se d\u00e9place essentiellement en r\u00e9gion parisienne tandis que le second propose des [&hellip;]<\/p>\n","protected":false},"author":2,"featured_media":3374,"parent":527,"menu_order":1,"comment_status":"closed","ping_status":"closed","template":"","meta":{"_acf_changed":false,"footnotes":""},"acf":[],"yoast_head":"<!-- This site is optimized with the Yoast SEO plugin v23.3 - https:\/\/yoast.com\/wordpress\/plugins\/seo\/ -->\n<title>Service ambulatoire - Clinique v\u00e9t\u00e9rinaire de Grosbois<\/title>\n<meta name=\"description\" content=\"Nous assurons un service d\u2019urgence et de m\u00e9decine g\u00e9n\u00e9rale et pr\u00e9ventive de proximit\u00e9 ainsi que des consultations sp\u00e9cialis\u00e9es \u00e0 domicile.\" \/>\n<meta name=\"robots\" content=\"index, follow, max-snippet:-1, max-image-preview:large, max-video-preview:-1\" \/>\n<link rel=\"canonical\" href=\"http:\/\/www.cliniqueveterinairegrosbois.fr\/fr\/departements\/medecine-generale-et-urgences\/service-ambulatoire\/\" \/>\n<meta property=\"og:locale\" content=\"fr_FR\" \/>\n<meta property=\"og:type\" content=\"article\" \/>\n<meta property=\"og:title\" content=\"Service ambulatoire - Clinique v\u00e9t\u00e9rinaire de Grosbois\" \/>\n<meta property=\"og:description\" content=\"Nous assurons un service d\u2019urgence et de m\u00e9decine g\u00e9n\u00e9rale et pr\u00e9ventive de proximit\u00e9 ainsi que des consultations sp\u00e9cialis\u00e9es \u00e0 domicile.\" \/>\n<meta property=\"og:url\" content=\"http:\/\/www.cliniqueveterinairegrosbois.fr\/fr\/departements\/medecine-generale-et-urgences\/service-ambulatoire\/\" \/>\n<meta property=\"og:site_name\" content=\"Clinique v\u00e9t\u00e9rinaire de Grosbois\" \/>\n<meta property=\"article:publisher\" content=\"https:\/\/www.facebook.com\/cliniquegrosbois\" \/>\n<meta property=\"article:modified_time\" content=\"2022-09-06T14:49:06+00:00\" \/>\n<meta property=\"og:image\" content=\"https:\/\/www.cliniqueveterinairegrosbois.fr\/wp-content\/uploads\/2021\/06\/IMG_2004-scaled.jpg\" \/>\n\t<meta property=\"og:image:width\" content=\"2560\" \/>\n\t<meta property=\"og:image:height\" content=\"1920\" \/>\n\t<meta property=\"og:image:type\" content=\"image\/jpeg\" \/>\n<meta name=\"twitter:card\" content=\"summary_large_image\" \/>\n<meta name=\"twitter:label1\" content=\"Dur\u00e9e de lecture estim\u00e9e\" \/>\n\t<meta name=\"twitter:data1\" content=\"2 minutes\" \/>\n<script type=\"application\/ld+json\" class=\"yoast-schema-graph\">{\"@context\":\"https:\/\/schema.org\",\"@graph\":[{\"@type\":\"WebPage\",\"@id\":\"http:\/\/www.cliniqueveterinairegrosbois.fr\/fr\/departements\/medecine-generale-et-urgences\/service-ambulatoire\/\",\"url\":\"http:\/\/www.cliniqueveterinairegrosbois.fr\/fr\/departements\/medecine-generale-et-urgences\/service-ambulatoire\/\",\"name\":\"Service ambulatoire - Clinique v\u00e9t\u00e9rinaire de Grosbois\",\"isPartOf\":{\"@id\":\"https:\/\/www.cliniqueveterinairegrosbois.fr\/fr\/#website\"},\"primaryImageOfPage\":{\"@id\":\"http:\/\/www.cliniqueveterinairegrosbois.fr\/fr\/departements\/medecine-generale-et-urgences\/service-ambulatoire\/#primaryimage\"},\"image\":{\"@id\":\"http:\/\/www.cliniqueveterinairegrosbois.fr\/fr\/departements\/medecine-generale-et-urgences\/service-ambulatoire\/#primaryimage\"},\"thumbnailUrl\":\"https:\/\/www.cliniqueveterinairegrosbois.fr\/wp-content\/uploads\/2021\/06\/IMG_2004-scaled.jpg\",\"datePublished\":\"2021-05-31T08:42:45+00:00\",\"dateModified\":\"2022-09-06T14:49:06+00:00\",\"description\":\"Nous assurons un service d\u2019urgence et de m\u00e9decine g\u00e9n\u00e9rale et pr\u00e9ventive de proximit\u00e9 ainsi que des consultations sp\u00e9cialis\u00e9es \u00e0 domicile.\",\"breadcrumb\":{\"@id\":\"http:\/\/www.cliniqueveterinairegrosbois.fr\/fr\/departements\/medecine-generale-et-urgences\/service-ambulatoire\/#breadcrumb\"},\"inLanguage\":\"fr-FR\",\"potentialAction\":[{\"@type\":\"ReadAction\",\"target\":[\"http:\/\/www.cliniqueveterinairegrosbois.fr\/fr\/departements\/medecine-generale-et-urgences\/service-ambulatoire\/\"]}]},{\"@type\":\"ImageObject\",\"inLanguage\":\"fr-FR\",\"@id\":\"http:\/\/www.cliniqueveterinairegrosbois.fr\/fr\/departements\/medecine-generale-et-urgences\/service-ambulatoire\/#primaryimage\",\"url\":\"https:\/\/www.cliniqueveterinairegrosbois.fr\/wp-content\/uploads\/2021\/06\/IMG_2004-scaled.jpg\",\"contentUrl\":\"https:\/\/www.cliniqueveterinairegrosbois.fr\/wp-content\/uploads\/2021\/06\/IMG_2004-scaled.jpg\",\"width\":2560,\"height\":1920,\"caption\":\"Service ambulatoire\"},{\"@type\":\"BreadcrumbList\",\"@id\":\"http:\/\/www.cliniqueveterinairegrosbois.fr\/fr\/departements\/medecine-generale-et-urgences\/service-ambulatoire\/#breadcrumb\",\"itemListElement\":[{\"@type\":\"ListItem\",\"position\":1,\"name\":\"Accueil\",\"item\":\"https:\/\/www.cliniqueveterinairegrosbois.fr\/fr\/\"},{\"@type\":\"ListItem\",\"position\":2,\"name\":\"D\u00e9partements\",\"item\":\"http:\/\/www.cliniqueveterinairegrosbois.fr\/fr\/departements\/\"},{\"@type\":\"ListItem\",\"position\":3,\"name\":\"M\u00e9decine g\u00e9n\u00e9rale et urgences\",\"item\":\"http:\/\/www.cliniqueveterinairegrosbois.fr\/fr\/departements\/medecine-generale-et-urgences\/\"},{\"@type\":\"ListItem\",\"position\":4,\"name\":\"Service ambulatoire\"}]},{\"@type\":\"WebSite\",\"@id\":\"https:\/\/www.cliniqueveterinairegrosbois.fr\/fr\/#website\",\"url\":\"https:\/\/www.cliniqueveterinairegrosbois.fr\/fr\/\",\"name\":\"Clinique v\u00e9t\u00e9rinaire de Grosbois\",\"description\":\"\",\"publisher\":{\"@id\":\"https:\/\/www.cliniqueveterinairegrosbois.fr\/fr\/#organization\"},\"potentialAction\":[{\"@type\":\"SearchAction\",\"target\":{\"@type\":\"EntryPoint\",\"urlTemplate\":\"https:\/\/www.cliniqueveterinairegrosbois.fr\/fr\/?s={search_term_string}\"},\"query-input\":\"required name=search_term_string\"}],\"inLanguage\":\"fr-FR\"},{\"@type\":\"Organization\",\"@id\":\"https:\/\/www.cliniqueveterinairegrosbois.fr\/fr\/#organization\",\"name\":\"Clinique v\u00e9t\u00e9rinaire de Grosbois\",\"url\":\"https:\/\/www.cliniqueveterinairegrosbois.fr\/fr\/\",\"logo\":{\"@type\":\"ImageObject\",\"inLanguage\":\"fr-FR\",\"@id\":\"https:\/\/www.cliniqueveterinairegrosbois.fr\/fr\/#\/schema\/logo\/image\/\",\"url\":\"https:\/\/www.cliniqueveterinairegrosbois.fr\/wp-content\/uploads\/2021\/06\/Logo-ai.jpg\",\"contentUrl\":\"https:\/\/www.cliniqueveterinairegrosbois.fr\/wp-content\/uploads\/2021\/06\/Logo-ai.jpg\",\"width\":1600,\"height\":1200,\"caption\":\"Clinique v\u00e9t\u00e9rinaire de Grosbois\"},\"image\":{\"@id\":\"https:\/\/www.cliniqueveterinairegrosbois.fr\/fr\/#\/schema\/logo\/image\/\"},\"sameAs\":[\"https:\/\/www.facebook.com\/cliniquegrosbois\",\"https:\/\/www.instagram.com\/clinique.de.grosbois\/\",\"https:\/\/fr.linkedin.com\/company\/clinique-veterinaire-de-grosbois\"]}]}<\/script>\n<!-- \/ Yoast SEO plugin. -->","yoast_head_json":{"title":"Service ambulatoire - Clinique v\u00e9t\u00e9rinaire de Grosbois","description":"Nous assurons un service d\u2019urgence et de m\u00e9decine g\u00e9n\u00e9rale et pr\u00e9ventive de proximit\u00e9 ainsi que des consultations sp\u00e9cialis\u00e9es \u00e0 domicile.","robots":{"index":"index","follow":"follow","max-snippet":"max-snippet:-1","max-image-preview":"max-image-preview:large","max-video-preview":"max-video-preview:-1"},"canonical":"http:\/\/www.cliniqueveterinairegrosbois.fr\/fr\/departements\/medecine-generale-et-urgences\/service-ambulatoire\/","og_locale":"fr_FR","og_type":"article","og_title":"Service ambulatoire - Clinique v\u00e9t\u00e9rinaire de Grosbois","og_description":"Nous assurons un service d\u2019urgence et de m\u00e9decine g\u00e9n\u00e9rale et pr\u00e9ventive de proximit\u00e9 ainsi que des consultations sp\u00e9cialis\u00e9es \u00e0 domicile.","og_url":"http:\/\/www.cliniqueveterinairegrosbois.fr\/fr\/departements\/medecine-generale-et-urgences\/service-ambulatoire\/","og_site_name":"Clinique v\u00e9t\u00e9rinaire de Grosbois","article_publisher":"https:\/\/www.facebook.com\/cliniquegrosbois","article_modified_time":"2022-09-06T14:49:06+00:00","og_image":[{"width":2560,"height":1920,"url":"https:\/\/www.cliniqueveterinairegrosbois.fr\/wp-content\/uploads\/2021\/06\/IMG_2004-scaled.jpg","type":"image\/jpeg"}],"twitter_card":"summary_large_image","twitter_misc":{"Dur\u00e9e de lecture estim\u00e9e":"2 minutes"},"schema":{"@context":"https:\/\/schema.org","@graph":[{"@type":"WebPage","@id":"http:\/\/www.cliniqueveterinairegrosbois.fr\/fr\/departements\/medecine-generale-et-urgences\/service-ambulatoire\/","url":"http:\/\/www.cliniqueveterinairegrosbois.fr\/fr\/departements\/medecine-generale-et-urgences\/service-ambulatoire\/","name":"Service ambulatoire - Clinique v\u00e9t\u00e9rinaire de Grosbois","isPartOf":{"@id":"https:\/\/www.cliniqueveterinairegrosbois.fr\/fr\/#website"},"primaryImageOfPage":{"@id":"http:\/\/www.cliniqueveterinairegrosbois.fr\/fr\/departements\/medecine-generale-et-urgences\/service-ambulatoire\/#primaryimage"},"image":{"@id":"http:\/\/www.cliniqueveterinairegrosbois.fr\/fr\/departements\/medecine-generale-et-urgences\/service-ambulatoire\/#primaryimage"},"thumbnailUrl":"https:\/\/www.cliniqueveterinairegrosbois.fr\/wp-content\/uploads\/2021\/06\/IMG_2004-scaled.jpg","datePublished":"2021-05-31T08:42:45+00:00","dateModified":"2022-09-06T14:49:06+00:00","description":"Nous assurons un service d\u2019urgence et de m\u00e9decine g\u00e9n\u00e9rale et pr\u00e9ventive de proximit\u00e9 ainsi que des consultations sp\u00e9cialis\u00e9es \u00e0 domicile.","breadcrumb":{"@id":"http:\/\/www.cliniqueveterinairegrosbois.fr\/fr\/departements\/medecine-generale-et-urgences\/service-ambulatoire\/#breadcrumb"},"inLanguage":"fr-FR","potentialAction":[{"@type":"ReadAction","target":["http:\/\/www.cliniqueveterinairegrosbois.fr\/fr\/departements\/medecine-generale-et-urgences\/service-ambulatoire\/"]}]},{"@type":"ImageObject","inLanguage":"fr-FR","@id":"http:\/\/www.cliniqueveterinairegrosbois.fr\/fr\/departements\/medecine-generale-et-urgences\/service-ambulatoire\/#primaryimage","url":"https:\/\/www.cliniqueveterinairegrosbois.fr\/wp-content\/uploads\/2021\/06\/IMG_2004-scaled.jpg","contentUrl":"https:\/\/www.cliniqueveterinairegrosbois.fr\/wp-content\/uploads\/2021\/06\/IMG_2004-scaled.jpg","width":2560,"height":1920,"caption":"Service ambulatoire"},{"@type":"BreadcrumbList","@id":"http:\/\/www.cliniqueveterinairegrosbois.fr\/fr\/departements\/medecine-generale-et-urgences\/service-ambulatoire\/#breadcrumb","itemListElement":[{"@type":"ListItem","position":1,"name":"Accueil","item":"https:\/\/www.cliniqueveterinairegrosbois.fr\/fr\/"},{"@type":"ListItem","position":2,"name":"D\u00e9partements","item":"http:\/\/www.cliniqueveterinairegrosbois.fr\/fr\/departements\/"},{"@type":"ListItem","position":3,"name":"M\u00e9decine g\u00e9n\u00e9rale et urgences","item":"http:\/\/www.cliniqueveterinairegrosbois.fr\/fr\/departements\/medecine-generale-et-urgences\/"},{"@type":"ListItem","position":4,"name":"Service ambulatoire"}]},{"@type":"WebSite","@id":"https:\/\/www.cliniqueveterinairegrosbois.fr\/fr\/#website","url":"https:\/\/www.cliniqueveterinairegrosbois.fr\/fr\/","name":"Clinique v\u00e9t\u00e9rinaire de Grosbois","description":"","publisher":{"@id":"https:\/\/www.cliniqueveterinairegrosbois.fr\/fr\/#organization"},"potentialAction":[{"@type":"SearchAction","target":{"@type":"EntryPoint","urlTemplate":"https:\/\/www.cliniqueveterinairegrosbois.fr\/fr\/?s={search_term_string}"},"query-input":"required name=search_term_string"}],"inLanguage":"fr-FR"},{"@type":"Organization","@id":"https:\/\/www.cliniqueveterinairegrosbois.fr\/fr\/#organization","name":"Clinique v\u00e9t\u00e9rinaire de Grosbois","url":"https:\/\/www.cliniqueveterinairegrosbois.fr\/fr\/","logo":{"@type":"ImageObject","inLanguage":"fr-FR","@id":"https:\/\/www.cliniqueveterinairegrosbois.fr\/fr\/#\/schema\/logo\/image\/","url":"https:\/\/www.cliniqueveterinairegrosbois.fr\/wp-content\/uploads\/2021\/06\/Logo-ai.jpg","contentUrl":"https:\/\/www.cliniqueveterinairegrosbois.fr\/wp-content\/uploads\/2021\/06\/Logo-ai.jpg","width":1600,"height":1200,"caption":"Clinique v\u00e9t\u00e9rinaire de Grosbois"},"image":{"@id":"https:\/\/www.cliniqueveterinairegrosbois.fr\/fr\/#\/schema\/logo\/image\/"},"sameAs":["https:\/\/www.facebook.com\/cliniquegrosbois","https:\/\/www.instagram.com\/clinique.de.grosbois\/","https:\/\/fr.linkedin.com\/company\/clinique-veterinaire-de-grosbois"]}]}},"_links":{"self":[{"href":"https:\/\/www.cliniqueveterinairegrosbois.fr\/fr\/wp-json\/wp\/v2\/pages\/3211"}],"collection":[{"href":"https:\/\/www.cliniqueveterinairegrosbois.fr\/fr\/wp-json\/wp\/v2\/pages"}],"about":[{"href":"https:\/\/www.cliniqueveterinairegrosbois.fr\/fr\/wp-json\/wp\/v2\/types\/page"}],"author":[{"embeddable":true,"href":"https:\/\/www.cliniqueveterinairegrosbois.fr\/fr\/wp-json\/wp\/v2\/users\/2"}],"replies":[{"embeddable":true,"href":"https:\/\/www.cliniqueveterinairegrosbois.fr\/fr\/wp-json\/wp\/v2\/comments?post=3211"}],"version-history":[{"count":8,"href":"https:\/\/www.cliniqueveterinairegrosbois.fr\/fr\/wp-json\/wp\/v2\/pages\/3211\/revisions"}],"predecessor-version":[{"id":3212,"href":"https:\/\/www.cliniqueveterinairegrosbois.fr\/fr\/wp-json\/wp\/v2\/pages\/3211\/revisions\/3212"}],"up":[{"embeddable":true,"href":"https:\/\/www.cliniqueveterinairegrosbois.fr\/fr\/wp-json\/wp\/v2\/pages\/527"}],"wp:featuredmedia":[{"embeddable":true,"href":"https:\/\/www.cliniqueveterinairegrosbois.fr\/fr\/wp-json\/wp\/v2\/media\/3374"}],"wp:attachment":[{"href":"https:\/\/www.cliniqueveterinairegrosbois.fr\/fr\/wp-json\/wp\/v2\/media?parent=3211"}],"curies":[{"name":"wp","href":"https:\/\/api.w.org\/{rel}","templated":true}]}}