{"id":237,"date":"2021-01-04T13:40:05","date_gmt":"2021-01-04T13:40:05","guid":{"rendered":"https:\/\/www.cliniqueveterinairegrosbois.fr\/?page_id=237"},"modified":"2023-10-13T08:29:21","modified_gmt":"2023-10-13T06:29:21","slug":"equipe","status":"publish","type":"page","link":"https:\/\/www.cliniqueveterinairegrosbois.fr\/fr\/la-clinique\/equipe\/","title":{"rendered":"L\u2019\u00e9quipe"},"content":{"rendered":"\n<section class=\"page-banner-section no-banner-page-section\" itemprop=\"hasPart\" itemscope itemtype=\"https:\/\/schema.org\/WebPageElement\">\n  \n    <section class=\"block-grid-wrapper block-grid-for-core-heading banner-heading banner-heading-\">\n      \n      <div class=\"default-editor-content grid-for-core-heading grid-container\">\n        <div class=\"grid-x grid-padding-x align-center\">\n          <div class=\"cell\">\n                        <h1>L\u2019\u00e9quipe<\/h1>\n                      <\/div>\n        <\/div>\n      <\/div>\n    <\/section>\n\n  <\/section>\n\n\n<section class=\"block-grid-wrapper block-grid-for-core-heading\">\n      <div class=\"default-editor-content grid-for-core-heading grid-container\">\n        <div class=\"grid-x grid-padding-x align-center\">\n          <div class=\"cell\">\n            \n<h3 class=\"has-text-align-center wp-block-heading\">Nous avons \u00e0 c\u0153ur de soigner avec passion tous vos chevaux, du cheval de course au poney Shetland!  <\/h3>\n          <\/div>\n        <\/div>\n      <\/div>\n\n      <\/section>","protected":false},"excerpt":{"rendered":"<p>Nous avons \u00e0 c\u0153ur de soigner avec passion tous vos chevaux, du cheval de course au poney Shetland!<\/p>\n","protected":false},"author":1,"featured_media":0,"parent":1392,"menu_order":2,"comment_status":"closed","ping_status":"closed","template":"p-equipe.php","meta":{"_acf_changed":false,"footnotes":""},"acf":[],"yoast_head":"<!-- This site is optimized with the Yoast SEO plugin v23.3 - https:\/\/yoast.com\/wordpress\/plugins\/seo\/ -->\n<title>L\u2019\u00e9quipe - Clinique v\u00e9t\u00e9rinaire de Grosbois<\/title>\n<meta name=\"description\" content=\"D\u00e9couvrez l&#039;\u00e9quipe et les m\u00e9tiers de la Clinique de Grosbois : les v\u00e9t\u00e9rinaires, les infirmiers, le secr\u00e9tariat\" \/>\n<meta name=\"robots\" content=\"index, follow, max-snippet:-1, max-image-preview:large, max-video-preview:-1\" \/>\n<link rel=\"canonical\" href=\"http:\/\/www.cliniqueveterinairegrosbois.fr\/fr\/la-clinique\/equipe\/\" \/>\n<meta property=\"og:locale\" content=\"fr_FR\" \/>\n<meta property=\"og:type\" content=\"article\" \/>\n<meta property=\"og:title\" content=\"L\u2019\u00e9quipe - Clinique v\u00e9t\u00e9rinaire de Grosbois\" \/>\n<meta property=\"og:description\" content=\"D\u00e9couvrez l&#039;\u00e9quipe et les m\u00e9tiers de la Clinique de Grosbois : les v\u00e9t\u00e9rinaires, les infirmiers, le secr\u00e9tariat\" \/>\n<meta property=\"og:url\" content=\"http:\/\/www.cliniqueveterinairegrosbois.fr\/fr\/la-clinique\/equipe\/\" \/>\n<meta property=\"og:site_name\" content=\"Clinique v\u00e9t\u00e9rinaire de Grosbois\" \/>\n<meta property=\"article:publisher\" content=\"https:\/\/www.facebook.com\/cliniquegrosbois\" \/>\n<meta property=\"article:modified_time\" content=\"2023-10-13T06:29:21+00:00\" \/>\n<meta property=\"og:image\" content=\"https:\/\/www.cliniqueveterinairegrosbois.fr\/wp-content\/uploads\/2021\/06\/Logo-ai.jpg\" \/>\n\t<meta property=\"og:image:width\" content=\"1600\" \/>\n\t<meta property=\"og:image:height\" content=\"1200\" \/>\n\t<meta property=\"og:image:type\" content=\"image\/jpeg\" \/>\n<meta name=\"twitter:card\" content=\"summary_large_image\" \/>\n<meta name=\"twitter:label1\" content=\"Dur\u00e9e de lecture estim\u00e9e\" \/>\n\t<meta name=\"twitter:data1\" content=\"1 minute\" \/>\n<script type=\"application\/ld+json\" class=\"yoast-schema-graph\">{\"@context\":\"https:\/\/schema.org\",\"@graph\":[{\"@type\":\"WebPage\",\"@id\":\"http:\/\/www.cliniqueveterinairegrosbois.fr\/fr\/la-clinique\/equipe\/\",\"url\":\"http:\/\/www.cliniqueveterinairegrosbois.fr\/fr\/la-clinique\/equipe\/\",\"name\":\"L\u2019\u00e9quipe - Clinique v\u00e9t\u00e9rinaire de Grosbois\",\"isPartOf\":{\"@id\":\"https:\/\/www.cliniqueveterinairegrosbois.fr\/fr\/#website\"},\"datePublished\":\"2021-01-04T13:40:05+00:00\",\"dateModified\":\"2023-10-13T06:29:21+00:00\",\"description\":\"D\u00e9couvrez l'\u00e9quipe et les m\u00e9tiers de la Clinique de Grosbois : les v\u00e9t\u00e9rinaires, les infirmiers, le secr\u00e9tariat\",\"breadcrumb\":{\"@id\":\"http:\/\/www.cliniqueveterinairegrosbois.fr\/fr\/la-clinique\/equipe\/#breadcrumb\"},\"inLanguage\":\"fr-FR\",\"potentialAction\":[{\"@type\":\"ReadAction\",\"target\":[\"http:\/\/www.cliniqueveterinairegrosbois.fr\/fr\/la-clinique\/equipe\/\"]}]},{\"@type\":\"BreadcrumbList\",\"@id\":\"http:\/\/www.cliniqueveterinairegrosbois.fr\/fr\/la-clinique\/equipe\/#breadcrumb\",\"itemListElement\":[{\"@type\":\"ListItem\",\"position\":1,\"name\":\"Accueil\",\"item\":\"https:\/\/www.cliniqueveterinairegrosbois.fr\/fr\/\"},{\"@type\":\"ListItem\",\"position\":2,\"name\":\"La clinique\",\"item\":\"http:\/\/www.cliniqueveterinairegrosbois.fr\/fr\/la-clinique\/\"},{\"@type\":\"ListItem\",\"position\":3,\"name\":\"L\u2019\u00e9quipe\"}]},{\"@type\":\"WebSite\",\"@id\":\"https:\/\/www.cliniqueveterinairegrosbois.fr\/fr\/#website\",\"url\":\"https:\/\/www.cliniqueveterinairegrosbois.fr\/fr\/\",\"name\":\"Clinique v\u00e9t\u00e9rinaire de Grosbois\",\"description\":\"\",\"publisher\":{\"@id\":\"https:\/\/www.cliniqueveterinairegrosbois.fr\/fr\/#organization\"},\"potentialAction\":[{\"@type\":\"SearchAction\",\"target\":{\"@type\":\"EntryPoint\",\"urlTemplate\":\"https:\/\/www.cliniqueveterinairegrosbois.fr\/fr\/?s={search_term_string}\"},\"query-input\":\"required name=search_term_string\"}],\"inLanguage\":\"fr-FR\"},{\"@type\":\"Organization\",\"@id\":\"https:\/\/www.cliniqueveterinairegrosbois.fr\/fr\/#organization\",\"name\":\"Clinique v\u00e9t\u00e9rinaire de Grosbois\",\"url\":\"https:\/\/www.cliniqueveterinairegrosbois.fr\/fr\/\",\"logo\":{\"@type\":\"ImageObject\",\"inLanguage\":\"fr-FR\",\"@id\":\"https:\/\/www.cliniqueveterinairegrosbois.fr\/fr\/#\/schema\/logo\/image\/\",\"url\":\"https:\/\/www.cliniqueveterinairegrosbois.fr\/wp-content\/uploads\/2021\/06\/Logo-ai.jpg\",\"contentUrl\":\"https:\/\/www.cliniqueveterinairegrosbois.fr\/wp-content\/uploads\/2021\/06\/Logo-ai.jpg\",\"width\":1600,\"height\":1200,\"caption\":\"Clinique v\u00e9t\u00e9rinaire de Grosbois\"},\"image\":{\"@id\":\"https:\/\/www.cliniqueveterinairegrosbois.fr\/fr\/#\/schema\/logo\/image\/\"},\"sameAs\":[\"https:\/\/www.facebook.com\/cliniquegrosbois\",\"https:\/\/www.instagram.com\/clinique.de.grosbois\/\",\"https:\/\/fr.linkedin.com\/company\/clinique-veterinaire-de-grosbois\"]}]}<\/script>\n<!-- \/ Yoast SEO plugin. -->","yoast_head_json":{"title":"L\u2019\u00e9quipe - Clinique v\u00e9t\u00e9rinaire de Grosbois","description":"D\u00e9couvrez l'\u00e9quipe et les m\u00e9tiers de la Clinique de Grosbois : les v\u00e9t\u00e9rinaires, les infirmiers, le secr\u00e9tariat","robots":{"index":"index","follow":"follow","max-snippet":"max-snippet:-1","max-image-preview":"max-image-preview:large","max-video-preview":"max-video-preview:-1"},"canonical":"http:\/\/www.cliniqueveterinairegrosbois.fr\/fr\/la-clinique\/equipe\/","og_locale":"fr_FR","og_type":"article","og_title":"L\u2019\u00e9quipe - Clinique v\u00e9t\u00e9rinaire de Grosbois","og_description":"D\u00e9couvrez l'\u00e9quipe et les m\u00e9tiers de la Clinique de Grosbois : les v\u00e9t\u00e9rinaires, les infirmiers, le secr\u00e9tariat","og_url":"http:\/\/www.cliniqueveterinairegrosbois.fr\/fr\/la-clinique\/equipe\/","og_site_name":"Clinique v\u00e9t\u00e9rinaire de Grosbois","article_publisher":"https:\/\/www.facebook.com\/cliniquegrosbois","article_modified_time":"2023-10-13T06:29:21+00:00","og_image":[{"width":1600,"height":1200,"url":"https:\/\/www.cliniqueveterinairegrosbois.fr\/wp-content\/uploads\/2021\/06\/Logo-ai.jpg","type":"image\/jpeg"}],"twitter_card":"summary_large_image","twitter_misc":{"Dur\u00e9e de lecture estim\u00e9e":"1 minute"},"schema":{"@context":"https:\/\/schema.org","@graph":[{"@type":"WebPage","@id":"http:\/\/www.cliniqueveterinairegrosbois.fr\/fr\/la-clinique\/equipe\/","url":"http:\/\/www.cliniqueveterinairegrosbois.fr\/fr\/la-clinique\/equipe\/","name":"L\u2019\u00e9quipe - Clinique v\u00e9t\u00e9rinaire de Grosbois","isPartOf":{"@id":"https:\/\/www.cliniqueveterinairegrosbois.fr\/fr\/#website"},"datePublished":"2021-01-04T13:40:05+00:00","dateModified":"2023-10-13T06:29:21+00:00","description":"D\u00e9couvrez l'\u00e9quipe et les m\u00e9tiers de la Clinique de Grosbois : les v\u00e9t\u00e9rinaires, les infirmiers, le secr\u00e9tariat","breadcrumb":{"@id":"http:\/\/www.cliniqueveterinairegrosbois.fr\/fr\/la-clinique\/equipe\/#breadcrumb"},"inLanguage":"fr-FR","potentialAction":[{"@type":"ReadAction","target":["http:\/\/www.cliniqueveterinairegrosbois.fr\/fr\/la-clinique\/equipe\/"]}]},{"@type":"BreadcrumbList","@id":"http:\/\/www.cliniqueveterinairegrosbois.fr\/fr\/la-clinique\/equipe\/#breadcrumb","itemListElement":[{"@type":"ListItem","position":1,"name":"Accueil","item":"https:\/\/www.cliniqueveterinairegrosbois.fr\/fr\/"},{"@type":"ListItem","position":2,"name":"La clinique","item":"http:\/\/www.cliniqueveterinairegrosbois.fr\/fr\/la-clinique\/"},{"@type":"ListItem","position":3,"name":"L\u2019\u00e9quipe"}]},{"@type":"WebSite","@id":"https:\/\/www.cliniqueveterinairegrosbois.fr\/fr\/#website","url":"https:\/\/www.cliniqueveterinairegrosbois.fr\/fr\/","name":"Clinique v\u00e9t\u00e9rinaire de Grosbois","description":"","publisher":{"@id":"https:\/\/www.cliniqueveterinairegrosbois.fr\/fr\/#organization"},"potentialAction":[{"@type":"SearchAction","target":{"@type":"EntryPoint","urlTemplate":"https:\/\/www.cliniqueveterinairegrosbois.fr\/fr\/?s={search_term_string}"},"query-input":"required name=search_term_string"}],"inLanguage":"fr-FR"},{"@type":"Organization","@id":"https:\/\/www.cliniqueveterinairegrosbois.fr\/fr\/#organization","name":"Clinique v\u00e9t\u00e9rinaire de Grosbois","url":"https:\/\/www.cliniqueveterinairegrosbois.fr\/fr\/","logo":{"@type":"ImageObject","inLanguage":"fr-FR","@id":"https:\/\/www.cliniqueveterinairegrosbois.fr\/fr\/#\/schema\/logo\/image\/","url":"https:\/\/www.cliniqueveterinairegrosbois.fr\/wp-content\/uploads\/2021\/06\/Logo-ai.jpg","contentUrl":"https:\/\/www.cliniqueveterinairegrosbois.fr\/wp-content\/uploads\/2021\/06\/Logo-ai.jpg","width":1600,"height":1200,"caption":"Clinique v\u00e9t\u00e9rinaire de Grosbois"},"image":{"@id":"https:\/\/www.cliniqueveterinairegrosbois.fr\/fr\/#\/schema\/logo\/image\/"},"sameAs":["https:\/\/www.facebook.com\/cliniquegrosbois","https:\/\/www.instagram.com\/clinique.de.grosbois\/","https:\/\/fr.linkedin.com\/company\/clinique-veterinaire-de-grosbois"]}]}},"_links":{"self":[{"href":"https:\/\/www.cliniqueveterinairegrosbois.fr\/fr\/wp-json\/wp\/v2\/pages\/237"}],"collection":[{"href":"https:\/\/www.cliniqueveterinairegrosbois.fr\/fr\/wp-json\/wp\/v2\/pages"}],"about":[{"href":"https:\/\/www.cliniqueveterinairegrosbois.fr\/fr\/wp-json\/wp\/v2\/types\/page"}],"author":[{"embeddable":true,"href":"https:\/\/www.cliniqueveterinairegrosbois.fr\/fr\/wp-json\/wp\/v2\/users\/1"}],"replies":[{"embeddable":true,"href":"https:\/\/www.cliniqueveterinairegrosbois.fr\/fr\/wp-json\/wp\/v2\/comments?post=237"}],"version-history":[{"count":31,"href":"https:\/\/www.cliniqueveterinairegrosbois.fr\/fr\/wp-json\/wp\/v2\/pages\/237\/revisions"}],"predecessor-version":[{"id":238,"href":"https:\/\/www.cliniqueveterinairegrosbois.fr\/fr\/wp-json\/wp\/v2\/pages\/237\/revisions\/238"}],"up":[{"embeddable":true,"href":"https:\/\/www.cliniqueveterinairegrosbois.fr\/fr\/wp-json\/wp\/v2\/pages\/1392"}],"wp:attachment":[{"href":"https:\/\/www.cliniqueveterinairegrosbois.fr\/fr\/wp-json\/wp\/v2\/media?parent=237"}],"curies":[{"name":"wp","href":"https:\/\/api.w.org\/{rel}","templated":true}]}}