{"id":1195,"date":"2021-02-12T15:40:37","date_gmt":"2021-02-12T15:40:37","guid":{"rendered":"https:\/\/www.cliniqueveterinairegrosbois.fr\/?page_id=1195"},"modified":"2022-09-06T17:49:01","modified_gmt":"2022-09-06T15:49:01","slug":"visite-achat","status":"publish","type":"page","link":"https:\/\/www.cliniqueveterinairegrosbois.fr\/fr\/departements\/pathologie-locomotrice-et-imagerie\/visite-achat\/","title":{"rendered":"La visite d&rsquo;achat"},"content":{"rendered":"\n<section class=\"page-banner-section no-banner-page-section\" itemprop=\"hasPart\" itemscope itemtype=\"https:\/\/schema.org\/WebPageElement\">\n  \n    <section class=\"block-grid-wrapper block-grid-for-core-heading banner-heading banner-heading-\">\n      \n      <div class=\"default-editor-content grid-for-core-heading grid-container\">\n        <div class=\"grid-x grid-padding-x align-center\">\n          <div class=\"cell\">\n                        <h1>La visite d&rsquo;achat<\/h1>\n                      <\/div>\n        <\/div>\n      <\/div>\n    <\/section>\n\n  <\/section>\n\n\n<section class=\"block-grid-wrapper block-grid-for-core-paragraph\">\n      <div class=\"default-editor-content grid-for-core-paragraph grid-container\">\n        <div class=\"grid-x grid-padding-x align-center\">\n          <div class=\"cell\">\n            \n<p>L\u2019achat d\u2019un cheval est une d\u00e9cision importante, il s\u2019agit d\u2019un investissement de temps, d\u2019argent et d\u2019affectif. Souvent, plusieurs chevaux sont essay\u00e9s avant de trouver enfin l\u2019heureux \u00e9lu. Qu\u2019il s\u2019agisse d\u2019un cheval pour du loisir ou d\u2019un grand champion, vient la question c\u00e9l\u00e8bre \u00ab\u00a0Va t-il passer la visite\u00a0?\u00a0\u00bb. Le v\u00e9t\u00e9rinaire \u00e9quin intervient donc non pas pour \u00ab\u00a0accepter ou refuser\u00a0\u00bb le cheval mais pour identifier d\u2019\u00e9ventuelles anomalies et en discuter avec le futur acheteur pour qu\u2019il prenne une d\u00e9cision r\u00e9fl\u00e9chie en fonction des objectifs \u00e0 atteindre avec ce cheval<\/p>\n          <\/div>\n        <\/div>\n      <\/div>\n\n      <\/section>\n\n<section class=\"block-grid-wrapper block-grid-for-core-paragraph\">\n      <div class=\"default-editor-content grid-for-core-paragraph grid-container\">\n        <div class=\"grid-x grid-padding-x align-center\">\n          <div class=\"cell\">\n            \n<p>L\u2019achat d\u2019un cheval est le moment id\u00e9al pour rassembler autant d\u2019informations que possible sur l\u2019histoire, l\u2019exploitation et la sant\u00e9 actuelle du cheval. Concernant ce dernier \u00e9l\u00e9ment, un examen clinique exhaustif est requis, auquel s\u2019ajoutent des examens compl\u00e9mentaires d\u00e9termin\u00e9s en fonction de l\u2019examen clinique et dynamique ainsi que du niveau d\u2019investigation souhait\u00e9 par l\u2019acheteur. Radiographies, \u00e9chographie (dans certains cas, scintigraphie et IRM), endoscopie, ainsi que profil et test sanguins sont possibles. Munis de toutes ces informations, nous cherchons \u00e0 \u00e9valuer et donner un avis sur les risques \u00e9ventuels d\u2019apparition de futurs probl\u00e8mes de sant\u00e9. Une fois prise la d\u00e9cision d\u2019achat, l\u2019ensemble des informations recueillies au cours de cette visite est analys\u00e9 et sert de point de d\u00e9part pour g\u00e9rer l\u2019exploitation et le r\u00e9gime de travail optimal \u00e0 mettre en place.<\/p>\n          <\/div>\n        <\/div>\n      <\/div>\n\n      <\/section>\n\n<section class=\"block-grid-wrapper block-grid-for-core-paragraph\">\n      <div class=\"default-editor-content grid-for-core-paragraph grid-container\">\n        <div class=\"grid-x grid-padding-x align-center\">\n          <div class=\"cell\">\n            \n<p>Une bonne compr\u00e9hension des explications du v\u00e9t\u00e9rinaire est importante pour la prise de d\u00e9cision d\u2019achat. Il ne faut donc pas h\u00e9siter \u00e0 poser des questions en cas de doute. Lors de la discussion autour des r\u00e9sultats de la visite, l\u2019acheteur doit avoir certains points en m\u00e9moire\u00a0:<\/p>\n          <\/div>\n        <\/div>\n      <\/div>\n\n      <\/section>\n\n<section class=\"block-grid-wrapper block-grid-for-core-list\">\n      <div class=\"default-editor-content grid-for-core-list grid-container\">\n        <div class=\"grid-x grid-padding-x align-center\">\n          <div class=\"cell\">\n            \n<ul><li>aucun cheval n\u2019est parfait ; certains d\u00e9fauts d\u2019aplombs ou troubles m\u00e9dicaux peuvent \u00eatre g\u00e9r\u00e9s sans affecter la performance de fa\u00e7on significative<\/li><li>si certaines choses, telles qu\u2019une ferrure, un entra\u00eenement ou une alimentation sp\u00e9cialis\u00e9e sont n\u00e9cessaires, l\u2019acheteur doit juger de sa capacit\u00e9 \u00e0 les assumer d\u2019un point de vue pratique et financier<\/li><li>l\u2019acheteur doit prendre lui-m\u00eame et lui seul sa propre d\u00e9cision. L\u2019achat doit se baser sur l\u2019ensemble des donn\u00e9es disponibles ; or le v\u00e9t\u00e9rinaire ne pourra pas juger de l\u2019entente de l\u2019acheteur avec son cheval par exemple.<\/li><\/ul>\n          <\/div>\n        <\/div>\n      <\/div>\n\n      <\/section>\n\n<section class=\"block-grid-wrapper block-grid-for-core-paragraph\">\n      <div class=\"default-editor-content grid-for-core-paragraph grid-container\">\n        <div class=\"grid-x grid-padding-x align-center\">\n          <div class=\"cell\">\n            \n<p>M\u00eame si la d\u00e9cision de ne pas acheter le cheval est prise, il faut consid\u00e9rer la visite d\u2019achat comme un bon investissement. C\u2019est une d\u00e9pense qui peut \u00e9viter bien des tracas et autres d\u00e9penses et fournit une occasion id\u00e9ale de trouver le bon cheval, en bonne sant\u00e9 et qui r\u00e9pond \u00e0 ses propres attentes.<\/p>\n          <\/div>\n        <\/div>\n      <\/div>\n\n      <\/section>\n\n\n<section class=\"home-contact-section\" itemprop=\"hasPart\" itemscope itemtype=\"https:\/\/schema.org\/WebPageElement\">\n  <div class=\"grid-container\">\n    <div class=\"grid-x grid-padding-x\">\n\n      <div class=\"cell medium-7 map-text\">\n                  <p class=\"home-contact-subtitle\">plan d\u2019acc\u00e8s<\/p>\n        \n                  <h2 class=\"home-contact-title\">contact<\/h2>\n        \n                  <p class=\"map-details\">Centre d\u2019entra\u00eenement de Grosbois <br \/>\r\n94470 Boissy Saint-L\u00e9ger<\/p>\n        \n        <div class=\"info-wrapper\">\n          <div class=\"map-col\">\n            <p class=\"map-title\">Adresse GPS<\/p>\n            <p class=\"map-details\">46 avenue de Grosbois <br \/>\r\n94440 Marolles en Brie<\/p>\n          <\/div>\n\n          <div class=\"map-col\">\n            <p class=\"map-title\">Nous appeler<\/p>\n            <div class=\"wrapper\">\n              <span class=\"phone-title\">Secr\u00e9tariat:<\/span>\n              <a class=\"phone\" href=\"01 45 69 65 39\">01 45 69 65 39<\/a>\n            <\/div>\n\n            <div class=\"wrapper urgences\">\n              <span class=\"custom-phone-title\">Urgences:<\/span>\n              <a class=\"custom-phone\" href=\"06 21 65 56 64\">06 21 65 56 64<\/a>\n            <\/div>\n          <\/div>\n\n\n        <\/div>\n\n                  <a class=\"button is-style-link-internal-primary\" href=\"https:\/\/www.cliniqueveterinairegrosbois.fr\/fr\/contactez-nous\/\">infos pratiques<\/a>\n        \n      <\/div>\n\n    <\/div>\n  <\/div>\n\n  \n  <a class=\"map-link\" href=\"https:\/\/www.google.com\/maps\/place\/Clinique+V%C3%A9t%C3%A9rinaire+de+Grosbois\/@48.7318455,2.5232747,17z\/data=!3m1!4b1!4m5!3m4!1s0x47e60bd7e2138ad9:0x2dbaa1282c477434!8m2!3d48.7318455!4d2.5254687\" target=\"_blank\">\n    <div class=\"map-image\"  data-lazy-interchange=\"[https:\/\/www.cliniqueveterinairegrosbois.fr\/wp-content\/uploads\/2021\/01\/Map@2x.jpg, small]\" data-fade-in data-interchange-sizes=\"{&quot;small&quot;:{&quot;w&quot;:750,&quot;h&quot;:750}}\"  >\n      <meta itemprop=\"image\" content=\"https:\/\/www.cliniqueveterinairegrosbois.fr\/wp-content\/uploads\/2021\/01\/map.jpg\" \/>\n    <\/div>\n  <\/a>\n<\/section>\n","protected":false},"excerpt":{"rendered":"<p>L\u2019achat d\u2019un cheval est une d\u00e9cision importante, il s\u2019agit d\u2019un investissement de temps, d\u2019argent et d\u2019affectif. Souvent, plusieurs chevaux sont essay\u00e9s avant de trouver enfin l\u2019heureux \u00e9lu. Qu\u2019il s\u2019agisse d\u2019un cheval pour du loisir ou d\u2019un grand champion, vient la question c\u00e9l\u00e8bre \u00ab\u00a0Va t-il passer la visite\u00a0?\u00a0\u00bb. Le v\u00e9t\u00e9rinaire \u00e9quin intervient donc non pas pour [&hellip;]<\/p>\n","protected":false},"author":1,"featured_media":1144,"parent":533,"menu_order":0,"comment_status":"closed","ping_status":"closed","template":"","meta":{"_acf_changed":false,"footnotes":""},"acf":[],"yoast_head":"<!-- This site is optimized with the Yoast SEO plugin v23.3 - https:\/\/yoast.com\/wordpress\/plugins\/seo\/ -->\n<title>La visite d&#039;achat - Clinique v\u00e9t\u00e9rinaire de Grosbois<\/title>\n<meta name=\"description\" content=\"Poss\u00e9der un cheval peut \u00eatre un gros investissement, il est important d\u2019examiner tous les aspects de son futur achat.\" \/>\n<meta name=\"robots\" content=\"index, follow, max-snippet:-1, max-image-preview:large, max-video-preview:-1\" \/>\n<link rel=\"canonical\" href=\"https:\/\/www.cliniqueveterinairegrosbois.fr\/fr\/departements\/pathologie-locomotrice-et-imagerie\/visite-achat\/\" \/>\n<meta property=\"og:locale\" content=\"fr_FR\" \/>\n<meta property=\"og:type\" content=\"article\" \/>\n<meta property=\"og:title\" content=\"La visite d&#039;achat - Clinique v\u00e9t\u00e9rinaire de Grosbois\" \/>\n<meta property=\"og:description\" content=\"Poss\u00e9der un cheval peut \u00eatre un gros investissement, il est important d\u2019examiner tous les aspects de son futur achat.\" \/>\n<meta property=\"og:url\" content=\"https:\/\/www.cliniqueveterinairegrosbois.fr\/fr\/departements\/pathologie-locomotrice-et-imagerie\/visite-achat\/\" \/>\n<meta property=\"og:site_name\" content=\"Clinique v\u00e9t\u00e9rinaire de Grosbois\" \/>\n<meta property=\"article:publisher\" content=\"https:\/\/www.facebook.com\/cliniquegrosbois\" \/>\n<meta property=\"article:modified_time\" content=\"2022-09-06T15:49:01+00:00\" \/>\n<meta property=\"og:image\" content=\"https:\/\/www.cliniqueveterinairegrosbois.fr\/wp-content\/uploads\/2021\/02\/Image-1.png\" \/>\n\t<meta property=\"og:image:width\" content=\"1366\" \/>\n\t<meta property=\"og:image:height\" content=\"730\" \/>\n\t<meta property=\"og:image:type\" content=\"image\/png\" \/>\n<meta name=\"twitter:card\" content=\"summary_large_image\" \/>\n<meta name=\"twitter:label1\" content=\"Dur\u00e9e de lecture estim\u00e9e\" \/>\n\t<meta name=\"twitter:data1\" content=\"3 minutes\" \/>\n<script type=\"application\/ld+json\" class=\"yoast-schema-graph\">{\"@context\":\"https:\/\/schema.org\",\"@graph\":[{\"@type\":\"WebPage\",\"@id\":\"https:\/\/www.cliniqueveterinairegrosbois.fr\/fr\/departements\/pathologie-locomotrice-et-imagerie\/visite-achat\/\",\"url\":\"https:\/\/www.cliniqueveterinairegrosbois.fr\/fr\/departements\/pathologie-locomotrice-et-imagerie\/visite-achat\/\",\"name\":\"La visite d'achat - Clinique v\u00e9t\u00e9rinaire de Grosbois\",\"isPartOf\":{\"@id\":\"https:\/\/www.cliniqueveterinairegrosbois.fr\/fr\/#website\"},\"primaryImageOfPage\":{\"@id\":\"https:\/\/www.cliniqueveterinairegrosbois.fr\/fr\/departements\/pathologie-locomotrice-et-imagerie\/visite-achat\/#primaryimage\"},\"image\":{\"@id\":\"https:\/\/www.cliniqueveterinairegrosbois.fr\/fr\/departements\/pathologie-locomotrice-et-imagerie\/visite-achat\/#primaryimage\"},\"thumbnailUrl\":\"https:\/\/www.cliniqueveterinairegrosbois.fr\/wp-content\/uploads\/2021\/02\/Image-1.png\",\"datePublished\":\"2021-02-12T15:40:37+00:00\",\"dateModified\":\"2022-09-06T15:49:01+00:00\",\"description\":\"Poss\u00e9der un cheval peut \u00eatre un gros investissement, il est important d\u2019examiner tous les aspects de son futur achat.\",\"breadcrumb\":{\"@id\":\"https:\/\/www.cliniqueveterinairegrosbois.fr\/fr\/departements\/pathologie-locomotrice-et-imagerie\/visite-achat\/#breadcrumb\"},\"inLanguage\":\"fr-FR\",\"potentialAction\":[{\"@type\":\"ReadAction\",\"target\":[\"https:\/\/www.cliniqueveterinairegrosbois.fr\/fr\/departements\/pathologie-locomotrice-et-imagerie\/visite-achat\/\"]}]},{\"@type\":\"ImageObject\",\"inLanguage\":\"fr-FR\",\"@id\":\"https:\/\/www.cliniqueveterinairegrosbois.fr\/fr\/departements\/pathologie-locomotrice-et-imagerie\/visite-achat\/#primaryimage\",\"url\":\"https:\/\/www.cliniqueveterinairegrosbois.fr\/wp-content\/uploads\/2021\/02\/Image-1.png\",\"contentUrl\":\"https:\/\/www.cliniqueveterinairegrosbois.fr\/wp-content\/uploads\/2021\/02\/Image-1.png\",\"width\":1366,\"height\":730,\"caption\":\"Pathologie locomotrice - Visite d'achat\"},{\"@type\":\"BreadcrumbList\",\"@id\":\"https:\/\/www.cliniqueveterinairegrosbois.fr\/fr\/departements\/pathologie-locomotrice-et-imagerie\/visite-achat\/#breadcrumb\",\"itemListElement\":[{\"@type\":\"ListItem\",\"position\":1,\"name\":\"Accueil\",\"item\":\"https:\/\/www.cliniqueveterinairegrosbois.fr\/fr\/\"},{\"@type\":\"ListItem\",\"position\":2,\"name\":\"D\u00e9partements\",\"item\":\"https:\/\/www.cliniqueveterinairegrosbois.fr\/fr\/departements\/\"},{\"@type\":\"ListItem\",\"position\":3,\"name\":\"Pathologie locomotrice et imagerie\",\"item\":\"https:\/\/www.cliniqueveterinairegrosbois.fr\/fr\/departements\/pathologie-locomotrice-et-imagerie\/\"},{\"@type\":\"ListItem\",\"position\":4,\"name\":\"La visite d&rsquo;achat\"}]},{\"@type\":\"WebSite\",\"@id\":\"https:\/\/www.cliniqueveterinairegrosbois.fr\/fr\/#website\",\"url\":\"https:\/\/www.cliniqueveterinairegrosbois.fr\/fr\/\",\"name\":\"Clinique v\u00e9t\u00e9rinaire de Grosbois\",\"description\":\"\",\"publisher\":{\"@id\":\"https:\/\/www.cliniqueveterinairegrosbois.fr\/fr\/#organization\"},\"potentialAction\":[{\"@type\":\"SearchAction\",\"target\":{\"@type\":\"EntryPoint\",\"urlTemplate\":\"https:\/\/www.cliniqueveterinairegrosbois.fr\/fr\/?s={search_term_string}\"},\"query-input\":\"required name=search_term_string\"}],\"inLanguage\":\"fr-FR\"},{\"@type\":\"Organization\",\"@id\":\"https:\/\/www.cliniqueveterinairegrosbois.fr\/fr\/#organization\",\"name\":\"Clinique v\u00e9t\u00e9rinaire de Grosbois\",\"url\":\"https:\/\/www.cliniqueveterinairegrosbois.fr\/fr\/\",\"logo\":{\"@type\":\"ImageObject\",\"inLanguage\":\"fr-FR\",\"@id\":\"https:\/\/www.cliniqueveterinairegrosbois.fr\/fr\/#\/schema\/logo\/image\/\",\"url\":\"https:\/\/www.cliniqueveterinairegrosbois.fr\/wp-content\/uploads\/2021\/06\/Logo-ai.jpg\",\"contentUrl\":\"https:\/\/www.cliniqueveterinairegrosbois.fr\/wp-content\/uploads\/2021\/06\/Logo-ai.jpg\",\"width\":1600,\"height\":1200,\"caption\":\"Clinique v\u00e9t\u00e9rinaire de Grosbois\"},\"image\":{\"@id\":\"https:\/\/www.cliniqueveterinairegrosbois.fr\/fr\/#\/schema\/logo\/image\/\"},\"sameAs\":[\"https:\/\/www.facebook.com\/cliniquegrosbois\",\"https:\/\/www.instagram.com\/clinique.de.grosbois\/\",\"https:\/\/fr.linkedin.com\/company\/clinique-veterinaire-de-grosbois\"]}]}<\/script>\n<!-- \/ Yoast SEO plugin. -->","yoast_head_json":{"title":"La visite d'achat - Clinique v\u00e9t\u00e9rinaire de Grosbois","description":"Poss\u00e9der un cheval peut \u00eatre un gros investissement, il est important d\u2019examiner tous les aspects de son futur achat.","robots":{"index":"index","follow":"follow","max-snippet":"max-snippet:-1","max-image-preview":"max-image-preview:large","max-video-preview":"max-video-preview:-1"},"canonical":"https:\/\/www.cliniqueveterinairegrosbois.fr\/fr\/departements\/pathologie-locomotrice-et-imagerie\/visite-achat\/","og_locale":"fr_FR","og_type":"article","og_title":"La visite d'achat - Clinique v\u00e9t\u00e9rinaire de Grosbois","og_description":"Poss\u00e9der un cheval peut \u00eatre un gros investissement, il est important d\u2019examiner tous les aspects de son futur achat.","og_url":"https:\/\/www.cliniqueveterinairegrosbois.fr\/fr\/departements\/pathologie-locomotrice-et-imagerie\/visite-achat\/","og_site_name":"Clinique v\u00e9t\u00e9rinaire de Grosbois","article_publisher":"https:\/\/www.facebook.com\/cliniquegrosbois","article_modified_time":"2022-09-06T15:49:01+00:00","og_image":[{"width":1366,"height":730,"url":"https:\/\/www.cliniqueveterinairegrosbois.fr\/wp-content\/uploads\/2021\/02\/Image-1.png","type":"image\/png"}],"twitter_card":"summary_large_image","twitter_misc":{"Dur\u00e9e de lecture estim\u00e9e":"3 minutes"},"schema":{"@context":"https:\/\/schema.org","@graph":[{"@type":"WebPage","@id":"https:\/\/www.cliniqueveterinairegrosbois.fr\/fr\/departements\/pathologie-locomotrice-et-imagerie\/visite-achat\/","url":"https:\/\/www.cliniqueveterinairegrosbois.fr\/fr\/departements\/pathologie-locomotrice-et-imagerie\/visite-achat\/","name":"La visite d'achat - Clinique v\u00e9t\u00e9rinaire de Grosbois","isPartOf":{"@id":"https:\/\/www.cliniqueveterinairegrosbois.fr\/fr\/#website"},"primaryImageOfPage":{"@id":"https:\/\/www.cliniqueveterinairegrosbois.fr\/fr\/departements\/pathologie-locomotrice-et-imagerie\/visite-achat\/#primaryimage"},"image":{"@id":"https:\/\/www.cliniqueveterinairegrosbois.fr\/fr\/departements\/pathologie-locomotrice-et-imagerie\/visite-achat\/#primaryimage"},"thumbnailUrl":"https:\/\/www.cliniqueveterinairegrosbois.fr\/wp-content\/uploads\/2021\/02\/Image-1.png","datePublished":"2021-02-12T15:40:37+00:00","dateModified":"2022-09-06T15:49:01+00:00","description":"Poss\u00e9der un cheval peut \u00eatre un gros investissement, il est important d\u2019examiner tous les aspects de son futur achat.","breadcrumb":{"@id":"https:\/\/www.cliniqueveterinairegrosbois.fr\/fr\/departements\/pathologie-locomotrice-et-imagerie\/visite-achat\/#breadcrumb"},"inLanguage":"fr-FR","potentialAction":[{"@type":"ReadAction","target":["https:\/\/www.cliniqueveterinairegrosbois.fr\/fr\/departements\/pathologie-locomotrice-et-imagerie\/visite-achat\/"]}]},{"@type":"ImageObject","inLanguage":"fr-FR","@id":"https:\/\/www.cliniqueveterinairegrosbois.fr\/fr\/departements\/pathologie-locomotrice-et-imagerie\/visite-achat\/#primaryimage","url":"https:\/\/www.cliniqueveterinairegrosbois.fr\/wp-content\/uploads\/2021\/02\/Image-1.png","contentUrl":"https:\/\/www.cliniqueveterinairegrosbois.fr\/wp-content\/uploads\/2021\/02\/Image-1.png","width":1366,"height":730,"caption":"Pathologie locomotrice - Visite d'achat"},{"@type":"BreadcrumbList","@id":"https:\/\/www.cliniqueveterinairegrosbois.fr\/fr\/departements\/pathologie-locomotrice-et-imagerie\/visite-achat\/#breadcrumb","itemListElement":[{"@type":"ListItem","position":1,"name":"Accueil","item":"https:\/\/www.cliniqueveterinairegrosbois.fr\/fr\/"},{"@type":"ListItem","position":2,"name":"D\u00e9partements","item":"https:\/\/www.cliniqueveterinairegrosbois.fr\/fr\/departements\/"},{"@type":"ListItem","position":3,"name":"Pathologie locomotrice et imagerie","item":"https:\/\/www.cliniqueveterinairegrosbois.fr\/fr\/departements\/pathologie-locomotrice-et-imagerie\/"},{"@type":"ListItem","position":4,"name":"La visite d&rsquo;achat"}]},{"@type":"WebSite","@id":"https:\/\/www.cliniqueveterinairegrosbois.fr\/fr\/#website","url":"https:\/\/www.cliniqueveterinairegrosbois.fr\/fr\/","name":"Clinique v\u00e9t\u00e9rinaire de Grosbois","description":"","publisher":{"@id":"https:\/\/www.cliniqueveterinairegrosbois.fr\/fr\/#organization"},"potentialAction":[{"@type":"SearchAction","target":{"@type":"EntryPoint","urlTemplate":"https:\/\/www.cliniqueveterinairegrosbois.fr\/fr\/?s={search_term_string}"},"query-input":"required name=search_term_string"}],"inLanguage":"fr-FR"},{"@type":"Organization","@id":"https:\/\/www.cliniqueveterinairegrosbois.fr\/fr\/#organization","name":"Clinique v\u00e9t\u00e9rinaire de Grosbois","url":"https:\/\/www.cliniqueveterinairegrosbois.fr\/fr\/","logo":{"@type":"ImageObject","inLanguage":"fr-FR","@id":"https:\/\/www.cliniqueveterinairegrosbois.fr\/fr\/#\/schema\/logo\/image\/","url":"https:\/\/www.cliniqueveterinairegrosbois.fr\/wp-content\/uploads\/2021\/06\/Logo-ai.jpg","contentUrl":"https:\/\/www.cliniqueveterinairegrosbois.fr\/wp-content\/uploads\/2021\/06\/Logo-ai.jpg","width":1600,"height":1200,"caption":"Clinique v\u00e9t\u00e9rinaire de Grosbois"},"image":{"@id":"https:\/\/www.cliniqueveterinairegrosbois.fr\/fr\/#\/schema\/logo\/image\/"},"sameAs":["https:\/\/www.facebook.com\/cliniquegrosbois","https:\/\/www.instagram.com\/clinique.de.grosbois\/","https:\/\/fr.linkedin.com\/company\/clinique-veterinaire-de-grosbois"]}]}},"_links":{"self":[{"href":"https:\/\/www.cliniqueveterinairegrosbois.fr\/fr\/wp-json\/wp\/v2\/pages\/1195"}],"collection":[{"href":"https:\/\/www.cliniqueveterinairegrosbois.fr\/fr\/wp-json\/wp\/v2\/pages"}],"about":[{"href":"https:\/\/www.cliniqueveterinairegrosbois.fr\/fr\/wp-json\/wp\/v2\/types\/page"}],"author":[{"embeddable":true,"href":"https:\/\/www.cliniqueveterinairegrosbois.fr\/fr\/wp-json\/wp\/v2\/users\/1"}],"replies":[{"embeddable":true,"href":"https:\/\/www.cliniqueveterinairegrosbois.fr\/fr\/wp-json\/wp\/v2\/comments?post=1195"}],"version-history":[{"count":7,"href":"https:\/\/www.cliniqueveterinairegrosbois.fr\/fr\/wp-json\/wp\/v2\/pages\/1195\/revisions"}],"predecessor-version":[{"id":1196,"href":"https:\/\/www.cliniqueveterinairegrosbois.fr\/fr\/wp-json\/wp\/v2\/pages\/1195\/revisions\/1196"}],"up":[{"embeddable":true,"href":"https:\/\/www.cliniqueveterinairegrosbois.fr\/fr\/wp-json\/wp\/v2\/pages\/533"}],"wp:featuredmedia":[{"embeddable":true,"href":"https:\/\/www.cliniqueveterinairegrosbois.fr\/fr\/wp-json\/wp\/v2\/media\/1144"}],"wp:attachment":[{"href":"https:\/\/www.cliniqueveterinairegrosbois.fr\/fr\/wp-json\/wp\/v2\/media?parent=1195"}],"curies":[{"name":"wp","href":"https:\/\/api.w.org\/{rel}","templated":true}]}}